{"id":3195,"date":"2025-06-26T12:49:48","date_gmt":"2025-06-26T11:49:48","guid":{"rendered":"https:\/\/enwa.com\/?page_id=3195"},"modified":"2026-01-29T10:23:11","modified_gmt":"2026-01-29T09:23:11","slug":"whistleblower","status":"publish","type":"page","link":"https:\/\/enwa.com\/de\/whistleblower\/","title":{"rendered":"Whistleblower-Politik"},"content":{"rendered":"<div data-elementor-type=\"wp-page\" data-elementor-id=\"3195\" class=\"elementor elementor-3195\" data-elementor-post-type=\"page\">\n\t\t\t\t<div class=\"elementor-element elementor-element-62087b5 e-con-full e-flex e-con e-parent\" data-id=\"62087b5\" data-element_type=\"container\" data-e-type=\"container\">\n\t\t\t\t<div class=\"elementor-element elementor-element-f96b70d elementor-widget elementor-widget-template\" data-id=\"f96b70d\" data-element_type=\"widget\" data-e-type=\"widget\" data-widget_type=\"template.default\">\n\t\t\t\t<div class=\"elementor-widget-container\">\n\t\t\t\t\t\t\t<div class=\"elementor-template\">\n\t\t\t\t\t<div data-elementor-type=\"container\" data-elementor-id=\"3838\" class=\"elementor elementor-3838\" data-elementor-post-type=\"elementor_library\">\n\t\t\t\t<div class=\"elementor-element elementor-element-568de1f8 e-con-full e-flex e-con e-parent\" data-id=\"568de1f8\" data-element_type=\"container\" data-e-type=\"container\">\n\t\t<div class=\"elementor-element elementor-element-70938ca9 e-con-full e-flex e-con e-child\" data-id=\"70938ca9\" data-element_type=\"container\" data-e-type=\"container\" data-settings=\"{&quot;background_background&quot;:&quot;classic&quot;}\">\n\t\t\t\t<\/div>\n\t\t<div class=\"elementor-element elementor-element-3c2af2fb e-flex e-con-boxed e-con e-child\" data-id=\"3c2af2fb\" data-element_type=\"container\" data-e-type=\"container\" data-settings=\"{&quot;background_background&quot;:&quot;classic&quot;}\">\n\t\t\t\t\t<div class=\"e-con-inner\">\n\t\t<div class=\"elementor-element elementor-element-54c5f433 e-flex e-con-boxed e-con e-child\" data-id=\"54c5f433\" data-element_type=\"container\" data-e-type=\"container\" data-settings=\"{&quot;background_background&quot;:&quot;classic&quot;}\">\n\t\t\t\t\t<div class=\"e-con-inner\">\n\t\t<div class=\"elementor-element elementor-element-fa9a423 e-con-full e-flex e-con e-child\" data-id=\"fa9a423\" data-element_type=\"container\" data-e-type=\"container\">\n\t\t\t\t<div class=\"elementor-element elementor-element-45f5bf7e elementor-widget elementor-widget-global elementor-global-3688 elementor-widget-shortcode\" data-id=\"45f5bf7e\" data-element_type=\"widget\" data-e-type=\"widget\" data-widget_type=\"shortcode.default\">\n\t\t\t\t<div class=\"elementor-widget-container\">\n\t\t\t\t\t\t\t<div class=\"elementor-shortcode\"><nav aria-label=\"Semmelbr\u00f6sel\" class=\"rank-math-breadcrumb\"><p><span class=\"last\">Startseite<\/span><\/p><\/nav><\/div>\n\t\t\t\t\t\t<\/div>\n\t\t\t\t<\/div>\n\t\t\t\t<\/div>\n\t\t<div class=\"elementor-element elementor-element-ab13397 e-flex e-con-boxed e-con e-child\" data-id=\"ab13397\" data-element_type=\"container\" data-e-type=\"container\" data-settings=\"{&quot;background_background&quot;:&quot;classic&quot;}\">\n\t\t\t\t\t<div class=\"e-con-inner\">\n\t\t<div class=\"elementor-element elementor-element-f5bb872 e-con-full e-flex e-con e-child\" data-id=\"f5bb872\" data-element_type=\"container\" data-e-type=\"container\" data-settings=\"{&quot;background_background&quot;:&quot;classic&quot;}\">\n\t\t\t\t<\/div>\n\t\t\t\t<div class=\"elementor-element elementor-element-45b18d23 elementor-widget__width-initial dc-has-condition dc-condition-empty elementor-widget elementor-widget-text-editor\" data-id=\"45b18d23\" data-element_type=\"widget\" data-e-type=\"widget\" data-widget_type=\"text-editor.default\">\n\t\t\t\t<div class=\"elementor-widget-container\">\n\t\t\t\t\t\t\t\t\tBei Enwa sind wir bestrebt, eine transparente Gesch\u00e4ftskultur zu f\u00f6rdern und die h\u00f6chsten Standards f\u00fcr ethisches Verhalten einzuhalten.\t\t\t\t\t\t\t\t<\/div>\n\t\t\t\t<\/div>\n\t\t\t\t\t<\/div>\n\t\t\t\t<\/div>\n\t\t\t\t\t<\/div>\n\t\t\t\t<\/div>\n\t\t\t\t\t<\/div>\n\t\t\t\t<\/div>\n\t\t\t\t<\/div>\n\t\t\t\t<\/div>\n\t\t\t\t<\/div>\n\t\t\t\t\t\t<\/div>\n\t\t\t\t<\/div>\n\t\t\t\t<\/div>\n\t\t<div class=\"elementor-element elementor-element-acdedd5 e-flex e-con-boxed e-con e-parent\" data-id=\"acdedd5\" data-element_type=\"container\" data-e-type=\"container\">\n\t\t\t\t\t<div class=\"e-con-inner\">\n\t\t<div class=\"elementor-element elementor-element-13ee2f9 e-con-full e-flex e-con e-child\" data-id=\"13ee2f9\" data-element_type=\"container\" data-e-type=\"container\">\n\t\t<div class=\"elementor-element elementor-element-32c2cea e-con-full e-flex e-con e-child\" data-id=\"32c2cea\" data-element_type=\"container\" data-e-type=\"container\">\n\t\t\t\t<div class=\"elementor-element elementor-element-6e8dc74 elementor-widget elementor-widget-text-editor\" data-id=\"6e8dc74\" data-element_type=\"widget\" data-e-type=\"widget\" data-widget_type=\"text-editor.default\">\n\t\t\t\t<div class=\"elementor-widget-container\">\n\t\t\t\t\t\t\t\t\t<h3>Ziel des Programms<\/h3><p>Bei Enwa sind wir bestrebt, eine transparente Gesch\u00e4ftskultur zu f\u00f6rdern und die h\u00f6chsten Standards f\u00fcr ethisches Verhalten einzuhalten.<\/p><p>Personen, die auf m\u00f6gliche Rechtsverst\u00f6\u00dfe oder Probleme aufmerksam werden, die dem \u00f6ffentlichen Interesse dienen, werden ermutigt, diese zu melden. Whistleblower sind vor Vergeltungsma\u00dfnahmen gesch\u00fctzt und k\u00f6nnen anonym bleiben.<\/p><h3>Welche Probleme k\u00f6nnen gemeldet werden?<\/h3><ul><li>Aktivit\u00e4ten, die gegen gesetzliche Vorschriften versto\u00dfen<\/li><li>Fehlverhalten, wenn die Ver\u00f6ffentlichung im \u00f6ffentlichen Interesse gerechtfertigt ist<\/li><\/ul><p>Meldungen, die nicht unter diese Kategorien fallen, sollten im Rahmen der internen Verfahren und Richtlinien von Enwa behandelt werden.<\/p>\t\t\t\t\t\t\t\t<\/div>\n\t\t\t\t<\/div>\n\t\t\t\t<\/div>\n\t\t<div class=\"elementor-element elementor-element-6be9b5f e-con-full e-flex e-con e-child\" data-id=\"6be9b5f\" data-element_type=\"container\" data-e-type=\"container\">\n\t\t\t\t<div class=\"elementor-element elementor-element-ae99955 elementor-widget elementor-widget-text-editor\" data-id=\"ae99955\" data-element_type=\"widget\" data-e-type=\"widget\" data-widget_type=\"text-editor.default\">\n\t\t\t\t<div class=\"elementor-widget-container\">\n\t\t\t\t\t\t\t\t\t<h3>Wer ist meldeberechtigt?<\/h3><ul><li>Mitarbeiter<\/li><li>Praktikanten<\/li><li>Berater und Unterauftragnehmer<\/li><li>Aktiv am Unternehmen beteiligte Aktion\u00e4re<\/li><li>Stellenbewerber<\/li><li>Mitglieder der Leitungs-, Gesch\u00e4ftsf\u00fchrungs- oder Aufsichtsorgane des Unternehmens<\/li><\/ul><h3>Prozess der Berichterstattung<\/h3><p>Wenn Sie ein Anliegen haben, das Enwa betrifft, sollte Ihr erster Ansprechpartner Ihr Vorgesetzter, die Personalabteilung oder ein Mitglied des F\u00fchrungsteams sein.<\/p><p>Als Teil der Skion Water Group nutzt Enwa Safecall, um alle Whistleblowing-Meldungen zu verwalten, die direkt an Skion weitergeleitet werden.<\/p><p>F\u00fcr diejenigen, die eine anonyme Meldung machen m\u00f6chten, bietet die Skion Water Group einen vertraulichen Whistleblowing-Service an, der die Kommunikation in ihrer Muttersprache unterst\u00fctzt.<\/p><p>Um eine Meldung einzureichen, verwenden Sie bitte den unten angegebenen Link.<\/p>\t\t\t\t\t\t\t\t<\/div>\n\t\t\t\t<\/div>\n\t\t\t\t<\/div>\n\t\t\t\t<\/div>\n\t\t\t\t\t<\/div>\n\t\t\t\t<\/div>\n\t\t<div class=\"elementor-element elementor-element-18773ef e-flex e-con-boxed e-con e-parent\" data-id=\"18773ef\" data-element_type=\"container\" data-e-type=\"container\">\n\t\t\t\t\t<div class=\"e-con-inner\">\n\t\t<div class=\"elementor-element elementor-element-760ec64 e-con-full e-flex e-con e-child\" data-id=\"760ec64\" data-element_type=\"container\" data-e-type=\"container\" data-settings=\"{&quot;background_background&quot;:&quot;video&quot;}\">\n\t\t<div class=\"elementor-element elementor-element-7f9bd42 e-con-full e-flex e-con e-child\" data-id=\"7f9bd42\" data-element_type=\"container\" data-e-type=\"container\" data-settings=\"{&quot;background_background&quot;:&quot;classic&quot;}\">\n\t\t\t\t<div class=\"elementor-element elementor-element-1c94e7b elementor-widget elementor-widget-image\" data-id=\"1c94e7b\" data-element_type=\"widget\" data-e-type=\"widget\" data-widget_type=\"image.default\">\n\t\t\t\t<div class=\"elementor-widget-container\">\n\t\t\t\t\t\t\t\t\t\t\t\t\t\t\t<img decoding=\"async\" src=\"https:\/\/enwa.com\/wp-content\/uploads\/2025\/11\/skarmbild-2025-10-28-163435.webp\" title=\"Sk\u00e4rmbild 2025-10-28 163435\" alt=\"Sk\u00e4rmbild 2025-10-28 163435\" loading=\"lazy\" \/>\t\t\t\t\t\t\t\t\t\t\t\t\t\t\t<\/div>\n\t\t\t\t<\/div>\n\t\t<div class=\"elementor-element elementor-element-e1b3de3 e-con-full e-flex e-con e-child\" data-id=\"e1b3de3\" data-element_type=\"container\" data-e-type=\"container\">\n\t\t\t\t<div class=\"elementor-element elementor-element-669e74e elementor-widget elementor-widget-heading\" data-id=\"669e74e\" data-element_type=\"widget\" data-e-type=\"widget\" data-widget_type=\"heading.default\">\n\t\t\t\t<div class=\"elementor-widget-container\">\n\t\t\t\t\t<h2 class=\"elementor-heading-title elementor-size-default\">Whistleblowing Enwa<\/h2>\t\t\t\t<\/div>\n\t\t\t\t<\/div>\n\t\t\t\t<div class=\"elementor-element elementor-element-21594d4 elementor-widget elementor-widget-heading\" data-id=\"21594d4\" data-element_type=\"widget\" data-e-type=\"widget\" data-widget_type=\"heading.default\">\n\t\t\t\t<div class=\"elementor-widget-container\">\n\t\t\t\t\t<h2 class=\"elementor-heading-title elementor-size-default\">STIMMEN AUF<\/h2>\t\t\t\t<\/div>\n\t\t\t\t<\/div>\n\t\t\t\t<div class=\"elementor-element elementor-element-181100b elementor-widget elementor-widget-text-editor\" data-id=\"181100b\" data-element_type=\"widget\" data-e-type=\"widget\" data-widget_type=\"text-editor.default\">\n\t\t\t\t<div class=\"elementor-widget-container\">\n\t\t\t\t\t\t\t\t\t<p>Wenn Sie ernsthafte Bedenken wegen eines Fehlverhaltens am Arbeitsplatz haben, melden Sie es Ihrem n\u00e4chsten Vorgesetzten oder der Personalabteilung, sprechen Sie mit einem leitenden Angestellten oder wenden Sie sich an Safecall.<\/p>\t\t\t\t\t\t\t\t<\/div>\n\t\t\t\t<\/div>\n\t\t\t\t<div class=\"elementor-element elementor-element-c77a1bf elementor-align-left elementor-mobile-align-justify elementor-widget-mobile__width-inherit elementor-tablet-align-center elementor-widget elementor-widget-button\" data-id=\"c77a1bf\" data-element_type=\"widget\" data-e-type=\"widget\" data-widget_type=\"button.default\">\n\t\t\t\t<div class=\"elementor-widget-container\">\n\t\t\t\t\t\t\t\t\t<div class=\"elementor-button-wrapper\">\n\t\t\t\t\t<a class=\"elementor-button elementor-button-link elementor-size-sm\" href=\"https:\/\/www.safecall.co.uk\/clients\/skionwater\/\" target=\"_blank\" rel=\"noopener\">\n\t\t\t\t\t\t<span class=\"elementor-button-content-wrapper\">\n\t\t\t\t\t\t\t\t\t<span class=\"elementor-button-text\">Einen Bericht erstellen<\/span>\n\t\t\t\t\t<\/span>\n\t\t\t\t\t<\/a>\n\t\t\t\t<\/div>\n\t\t\t\t\t\t\t\t<\/div>\n\t\t\t\t<\/div>\n\t\t\t\t<\/div>\n\t\t\t\t<\/div>\n\t\t\t\t<\/div>\n\t\t\t\t\t<\/div>\n\t\t\t\t<\/div>\n\t\t\t\t<\/div>","protected":false},"excerpt":{"rendered":"<p>Bei Enwa sind wir bestrebt, eine transparente Gesch\u00e4ftskultur zu f\u00f6rdern und die h\u00f6chsten Standards f\u00fcr ethisches Verhalten einzuhalten.<\/p>","protected":false},"author":1,"featured_media":0,"parent":0,"menu_order":0,"comment_status":"closed","ping_status":"closed","template":"","meta":{"_acf_changed":false,"footnotes":""},"class_list":["post-3195","page","type-page","status-publish","hentry"],"acf":[],"_links":{"self":[{"href":"https:\/\/enwa.com\/de\/wp-json\/wp\/v2\/pages\/3195","targetHints":{"allow":["GET"]}}],"collection":[{"href":"https:\/\/enwa.com\/de\/wp-json\/wp\/v2\/pages"}],"about":[{"href":"https:\/\/enwa.com\/de\/wp-json\/wp\/v2\/types\/page"}],"author":[{"embeddable":true,"href":"https:\/\/enwa.com\/de\/wp-json\/wp\/v2\/users\/1"}],"replies":[{"embeddable":true,"href":"https:\/\/enwa.com\/de\/wp-json\/wp\/v2\/comments?post=3195"}],"version-history":[{"count":7,"href":"https:\/\/enwa.com\/de\/wp-json\/wp\/v2\/pages\/3195\/revisions"}],"predecessor-version":[{"id":9367,"href":"https:\/\/enwa.com\/de\/wp-json\/wp\/v2\/pages\/3195\/revisions\/9367"}],"wp:attachment":[{"href":"https:\/\/enwa.com\/de\/wp-json\/wp\/v2\/media?parent=3195"}],"curies":[{"name":"wp","href":"https:\/\/api.w.org\/{rel}","templated":true}]}}