{"id":3211,"date":"2025-06-26T12:54:23","date_gmt":"2025-06-26T11:54:23","guid":{"rendered":"https:\/\/enwa.com\/?page_id=3211"},"modified":"2025-09-18T14:51:46","modified_gmt":"2025-09-18T13:51:46","slug":"code-of-conduct","status":"publish","type":"page","link":"https:\/\/enwa.com\/de\/code-of-conduct\/","title":{"rendered":"Verhaltenskodex"},"content":{"rendered":"<div data-elementor-type=\"wp-page\" data-elementor-id=\"3211\" class=\"elementor elementor-3211\" data-elementor-post-type=\"page\">\n\t\t\t\t<div class=\"elementor-element elementor-element-62087b5 e-con-full e-flex e-con e-parent\" data-id=\"62087b5\" data-element_type=\"container\" data-e-type=\"container\">\n\t\t\t\t<div class=\"elementor-element elementor-element-f96b70d elementor-widget elementor-widget-template\" data-id=\"f96b70d\" data-element_type=\"widget\" data-e-type=\"widget\" data-widget_type=\"template.default\">\n\t\t\t\t<div class=\"elementor-widget-container\">\n\t\t\t\t\t\t\t<div class=\"elementor-template\">\n\t\t\t\t\t<div data-elementor-type=\"container\" data-elementor-id=\"3155\" class=\"elementor elementor-3155\" data-elementor-post-type=\"elementor_library\">\n\t\t\t\t<div class=\"elementor-element elementor-element-19fb5812 e-con-full e-flex e-con e-parent\" data-id=\"19fb5812\" data-element_type=\"container\" data-e-type=\"container\">\n\t\t<div class=\"elementor-element elementor-element-5c000f2b e-con-full e-flex e-con e-child\" data-id=\"5c000f2b\" data-element_type=\"container\" data-e-type=\"container\" data-settings=\"{&quot;background_background&quot;:&quot;classic&quot;}\">\n\t\t\t\t<\/div>\n\t\t<div class=\"elementor-element elementor-element-33961fb3 e-flex e-con-boxed e-con e-child\" data-id=\"33961fb3\" data-element_type=\"container\" data-e-type=\"container\" data-settings=\"{&quot;background_background&quot;:&quot;classic&quot;}\">\n\t\t\t\t\t<div class=\"e-con-inner\">\n\t\t<div class=\"elementor-element elementor-element-9e14839 e-flex e-con-boxed e-con e-child\" data-id=\"9e14839\" data-element_type=\"container\" data-e-type=\"container\" data-settings=\"{&quot;background_background&quot;:&quot;classic&quot;}\">\n\t\t\t\t\t<div class=\"e-con-inner\">\n\t\t\t\t<div class=\"elementor-element elementor-element-4492be94 elementor-widget elementor-widget-heading\" data-id=\"4492be94\" data-element_type=\"widget\" data-e-type=\"widget\" data-widget_type=\"heading.default\">\n\t\t\t\t<div class=\"elementor-widget-container\">\n\t\t\t\t\t<h1 class=\"elementor-heading-title elementor-size-default\">Verhaltenskodex<\/h1>\t\t\t\t<\/div>\n\t\t\t\t<\/div>\n\t\t<div class=\"elementor-element elementor-element-d2de323 e-con-full e-flex e-con e-child\" data-id=\"d2de323\" data-element_type=\"container\" data-e-type=\"container\" data-settings=\"{&quot;background_background&quot;:&quot;classic&quot;}\">\n\t\t\t\t<\/div>\n\t\t\t\t<div class=\"elementor-element elementor-element-3e1b4280 elementor-widget__width-initial elementor-widget elementor-widget-text-editor\" data-id=\"3e1b4280\" data-element_type=\"widget\" data-e-type=\"widget\" data-widget_type=\"text-editor.default\">\n\t\t\t\t<div class=\"elementor-widget-container\">\n\t\t\t\t\t\t\t\t\tWir bei Enwa glauben an Nachhaltigkeit durch soziale Verantwortung und sind der festen \u00dcberzeugung, dass wir unser Gesch\u00e4ftsmodell gemeinsam sozial und \u00f6kologisch nachhaltig gestalten und gleichzeitig langfristige wirtschaftliche Nachhaltigkeit erreichen k\u00f6nnen.\t\t\t\t\t\t\t\t<\/div>\n\t\t\t\t<\/div>\n\t\t\t\t\t<\/div>\n\t\t\t\t<\/div>\n\t\t\t\t\t<\/div>\n\t\t\t\t<\/div>\n\t\t\t\t<\/div>\n\t\t\t\t<\/div>\n\t\t\t\t<\/div>\n\t\t\t\t\t\t<\/div>\n\t\t\t\t<\/div>\n\t\t\t\t<\/div>\n\t\t<div class=\"elementor-element elementor-element-3013290 e-flex e-con-boxed e-con e-parent\" data-id=\"3013290\" data-element_type=\"container\" data-e-type=\"container\">\n\t\t\t\t\t<div class=\"e-con-inner\">\n\t\t\t\t<div class=\"elementor-element elementor-element-fec76d4 elementor-widget elementor-widget-heading\" data-id=\"fec76d4\" data-element_type=\"widget\" data-e-type=\"widget\" data-widget_type=\"heading.default\">\n\t\t\t\t<div class=\"elementor-widget-container\">\n\t\t\t\t\t<h2 class=\"elementor-heading-title elementor-size-default\">Ethik bei Enwa<\/h2>\t\t\t\t<\/div>\n\t\t\t\t<\/div>\n\t\t\t\t<div class=\"elementor-element elementor-element-81c9f0a elementor-widget elementor-widget-text-editor\" data-id=\"81c9f0a\" data-element_type=\"widget\" data-e-type=\"widget\" data-widget_type=\"text-editor.default\">\n\t\t\t\t<div class=\"elementor-widget-container\">\n\t\t\t\t\t\t\t\t\t<ul><li>Alle Mitarbeiter tragen dazu bei, den Ruf von Enwa zu verbessern<\/li><li>Wir schaffen ein gutes und offenes Arbeitsumfeld<\/li><li>Wir f\u00fchren keine Gespr\u00e4che oder machen keine Aussagen, die gegen Vertraulichkeitsvereinbarungen mit unseren Kunden oder Lieferanten versto\u00dfen w\u00fcrden.<\/li><li>Die Verpflichtung, Befehle und Anweisungen zu befolgen, ist keine Entschuldigung f\u00fcr unethisches oder rechtswidriges Handeln<\/li><li>Wir dulden keine Korruption oder Bestechung<\/li><li>Wir befolgen die festgelegten Regeln und Vorschriften und handeln gem\u00e4\u00df den ethischen Richtlinien von Enwa<\/li><\/ul><p>Die Gesch\u00e4ftsleitung\/der Vorstand, die die ethischen Richtlinien von Enwa ausgearbeitet haben, sind daf\u00fcr verantwortlich, diese auf allen Ebenen des Unternehmens zu kommunizieren und haben eine besondere Verantwortung, sie zu befolgen.<\/p>\t\t\t\t\t\t\t\t<\/div>\n\t\t\t\t<\/div>\n\t\t\t\t<div class=\"elementor-element elementor-element-5d4e91b elementor-widget elementor-widget-image\" data-id=\"5d4e91b\" data-element_type=\"widget\" data-e-type=\"widget\" data-widget_type=\"image.default\">\n\t\t\t\t<div class=\"elementor-widget-container\">\n\t\t\t\t\t\t\t\t\t\t\t\t\t\t\t<img decoding=\"async\" src=\"https:\/\/enwa.com\/wp-content\/uploads\/2025\/09\/enwagroup-codeofethicsandconduct-1.pdf\" title=\"\" alt=\"\" loading=\"lazy\" \/>\t\t\t\t\t\t\t\t\t\t\t\t\t\t\t<\/div>\n\t\t\t\t<\/div>\n\t\t\t\t<div class=\"elementor-element elementor-element-00bc62d elementor-widget-divider--view-line elementor-widget elementor-widget-divider\" data-id=\"00bc62d\" data-element_type=\"widget\" data-e-type=\"widget\" data-widget_type=\"divider.default\">\n\t\t\t\t<div class=\"elementor-widget-container\">\n\t\t\t\t\t\t\t<div class=\"elementor-divider\">\n\t\t\t<span class=\"elementor-divider-separator\">\n\t\t\t\t\t\t<\/span>\n\t\t<\/div>\n\t\t\t\t\t\t<\/div>\n\t\t\t\t<\/div>\n\t\t\t\t<div class=\"elementor-element elementor-element-b0fd155 elementor-widget elementor-widget-image\" data-id=\"b0fd155\" data-element_type=\"widget\" data-e-type=\"widget\" data-widget_type=\"image.default\">\n\t\t\t\t<div class=\"elementor-widget-container\">\n\t\t\t\t\t\t\t\t\t\t\t\t\t\t\t\t<a href=\"https:\/\/enwa.com\/wp-content\/uploads\/2025\/09\/enwagroup-codeofethicsandconduct-1.pdf\" target=\"_blank\">\n\t\t\t\t\t\t\t<img decoding=\"async\" src=\"https:\/\/enwa.com\/wp-content\/uploads\/2025\/09\/code_of_conduct_symbol.webp\" title=\"Verhaltenskodex_Symbol\" alt=\"Enwas-Verhaltenskodex PDF\" loading=\"lazy\" \/>\t\t\t\t\t\t\t\t<\/a>\n\t\t\t\t\t\t\t\t\t\t\t\t\t\t\t<\/div>\n\t\t\t\t<\/div>\n\t\t\t\t<div class=\"elementor-element elementor-element-bf7f48a elementor-widget elementor-widget-text-editor\" data-id=\"bf7f48a\" data-element_type=\"widget\" data-e-type=\"widget\" data-widget_type=\"text-editor.default\">\n\t\t\t\t<div class=\"elementor-widget-container\">\n\t\t\t\t\t\t\t\t\t<p>Weitere Informationen finden Sie im Ethik- und Verhaltenskodex von Enwa.<\/p>\t\t\t\t\t\t\t\t<\/div>\n\t\t\t\t<\/div>\n\t\t<div class=\"elementor-element elementor-element-5661b7a e-con-full e-flex e-con e-child\" data-id=\"5661b7a\" data-element_type=\"container\" data-e-type=\"container\">\n\t\t\t\t<\/div>\n\t\t\t\t\t<\/div>\n\t\t\t\t<\/div>\n\t\t\t\t<\/div>","protected":false},"excerpt":{"rendered":"<p>Wir bei Enwa glauben an Nachhaltigkeit durch soziale Verantwortung und sind der festen \u00dcberzeugung, dass wir unser Gesch\u00e4ftsmodell gemeinsam sozial und \u00f6kologisch nachhaltig gestalten und gleichzeitig langfristige wirtschaftliche Nachhaltigkeit erreichen k\u00f6nnen.<\/p>","protected":false},"author":1,"featured_media":0,"parent":0,"menu_order":0,"comment_status":"closed","ping_status":"closed","template":"","meta":{"_acf_changed":false,"footnotes":""},"class_list":["post-3211","page","type-page","status-publish","hentry"],"acf":[],"_links":{"self":[{"href":"https:\/\/enwa.com\/de\/wp-json\/wp\/v2\/pages\/3211","targetHints":{"allow":["GET"]}}],"collection":[{"href":"https:\/\/enwa.com\/de\/wp-json\/wp\/v2\/pages"}],"about":[{"href":"https:\/\/enwa.com\/de\/wp-json\/wp\/v2\/types\/page"}],"author":[{"embeddable":true,"href":"https:\/\/enwa.com\/de\/wp-json\/wp\/v2\/users\/1"}],"replies":[{"embeddable":true,"href":"https:\/\/enwa.com\/de\/wp-json\/wp\/v2\/comments?post=3211"}],"version-history":[{"count":0,"href":"https:\/\/enwa.com\/de\/wp-json\/wp\/v2\/pages\/3211\/revisions"}],"wp:attachment":[{"href":"https:\/\/enwa.com\/de\/wp-json\/wp\/v2\/media?parent=3211"}],"curies":[{"name":"wp","href":"https:\/\/api.w.org\/{rel}","templated":true}]}}