{"id":3213,"date":"2025-06-26T12:54:54","date_gmt":"2025-06-26T11:54:54","guid":{"rendered":"https:\/\/enwa.com\/?page_id=3213"},"modified":"2026-01-29T10:19:01","modified_gmt":"2026-01-29T09:19:01","slug":"gdpr","status":"publish","type":"page","link":"https:\/\/enwa.com\/de\/gdpr\/","title":{"rendered":"Datenschutzbestimmungen"},"content":{"rendered":"<div data-elementor-type=\"wp-page\" data-elementor-id=\"3213\" class=\"elementor elementor-3213\" data-elementor-post-type=\"page\">\n\t\t\t\t<div class=\"elementor-element elementor-element-62087b5 e-con-full e-flex e-con e-parent\" data-id=\"62087b5\" data-element_type=\"container\" data-e-type=\"container\">\n\t\t\t\t<div class=\"elementor-element elementor-element-f96b70d elementor-widget elementor-widget-template\" data-id=\"f96b70d\" data-element_type=\"widget\" data-e-type=\"widget\" data-widget_type=\"template.default\">\n\t\t\t\t<div class=\"elementor-widget-container\">\n\t\t\t\t\t\t\t<div class=\"elementor-template\">\n\t\t\t\t\t<div data-elementor-type=\"container\" data-elementor-id=\"3155\" class=\"elementor elementor-3155\" data-elementor-post-type=\"elementor_library\">\n\t\t\t\t<div class=\"elementor-element elementor-element-19fb5812 e-con-full e-flex e-con e-parent\" data-id=\"19fb5812\" data-element_type=\"container\" data-e-type=\"container\">\n\t\t<div class=\"elementor-element elementor-element-5c000f2b e-con-full e-flex e-con e-child\" data-id=\"5c000f2b\" data-element_type=\"container\" data-e-type=\"container\" data-settings=\"{&quot;background_background&quot;:&quot;classic&quot;}\">\n\t\t\t\t<\/div>\n\t\t<div class=\"elementor-element elementor-element-33961fb3 e-flex e-con-boxed e-con e-child\" data-id=\"33961fb3\" data-element_type=\"container\" data-e-type=\"container\" data-settings=\"{&quot;background_background&quot;:&quot;classic&quot;}\">\n\t\t\t\t\t<div class=\"e-con-inner\">\n\t\t<div class=\"elementor-element elementor-element-9e14839 e-flex e-con-boxed e-con e-child\" data-id=\"9e14839\" data-element_type=\"container\" data-e-type=\"container\" data-settings=\"{&quot;background_background&quot;:&quot;classic&quot;}\">\n\t\t\t\t\t<div class=\"e-con-inner\">\n\t\t\t\t<div class=\"elementor-element elementor-element-4492be94 elementor-widget elementor-widget-heading\" data-id=\"4492be94\" data-element_type=\"widget\" data-e-type=\"widget\" data-widget_type=\"heading.default\">\n\t\t\t\t<div class=\"elementor-widget-container\">\n\t\t\t\t\t<h1 class=\"elementor-heading-title elementor-size-default\">Datenschutzbestimmungen<\/h1>\t\t\t\t<\/div>\n\t\t\t\t<\/div>\n\t\t<div class=\"elementor-element elementor-element-d2de323 e-con-full e-flex e-con e-child\" data-id=\"d2de323\" data-element_type=\"container\" data-e-type=\"container\" data-settings=\"{&quot;background_background&quot;:&quot;classic&quot;}\">\n\t\t\t\t<\/div>\n\t\t\t\t<div class=\"elementor-element elementor-element-3e1b4280 elementor-widget__width-initial elementor-widget elementor-widget-text-editor\" data-id=\"3e1b4280\" data-element_type=\"widget\" data-e-type=\"widget\" data-widget_type=\"text-editor.default\">\n\t\t\t\t<div class=\"elementor-widget-container\">\n\t\t\t\t\t\t\t\t\tLesen Sie mehr \u00fcber die Datenschutzpolitik von Enwa. Wenn Sie Fragen dazu haben, wie wir Ihre personenbezogenen Daten verarbeiten, oder wenn Sie eines Ihrer hier beschriebenen Rechte aus\u00fcben m\u00f6chten, kontaktieren Sie uns bitte.\t\t\t\t\t\t\t\t<\/div>\n\t\t\t\t<\/div>\n\t\t\t\t\t<\/div>\n\t\t\t\t<\/div>\n\t\t\t\t\t<\/div>\n\t\t\t\t<\/div>\n\t\t\t\t<\/div>\n\t\t\t\t<\/div>\n\t\t\t\t<\/div>\n\t\t\t\t\t\t<\/div>\n\t\t\t\t<\/div>\n\t\t\t\t<\/div>\n\t\t<div class=\"elementor-element elementor-element-533e365 e-flex e-con-boxed e-con e-parent\" data-id=\"533e365\" data-element_type=\"container\" data-e-type=\"container\">\n\t\t\t\t\t<div class=\"e-con-inner\">\n\t\t\t\t<div class=\"elementor-element elementor-element-1170ae2 elementor-widget elementor-widget-text-editor\" data-id=\"1170ae2\" data-element_type=\"widget\" data-e-type=\"widget\" data-widget_type=\"text-editor.default\">\n\t\t\t\t<div class=\"elementor-widget-container\">\n\t\t\t\t\t\t\t\t\t<ol><li><strong> ZWECK<\/strong><br \/>Diese Anweisung fasst kurz die wichtigsten Regeln zusammen, die f\u00fcr alle Mitarbeiter und Vertragsbediensteten von Enwa Water Technology (Enwa Water Technology AB und Enwa Water Technology AS) gelten.<br \/><br \/><\/li><li><strong> ANLEITUNG<\/strong><p><strong><br \/>2.1 Hauptgrunds\u00e4tze<\/strong><\/p><\/li><\/ol><ul><li>Sammeln Sie nicht mehr personenbezogene Daten als n\u00f6tig und nur f\u00fcr einen bestimmten, vorher festgelegten Zweck.<\/li><li>Speichern Sie die Daten nicht l\u00e4nger als n\u00f6tig.<\/li><li>Sch\u00fctzen Sie die personenbezogenen Daten, mit denen Sie innerhalb des Unternehmens umgehen.<p><strong><br \/>2.2 Umgang mit personenbezogenen Daten<\/strong><\/p><\/li><\/ul><ul><li>Personenbezogene Daten nur dann erheben und verarbeiten, wenn dies erlaubt ist, z. B. durch eine Vereinbarung, eine Einwilligung oder eine gesetzliche Verpflichtung (gilt vor allem f\u00fcr F\u00fchrungskr\u00e4fte und die Personalabteilung).<\/li><li>Informieren Sie Personen, deren Daten Sie sammeln, z. B. Kunden oder Lieferanten.<\/li><li>Legen Sie im Voraus fest, wof\u00fcr die personenbezogenen Daten verwendet werden sollen, und verwenden Sie die Daten nicht f\u00fcr andere Zwecke. Wir k\u00f6nnen zum Beispiel nicht einfach Kundeninformationen ohne Genehmigung auf unserer Website ver\u00f6ffentlichen.<\/li><li>Erfassen Sie nicht mehr personenbezogene Daten als n\u00f6tig. Erfassen Sie niemals personenbezogene Daten \"nur f\u00fcr den Fall, dass sie n\u00fctzlich sein k\u00f6nnten\".<\/li><li>Sicherstellen, dass die pers\u00f6nlichen Daten korrekt und auf dem neuesten Stand sind. Halten Sie alle pers\u00f6nlichen\/abteilungsbezogenen Aufzeichnungen auf dem neuesten Stand. Dies gilt sowohl f\u00fcr Aufzeichnungen in Papierform als auch f\u00fcr solche, die auf Ihrem Computer gespeichert sind.<\/li><li>L\u00f6schen Sie pers\u00f6nliche Daten, die nicht mehr ben\u00f6tigt werden. Halten Sie alle pers\u00f6nlichen\/dienstlichen Aufzeichnungen auf dem neuesten Stand. Dies gilt sowohl f\u00fcr Aufzeichnungen in Papierform als auch f\u00fcr solche, die auf Ihrem Computer gespeichert sind.<\/li><li>Sch\u00fctzen Sie die Daten vor unbefugter Nutzung und unbefugtem Zugriff.<\/li><li>Umgang mit personenbezogenen Daten in E-Mails:<ul><li>Versenden Sie niemals sensible pers\u00f6nliche Daten per E-Mail, z. B. Informationen \u00fcber den Gesundheitszustand, religi\u00f6se \u00dcberzeugungen oder politische Ansichten einer Person.<\/li><li>\u00dcbertragen Sie personenbezogene Daten an andere Systeme und l\u00f6schen Sie die E-Mail.<\/li><li>Speichern Sie niemals E-Mails mit pers\u00f6nlichen Daten, \"nur f\u00fcr den Fall, dass sie n\u00fctzlich sein k\u00f6nnten\".<\/li><\/ul><\/li><\/ul>\t\t\t\t\t\t\t\t<\/div>\n\t\t\t\t<\/div>\n\t\t<div class=\"elementor-element elementor-element-8221cce e-con-full e-flex e-con e-child\" data-id=\"8221cce\" data-element_type=\"container\" data-e-type=\"container\" data-settings=\"{&quot;background_background&quot;:&quot;classic&quot;}\">\n\t\t\t\t<div class=\"elementor-element elementor-element-460f944 elementor-widget elementor-widget-heading\" data-id=\"460f944\" data-element_type=\"widget\" data-e-type=\"widget\" data-widget_type=\"heading.default\">\n\t\t\t\t<div class=\"elementor-widget-container\">\n\t\t\t\t\t<h3 class=\"elementor-heading-title elementor-size-default\">Wie k\u00f6nnen Sie mit uns in Kontakt treten?\n<\/h3>\t\t\t\t<\/div>\n\t\t\t\t<\/div>\n\t\t\t\t<div class=\"elementor-element elementor-element-ff86c87 elementor-widget elementor-widget-text-editor\" data-id=\"ff86c87\" data-element_type=\"widget\" data-e-type=\"widget\" data-widget_type=\"text-editor.default\">\n\t\t\t\t<div class=\"elementor-widget-container\">\n\t\t\t\t\t\t\t\t\t<p>Wenn Sie Fragen dazu haben, wie wir Ihre personenbezogenen Daten verarbeiten, oder wenn Sie eines Ihrer oben beschriebenen Rechte aus\u00fcben m\u00f6chten, wenden Sie sich bitte an uns.<\/p>\t\t\t\t\t\t\t\t<\/div>\n\t\t\t\t<\/div>\n\t\t\t\t<div class=\"elementor-element elementor-element-aba32e2 elementor-align-center elementor-mobile-align-justify elementor-widget-mobile__width-inherit elementor-widget elementor-widget-button\" data-id=\"aba32e2\" data-element_type=\"widget\" data-e-type=\"widget\" data-widget_type=\"button.default\">\n\t\t\t\t<div class=\"elementor-widget-container\">\n\t\t\t\t\t\t\t\t\t<div class=\"elementor-button-wrapper\">\n\t\t\t\t\t<a class=\"elementor-button elementor-button-link elementor-size-sm\" href=\"https:\/\/enwa.com\/de\/contact\/\">\n\t\t\t\t\t\t<span class=\"elementor-button-content-wrapper\">\n\t\t\t\t\t\t\t\t\t<span class=\"elementor-button-text\">Kontakt<\/span>\n\t\t\t\t\t<\/span>\n\t\t\t\t\t<\/a>\n\t\t\t\t<\/div>\n\t\t\t\t\t\t\t\t<\/div>\n\t\t\t\t<\/div>\n\t\t\t\t<\/div>\n\t\t\t\t\t<\/div>\n\t\t\t\t<\/div>\n\t\t\t\t<\/div>","protected":false},"excerpt":{"rendered":"<p>Lesen Sie mehr \u00fcber die Datenschutzpolitik von Enwa. Wenn Sie Fragen dazu haben, wie wir Ihre personenbezogenen Daten verarbeiten, oder wenn Sie eines Ihrer hier beschriebenen Rechte aus\u00fcben m\u00f6chten, kontaktieren Sie uns bitte.<\/p>","protected":false},"author":1,"featured_media":0,"parent":0,"menu_order":0,"comment_status":"closed","ping_status":"closed","template":"","meta":{"_acf_changed":false,"footnotes":""},"class_list":["post-3213","page","type-page","status-publish","hentry"],"acf":[],"_links":{"self":[{"href":"https:\/\/enwa.com\/de\/wp-json\/wp\/v2\/pages\/3213","targetHints":{"allow":["GET"]}}],"collection":[{"href":"https:\/\/enwa.com\/de\/wp-json\/wp\/v2\/pages"}],"about":[{"href":"https:\/\/enwa.com\/de\/wp-json\/wp\/v2\/types\/page"}],"author":[{"embeddable":true,"href":"https:\/\/enwa.com\/de\/wp-json\/wp\/v2\/users\/1"}],"replies":[{"embeddable":true,"href":"https:\/\/enwa.com\/de\/wp-json\/wp\/v2\/comments?post=3213"}],"version-history":[{"count":1,"href":"https:\/\/enwa.com\/de\/wp-json\/wp\/v2\/pages\/3213\/revisions"}],"predecessor-version":[{"id":9364,"href":"https:\/\/enwa.com\/de\/wp-json\/wp\/v2\/pages\/3213\/revisions\/9364"}],"wp:attachment":[{"href":"https:\/\/enwa.com\/de\/wp-json\/wp\/v2\/media?parent=3213"}],"curies":[{"name":"wp","href":"https:\/\/api.w.org\/{rel}","templated":true}]}}