{"id":6235,"date":"2025-09-18T08:54:38","date_gmt":"2025-09-18T07:54:38","guid":{"rendered":"https:\/\/enwa.com\/?page_id=6235"},"modified":"2026-03-03T15:44:07","modified_gmt":"2026-03-03T14:44:07","slug":"qualitats-und-umweltpolitik","status":"publish","type":"page","link":"https:\/\/enwa.com\/de\/quality-environmental-policy\/","title":{"rendered":"Qualit\u00e4ts- und Umweltpolitik"},"content":{"rendered":"<div data-elementor-type=\"wp-page\" data-elementor-id=\"6235\" class=\"elementor elementor-6235\" data-elementor-post-type=\"page\">\n\t\t\t\t<div class=\"elementor-element elementor-element-62087b5 e-con-full e-flex e-con e-parent\" data-id=\"62087b5\" data-element_type=\"container\" data-e-type=\"container\">\n\t\t\t\t<div class=\"elementor-element elementor-element-f96b70d elementor-widget elementor-widget-template\" data-id=\"f96b70d\" data-element_type=\"widget\" data-e-type=\"widget\" data-widget_type=\"template.default\">\n\t\t\t\t<div class=\"elementor-widget-container\">\n\t\t\t\t\t\t\t<div class=\"elementor-template\">\n\t\t\t\t\t<div data-elementor-type=\"container\" data-elementor-id=\"3155\" class=\"elementor elementor-3155\" data-elementor-post-type=\"elementor_library\">\n\t\t\t\t<div class=\"elementor-element elementor-element-19fb5812 e-con-full e-flex e-con e-parent\" data-id=\"19fb5812\" data-element_type=\"container\" data-e-type=\"container\">\n\t\t<div class=\"elementor-element elementor-element-5c000f2b e-con-full e-flex e-con e-child\" data-id=\"5c000f2b\" data-element_type=\"container\" data-e-type=\"container\" data-settings=\"{&quot;background_background&quot;:&quot;classic&quot;}\">\n\t\t\t\t<\/div>\n\t\t<div class=\"elementor-element elementor-element-33961fb3 e-flex e-con-boxed e-con e-child\" data-id=\"33961fb3\" data-element_type=\"container\" data-e-type=\"container\" data-settings=\"{&quot;background_background&quot;:&quot;classic&quot;}\">\n\t\t\t\t\t<div class=\"e-con-inner\">\n\t\t<div class=\"elementor-element elementor-element-9e14839 e-flex e-con-boxed e-con e-child\" data-id=\"9e14839\" data-element_type=\"container\" data-e-type=\"container\" data-settings=\"{&quot;background_background&quot;:&quot;classic&quot;}\">\n\t\t\t\t\t<div class=\"e-con-inner\">\n\t\t\t\t<div class=\"elementor-element elementor-element-4492be94 elementor-widget elementor-widget-heading\" data-id=\"4492be94\" data-element_type=\"widget\" data-e-type=\"widget\" data-widget_type=\"heading.default\">\n\t\t\t\t<div class=\"elementor-widget-container\">\n\t\t\t\t\t<h1 class=\"elementor-heading-title elementor-size-default\">Qualit\u00e4ts- und Umweltpolitik<\/h1>\t\t\t\t<\/div>\n\t\t\t\t<\/div>\n\t\t<div class=\"elementor-element elementor-element-d2de323 e-con-full e-flex e-con e-child\" data-id=\"d2de323\" data-element_type=\"container\" data-e-type=\"container\" data-settings=\"{&quot;background_background&quot;:&quot;classic&quot;}\">\n\t\t\t\t<\/div>\n\t\t\t\t<div class=\"elementor-element elementor-element-3e1b4280 elementor-widget__width-initial elementor-widget elementor-widget-text-editor\" data-id=\"3e1b4280\" data-element_type=\"widget\" data-e-type=\"widget\" data-widget_type=\"text-editor.default\">\n\t\t\t\t<div class=\"elementor-widget-container\">\n\t\t\t\t\t\t\t\t\tUnsere Qualit\u00e4ts- und Umweltpolitik definiert die Verpflichtung von Enwa Water Technology, die Anforderungen von Kunden und Beh\u00f6rden zu erf\u00fcllen und gleichzeitig eine hohe Qualit\u00e4t, eine sichere Arbeitsumgebung und ein verantwortungsvolles Umweltmanagement zu gew\u00e4hrleisten. Die Richtlinie umrei\u00dft unsere Grunds\u00e4tze f\u00fcr kontinuierliche Verbesserung, Risikomanagement und die Einhaltung internationaler Standards in allen unseren Betrieben.\t\t\t\t\t\t\t\t<\/div>\n\t\t\t\t<\/div>\n\t\t\t\t\t<\/div>\n\t\t\t\t<\/div>\n\t\t\t\t\t<\/div>\n\t\t\t\t<\/div>\n\t\t\t\t<\/div>\n\t\t\t\t<\/div>\n\t\t\t\t<\/div>\n\t\t\t\t\t\t<\/div>\n\t\t\t\t<\/div>\n\t\t\t\t<\/div>\n\t\t<div class=\"elementor-element elementor-element-533e365 e-flex e-con-boxed e-con e-parent\" data-id=\"533e365\" data-element_type=\"container\" data-e-type=\"container\">\n\t\t\t\t\t<div class=\"e-con-inner\">\n\t\t\t\t<div class=\"elementor-element elementor-element-1170ae2 elementor-widget elementor-widget-text-editor\" data-id=\"1170ae2\" data-element_type=\"widget\" data-e-type=\"widget\" data-widget_type=\"text-editor.default\">\n\t\t\t\t<div class=\"elementor-widget-container\">\n\t\t\t\t\t\t\t\t\t<ul><li>Enwa Water Technology ist Teil von SKion Water, und diese Politik basiert auf den Werten und allgemeinen Richtlinien der Gruppe.<\/li><li>Die Unternehmensleitung verpflichtet sich, alle geltenden Kunden-, Rechts- und Verwaltungsvorschriften einzuhalten und die Umwelt so weit wie m\u00f6glich zu sch\u00fctzen.<\/li><li>Wir liefern sichere, kompetente und nachhaltige L\u00f6sungen, bei denen die Kundenzufriedenheit im Mittelpunkt steht.<\/li><li>Wir sind stolz darauf, moderne Produkte anzubieten, die den Energieverbrauch senken und den Zugang zu sauberem Wasser verbessern.<\/li><li>Wir arbeiten kontinuierlich daran, unsere Qualit\u00e4t und Umweltleistung zu verbessern und unsere Umweltauswirkungen durch vorbeugende Ma\u00dfnahmen, ressourceneffiziente Prozesse und die F\u00f6rderung einer nachhaltigen Entwicklung zu verringern.<\/li><li>Wir planen und verwalten unsere Prozesse mit einer Lebenszyklus-Perspektive, wo immer dies relevant ist.<\/li><li>Wir sind bestrebt, eine Vorreiterrolle einzunehmen, indem wir nachhaltige und rentable L\u00f6sungen anbieten, die in den von uns gew\u00e4hlten Nischen den Standard f\u00fcr technisches Design, Produktion und Vertrieb setzen.<\/li><li>Die Verantwortung f\u00fcr die Qualit\u00e4t liegt bei allen Mitarbeitern im gesamten Unternehmen, und jeder erh\u00e4lt durch Informationen, Schulungen und die erforderlichen Ressourcen die notwendigen Voraussetzungen, um seiner Verantwortung f\u00fcr Qualit\u00e4t und Umwelt gerecht zu werden. Dazu geh\u00f6rt auch, dass wir relevante Risiken und Chancen, die sich auf unsere Qualit\u00e4t, unsere Umweltaspekte und unsere Ergebnisse auswirken k\u00f6nnen, aktiv identifizieren, managen und reduzieren.<\/li><li>Auf der Grundlage dieser Politik legen wir messbare Qualit\u00e4ts- und Umweltziele fest, \u00fcberwachen und \u00fcberarbeiten sie.<\/li><\/ul><p><em>Diese Richtlinie gilt f\u00fcr Enwa Water Technology und wird j\u00e4hrlich \u00fcberpr\u00fcft.<\/em><\/p>\t\t\t\t\t\t\t\t<\/div>\n\t\t\t\t<\/div>\n\t\t\t\t<div class=\"elementor-element elementor-element-16aeb4d elementor-widget elementor-widget-text-editor\" data-id=\"16aeb4d\" data-element_type=\"widget\" data-e-type=\"widget\" data-widget_type=\"text-editor.default\">\n\t\t\t\t<div class=\"elementor-widget-container\">\n\t\t\t\t\t\t\t\t\t<p><span style=\"text-decoration: underline;\"><strong>Qualit\u00e4ts- und Umweltpolitik<\/strong><\/span><br \/>Dok.-Nr. \/ rev. POL001247 \/ 001<br \/>Datum 2026.03.03<br \/>Genehmigt durch den Abteilungsdirektor Kjetil \u00d8xnevad<\/p>\t\t\t\t\t\t\t\t<\/div>\n\t\t\t\t<\/div>\n\t\t\t\t\t<\/div>\n\t\t\t\t<\/div>\n\t\t\t\t<\/div>","protected":false},"excerpt":{"rendered":"<p>Unsere Qualit\u00e4ts- und Umweltpolitik definiert die Verpflichtung von Enwa Water Technology, die Anforderungen von Kunden und Beh\u00f6rden zu erf\u00fcllen und gleichzeitig eine hohe Qualit\u00e4t, eine sichere Arbeitsumgebung und ein verantwortungsvolles Umweltmanagement zu gew\u00e4hrleisten. Die Richtlinie umrei\u00dft unsere Grunds\u00e4tze f\u00fcr kontinuierliche Verbesserung, Risikomanagement und die Einhaltung internationaler Standards in allen unseren Betrieben.<\/p>","protected":false},"author":2,"featured_media":0,"parent":0,"menu_order":0,"comment_status":"closed","ping_status":"closed","template":"","meta":{"_acf_changed":false,"footnotes":""},"class_list":["post-6235","page","type-page","status-publish","hentry"],"acf":[],"_links":{"self":[{"href":"https:\/\/enwa.com\/de\/wp-json\/wp\/v2\/pages\/6235","targetHints":{"allow":["GET"]}}],"collection":[{"href":"https:\/\/enwa.com\/de\/wp-json\/wp\/v2\/pages"}],"about":[{"href":"https:\/\/enwa.com\/de\/wp-json\/wp\/v2\/types\/page"}],"author":[{"embeddable":true,"href":"https:\/\/enwa.com\/de\/wp-json\/wp\/v2\/users\/2"}],"replies":[{"embeddable":true,"href":"https:\/\/enwa.com\/de\/wp-json\/wp\/v2\/comments?post=6235"}],"version-history":[{"count":10,"href":"https:\/\/enwa.com\/de\/wp-json\/wp\/v2\/pages\/6235\/revisions"}],"predecessor-version":[{"id":9887,"href":"https:\/\/enwa.com\/de\/wp-json\/wp\/v2\/pages\/6235\/revisions\/9887"}],"wp:attachment":[{"href":"https:\/\/enwa.com\/de\/wp-json\/wp\/v2\/media?parent=6235"}],"curies":[{"name":"wp","href":"https:\/\/api.w.org\/{rel}","templated":true}]}}