{"id":9971,"date":"2026-03-05T16:24:28","date_gmt":"2026-03-05T15:24:28","guid":{"rendered":"https:\/\/enwa.com\/?page_id=9971"},"modified":"2026-04-14T08:52:09","modified_gmt":"2026-04-14T07:52:09","slug":"eco-lighthouse","status":"publish","type":"page","link":"https:\/\/enwa.com\/de\/eco-lighthouse\/","title":{"rendered":"Eco-Lighthouse"},"content":{"rendered":"<div data-elementor-type=\"wp-page\" data-elementor-id=\"9971\" class=\"elementor elementor-9971\" data-elementor-post-type=\"page\">\n\t\t\t\t<div class=\"elementor-element elementor-element-62087b5 e-con-full e-flex e-con e-parent\" data-id=\"62087b5\" data-element_type=\"container\" data-e-type=\"container\">\n\t\t\t\t<div class=\"elementor-element elementor-element-f96b70d elementor-widget elementor-widget-template\" data-id=\"f96b70d\" data-element_type=\"widget\" data-e-type=\"widget\" data-widget_type=\"template.default\">\n\t\t\t\t<div class=\"elementor-widget-container\">\n\t\t\t\t\t\t\t<div class=\"elementor-template\">\n\t\t\t\t\t<div data-elementor-type=\"container\" data-elementor-id=\"3155\" class=\"elementor elementor-3155\" data-elementor-post-type=\"elementor_library\">\n\t\t\t\t<div class=\"elementor-element elementor-element-19fb5812 e-con-full e-flex e-con e-parent\" data-id=\"19fb5812\" data-element_type=\"container\" data-e-type=\"container\">\n\t\t<div class=\"elementor-element elementor-element-5c000f2b e-con-full e-flex e-con e-child\" data-id=\"5c000f2b\" data-element_type=\"container\" data-e-type=\"container\" data-settings=\"{&quot;background_background&quot;:&quot;classic&quot;}\">\n\t\t\t\t<\/div>\n\t\t<div class=\"elementor-element elementor-element-33961fb3 e-flex e-con-boxed e-con e-child\" data-id=\"33961fb3\" data-element_type=\"container\" data-e-type=\"container\" data-settings=\"{&quot;background_background&quot;:&quot;classic&quot;}\">\n\t\t\t\t\t<div class=\"e-con-inner\">\n\t\t<div class=\"elementor-element elementor-element-9e14839 e-flex e-con-boxed e-con e-child\" data-id=\"9e14839\" data-element_type=\"container\" data-e-type=\"container\" data-settings=\"{&quot;background_background&quot;:&quot;classic&quot;}\">\n\t\t\t\t\t<div class=\"e-con-inner\">\n\t\t\t\t<div class=\"elementor-element elementor-element-4492be94 elementor-widget elementor-widget-heading\" data-id=\"4492be94\" data-element_type=\"widget\" data-e-type=\"widget\" data-widget_type=\"heading.default\">\n\t\t\t\t<div class=\"elementor-widget-container\">\n\t\t\t\t\t<h1 class=\"elementor-heading-title elementor-size-default\">Eco-Lighthouse<\/h1>\t\t\t\t<\/div>\n\t\t\t\t<\/div>\n\t\t<div class=\"elementor-element elementor-element-d2de323 e-con-full e-flex e-con e-child\" data-id=\"d2de323\" data-element_type=\"container\" data-e-type=\"container\" data-settings=\"{&quot;background_background&quot;:&quot;classic&quot;}\">\n\t\t\t\t<\/div>\n\t\t\t\t<div class=\"elementor-element elementor-element-3e1b4280 elementor-widget__width-initial elementor-widget elementor-widget-text-editor\" data-id=\"3e1b4280\" data-element_type=\"widget\" data-e-type=\"widget\" data-widget_type=\"text-editor.default\">\n\t\t\t\t<div class=\"elementor-widget-container\">\n\t\t\t\t\t\t\t\t\tBei Enwa Water Technology AS sind wir bestrebt, in allen Bereichen, in denen wir t\u00e4tig sind, sinnvolle \u00f6kologische Fortschritte zu erzielen.\t\t\t\t\t\t\t\t<\/div>\n\t\t\t\t<\/div>\n\t\t\t\t\t<\/div>\n\t\t\t\t<\/div>\n\t\t\t\t\t<\/div>\n\t\t\t\t<\/div>\n\t\t\t\t<\/div>\n\t\t\t\t<\/div>\n\t\t\t\t<\/div>\n\t\t\t\t\t\t<\/div>\n\t\t\t\t<\/div>\n\t\t\t\t<div class=\"elementor-element elementor-element-445e43e elementor-widget elementor-widget-image\" data-id=\"445e43e\" data-element_type=\"widget\" data-e-type=\"widget\" data-widget_type=\"image.default\">\n\t\t\t\t<div class=\"elementor-widget-container\">\n\t\t\t\t\t\t\t\t\t\t\t\t\t\t\t<img decoding=\"async\" src=\"https:\/\/enwa.com\/wp-content\/uploads\/2026\/03\/eco-lighthouse-certified-business-horisontal-rgb.svg\" title=\"\u00d6ko-Leuchtturm-zertifiziertes Business-Horisontal-RGB\" alt=\"\u00d6ko-Leuchtturm-zertifiziertes Business-Horisontal-RGB\" loading=\"lazy\" \/>\t\t\t\t\t\t\t\t\t\t\t\t\t\t\t<\/div>\n\t\t\t\t<\/div>\n\t\t\t\t<div class=\"elementor-element elementor-element-674d246 elementor-widget elementor-widget-image\" data-id=\"674d246\" data-element_type=\"widget\" data-e-type=\"widget\" data-widget_type=\"image.default\">\n\t\t\t\t<div class=\"elementor-widget-container\">\n\t\t\t\t\t<style>.elementor-element-674d246{display:none !important}<\/style>\t\t\t\t<\/div>\n\t\t\t\t<\/div>\n\t\t\t\t<\/div>\n\t\t<div class=\"elementor-element elementor-element-533e365 e-flex e-con-boxed e-con e-parent\" data-id=\"533e365\" data-element_type=\"container\" data-e-type=\"container\">\n\t\t\t\t\t<div class=\"e-con-inner\">\n\t\t\t\t<div class=\"elementor-element elementor-element-1170ae2 elementor-widget elementor-widget-text-editor\" data-id=\"1170ae2\" data-element_type=\"widget\" data-e-type=\"widget\" data-widget_type=\"text-editor.default\">\n\t\t\t\t<div class=\"elementor-widget-container\">\n\t\t\t\t\t\t\t\t\t<h2>Umweltarbeit<\/h2>\n<p>Enwa Water Technology AS arbeitet kontinuierlich an der Verringerung der Umwelt- und Klimaauswirkungen sowohl unserer eigenen T\u00e4tigkeiten als auch der unserer Kunden. Mit unseren Wasser- und Energiel\u00f6sungen tragen wir zu einem nachhaltigeren Ressourcenmanagement, einer verbesserten Energieeffizienz und einer besseren Wasserqualit\u00e4t in der Industrie, bei Immobilien und im Meer bei.<\/p>\n<p>Wir sind <strong>Eco-Lighthouse zertifiziert<\/strong>, Das bedeutet, dass wir systematisch und zielgerichtet daran arbeiten, unseren \u00f6kologischen Fu\u00dfabdruck zu verringern und unsere Umweltbem\u00fchungen kontinuierlich zu verbessern.<\/p>\n<p>Wir stellen auch Umweltanforderungen an unsere Lieferanten und Partner und bem\u00fchen uns, Materialien und Komponenten von verantwortungsbewussten und zertifizierten Lieferanten zu verwenden.<\/p>\n<p>Wenn Sie Vorschl\u00e4ge haben, wie wir unsere Umweltinitiativen verbessern k\u00f6nnen, nehmen Sie bitte Kontakt mit uns auf.<\/p>\t\t\t\t\t\t\t\t<\/div>\n\t\t\t\t<\/div>\n\t\t\t\t<div class=\"elementor-element elementor-element-7089b99 elementor-align-center elementor-mobile-align-justify elementor-widget-mobile__width-inherit elementor-widget elementor-widget-button\" data-id=\"7089b99\" data-element_type=\"widget\" data-e-type=\"widget\" data-widget_type=\"button.default\">\n\t\t\t\t<div class=\"elementor-widget-container\">\n\t\t\t\t\t\t\t\t\t<div class=\"elementor-button-wrapper\">\n\t\t\t\t\t<a class=\"elementor-button elementor-button-link elementor-size-sm\" href=\"https:\/\/enwa.com\/wp-content\/uploads\/2026\/01\/sertifikat28012026-enwa-water-technology-as.pdf\" target=\"_blank\">\n\t\t\t\t\t\t<span class=\"elementor-button-content-wrapper\">\n\t\t\t\t\t\t\t\t\t<span class=\"elementor-button-text\">Siehe Bescheinigung (NO)<\/span>\n\t\t\t\t\t<\/span>\n\t\t\t\t\t<\/a>\n\t\t\t\t<\/div>\n\t\t\t\t\t\t\t\t<\/div>\n\t\t\t\t<\/div>\n\t\t\t\t\t<\/div>\n\t\t\t\t<\/div>\n\t\t\t\t<\/div>","protected":false},"excerpt":{"rendered":"<p>Bei Enwa Water Technology AS sind wir bestrebt, in allen Bereichen, in denen wir t\u00e4tig sind, sinnvolle \u00f6kologische Fortschritte zu erzielen.<\/p>","protected":false},"author":2,"featured_media":0,"parent":0,"menu_order":0,"comment_status":"closed","ping_status":"closed","template":"","meta":{"_acf_changed":false,"footnotes":""},"class_list":["post-9971","page","type-page","status-publish","hentry"],"acf":[],"_links":{"self":[{"href":"https:\/\/enwa.com\/de\/wp-json\/wp\/v2\/pages\/9971","targetHints":{"allow":["GET"]}}],"collection":[{"href":"https:\/\/enwa.com\/de\/wp-json\/wp\/v2\/pages"}],"about":[{"href":"https:\/\/enwa.com\/de\/wp-json\/wp\/v2\/types\/page"}],"author":[{"embeddable":true,"href":"https:\/\/enwa.com\/de\/wp-json\/wp\/v2\/users\/2"}],"replies":[{"embeddable":true,"href":"https:\/\/enwa.com\/de\/wp-json\/wp\/v2\/comments?post=9971"}],"version-history":[{"count":10,"href":"https:\/\/enwa.com\/de\/wp-json\/wp\/v2\/pages\/9971\/revisions"}],"predecessor-version":[{"id":10328,"href":"https:\/\/enwa.com\/de\/wp-json\/wp\/v2\/pages\/9971\/revisions\/10328"}],"wp:attachment":[{"href":"https:\/\/enwa.com\/de\/wp-json\/wp\/v2\/media?parent=9971"}],"curies":[{"name":"wp","href":"https:\/\/api.w.org\/{rel}","templated":true}]}}