{"id":3181,"date":"2025-06-26T12:34:40","date_gmt":"2025-06-26T11:34:40","guid":{"rendered":"https:\/\/enwa.com\/?page_id=3181"},"modified":"2026-04-17T08:39:56","modified_gmt":"2026-04-17T07:39:56","slug":"om-oss","status":"publish","type":"page","link":"https:\/\/enwa.com\/nb\/about-us\/","title":{"rendered":"Enwa - Om selskapet"},"content":{"rendered":"<div data-elementor-type=\"wp-page\" data-elementor-id=\"3181\" class=\"elementor elementor-3181\" data-elementor-post-type=\"page\">\n\t\t\t\t<div class=\"elementor-element elementor-element-62087b5 e-con-full e-flex e-con e-parent\" data-id=\"62087b5\" data-element_type=\"container\" data-e-type=\"container\">\n\t\t\t\t<div class=\"elementor-element elementor-element-f96b70d elementor-widget elementor-widget-template\" data-id=\"f96b70d\" data-element_type=\"widget\" data-e-type=\"widget\" data-widget_type=\"template.default\">\n\t\t\t\t<div class=\"elementor-widget-container\">\n\t\t\t\t\t\t\t<div class=\"elementor-template\">\n\t\t\t\t\t<div data-elementor-type=\"container\" data-elementor-id=\"3155\" class=\"elementor elementor-3155\" data-elementor-post-type=\"elementor_library\">\n\t\t\t\t<div class=\"elementor-element elementor-element-19fb5812 e-con-full e-flex e-con e-parent\" data-id=\"19fb5812\" data-element_type=\"container\" data-e-type=\"container\">\n\t\t<div class=\"elementor-element elementor-element-5c000f2b e-con-full e-flex e-con e-child\" data-id=\"5c000f2b\" data-element_type=\"container\" data-e-type=\"container\" data-settings=\"{&quot;background_background&quot;:&quot;classic&quot;}\">\n\t\t\t\t<\/div>\n\t\t<div class=\"elementor-element elementor-element-33961fb3 e-flex e-con-boxed e-con e-child\" data-id=\"33961fb3\" data-element_type=\"container\" data-e-type=\"container\" data-settings=\"{&quot;background_background&quot;:&quot;classic&quot;}\">\n\t\t\t\t\t<div class=\"e-con-inner\">\n\t\t<div class=\"elementor-element elementor-element-9e14839 e-flex e-con-boxed e-con e-child\" data-id=\"9e14839\" data-element_type=\"container\" data-e-type=\"container\" data-settings=\"{&quot;background_background&quot;:&quot;classic&quot;}\">\n\t\t\t\t\t<div class=\"e-con-inner\">\n\t\t\t\t<div class=\"elementor-element elementor-element-4492be94 elementor-widget elementor-widget-heading\" data-id=\"4492be94\" data-element_type=\"widget\" data-e-type=\"widget\" data-widget_type=\"heading.default\">\n\t\t\t\t<div class=\"elementor-widget-container\">\n\t\t\t\t\t<h1 class=\"elementor-heading-title elementor-size-default\">Enwa - Om selskapet<\/h1>\t\t\t\t<\/div>\n\t\t\t\t<\/div>\n\t\t<div class=\"elementor-element elementor-element-d2de323 e-con-full e-flex e-con e-child\" data-id=\"d2de323\" data-element_type=\"container\" data-e-type=\"container\" data-settings=\"{&quot;background_background&quot;:&quot;classic&quot;}\">\n\t\t\t\t<\/div>\n\t\t\t\t<div class=\"elementor-element elementor-element-3e1b4280 elementor-widget__width-initial elementor-widget elementor-widget-text-editor\" data-id=\"3e1b4280\" data-element_type=\"widget\" data-e-type=\"widget\" data-widget_type=\"text-editor.default\">\n\t\t\t\t<div class=\"elementor-widget-container\">\n\t\t\t\t\t\t\t\t\tEnwa er et ledende vannbehandlingsselskap med en sterk tilstedev\u00e6relse i hele Skandinavia, og er ogs\u00e5 representert med nisjevirksomhet i Storbritannia og Tyskland.\t\t\t\t\t\t\t\t<\/div>\n\t\t\t\t<\/div>\n\t\t\t\t\t<\/div>\n\t\t\t\t<\/div>\n\t\t\t\t\t<\/div>\n\t\t\t\t<\/div>\n\t\t\t\t<\/div>\n\t\t\t\t<\/div>\n\t\t\t\t<\/div>\n\t\t\t\t\t\t<\/div>\n\t\t\t\t<\/div>\n\t\t<div class=\"elementor-element elementor-element-ea76de5 e-grid e-con-boxed e-con e-child\" data-id=\"ea76de5\" data-element_type=\"container\" data-e-type=\"container\">\n\t\t\t\t\t<div class=\"e-con-inner\">\n\t\t\t\t<div class=\"elementor-element elementor-element-3971cea elementor-widget-tablet__width-inherit elementor-widget elementor-widget-text-editor\" data-id=\"3971cea\" data-element_type=\"widget\" data-e-type=\"widget\" data-widget_type=\"text-editor.default\">\n\t\t\t\t<div class=\"elementor-widget-container\">\n\t\t\t\t\t\t\t\t\t<h3 data-pm-slice=\"1 1 []\">V\u00e5r bakgrunn<\/h3><p>Siden 2024 har Enwa v\u00e6rt et sterkt medlem av EnviroWater Group, et spesialistnettverk av ledende selskaper innen vannbehandling. Siden grunnleggelsen i 1996 har vi vokst til \u00e5 bli en av Skandinavias mest p\u00e5litelige eksperter innen vannbehandling og industriell avl\u00f8psvannbehandling, og leverer innovative, energieffektive og milj\u00f8vennlige l\u00f8sninger til en lang rekke sektorer, b\u00e5de p\u00e5 land og til sj\u00f8s.<\/p><p>\u00a0<\/p>\t\t\t\t\t\t\t\t<\/div>\n\t\t\t\t<\/div>\n\t\t\t\t<div class=\"elementor-element elementor-element-91624f9 elementor-widget-tablet__width-inherit elementor-widget elementor-widget-text-editor\" data-id=\"91624f9\" data-element_type=\"widget\" data-e-type=\"widget\" data-widget_type=\"text-editor.default\">\n\t\t\t\t<div class=\"elementor-widget-container\">\n\t\t\t\t\t\t\t\t\t<h3>Tenker utenfor boksen<\/h3><p>Vi er stolte av \u00e5 utfordre tradisjonelle konvensjoner ved kontinuerlig \u00e5 utvikle kostnadseffektive, attraktive og b\u00e6rekraftige l\u00f8sninger. Vi tror p\u00e5 samarbeid og inspirasjon p\u00e5 tvers av bransjer, noe som gir oss muligheten til \u00e5 designe skreddersydde systemer som oppfyller hver enkelt kundes unike behov.<\/p><h3>Enwa er din partner over tid<\/h3><p>Hos Enwa g\u00e5r v\u00e5rt engasjement lenger enn til \u00e5 levere produkter - v\u00e5rt engasjement strekker seg gjennom hele prosjektets livssyklus. Fra vannanalyse, pilottesting og r\u00e5dgivning til prosjektering (CAD\/design), prosjektledelse, installasjon, service og vedlikehold - vi er opptatt av \u00e5 v\u00e6re en p\u00e5litelig og langsiktig partner.<\/p>\t\t\t\t\t\t\t\t<\/div>\n\t\t\t\t<\/div>\n\t\t\t\t<div class=\"elementor-element elementor-element-08e2a19 elementor-widget elementor-widget-text-editor\" data-id=\"08e2a19\" data-element_type=\"widget\" data-e-type=\"widget\" data-widget_type=\"text-editor.default\">\n\t\t\t\t<div class=\"elementor-widget-container\">\n\t\t\t\t\t\t\t\t\t<h3>Engasjerte medarbeidere<\/h3><p>V\u00e5rt sammensveisede serviceteam s\u00f8rger for rask feils\u00f8king, l\u00f8pende support og forebyggende vedlikehold, slik at kundene v\u00e5re f\u00e5r en p\u00e5litelig og effektiv drift.<\/p><p>Med et dedikert team p\u00e5 rundt 130 ansatte og en \u00e5rlig omsetning p\u00e5 rundt 40 millioner euro er Enwa kjent for velutf\u00f8rte prosjekter av h\u00f8y kvalitet.<\/p><p>Enten det dreier seg om et enkelt system eller en omfattende driftskontrakt, er v\u00e5rt oppdrag \u00e5 levere smarte, b\u00e6rekraftige vannl\u00f8sninger som bidrar til at kundene v\u00e5re lykkes i dag og i fremtiden.<\/p>\t\t\t\t\t\t\t\t<\/div>\n\t\t\t\t<\/div>\n\t\t\t\t\t<\/div>\n\t\t\t\t<\/div>\n\t\t\t\t<\/div>\n\t\t<div class=\"elementor-element elementor-element-77fe44d e-flex e-con-boxed e-con e-parent\" data-id=\"77fe44d\" data-element_type=\"container\" data-e-type=\"container\" data-settings=\"{&quot;background_background&quot;:&quot;classic&quot;}\">\n\t\t\t\t\t<div class=\"e-con-inner\">\n\t\t\t\t<div class=\"elementor-element elementor-element-773b233 elementor-align-center elementor-mobile-align-justify elementor-widget-mobile__width-inherit elementor-widget elementor-widget-button\" data-id=\"773b233\" data-element_type=\"widget\" data-e-type=\"widget\" data-widget_type=\"button.default\">\n\t\t\t\t<div class=\"elementor-widget-container\">\n\t\t\t\t\t\t\t\t\t<div class=\"elementor-button-wrapper\">\n\t\t\t\t\t<a class=\"elementor-button elementor-button-link elementor-size-sm\" href=\"https:\/\/enwa.com\/nb\/certificates\/\">\n\t\t\t\t\t\t<span class=\"elementor-button-content-wrapper\">\n\t\t\t\t\t\t\t\t\t<span class=\"elementor-button-text\">Se Enwas sertifikater<\/span>\n\t\t\t\t\t<\/span>\n\t\t\t\t\t<\/a>\n\t\t\t\t<\/div>\n\t\t\t\t\t\t\t\t<\/div>\n\t\t\t\t<\/div>\n\t\t\t\t\t<\/div>\n\t\t\t\t<\/div>\n\t\t<div class=\"elementor-element elementor-element-0797e45 e-grid e-con-boxed e-con e-parent\" data-id=\"0797e45\" data-element_type=\"container\" data-e-type=\"container\" data-settings=\"{&quot;background_background&quot;:&quot;classic&quot;}\">\n\t\t\t\t\t<div class=\"e-con-inner\">\n\t\t<div class=\"elementor-element elementor-element-5929e27 e-con-full e-flex e-con e-child\" data-id=\"5929e27\" data-element_type=\"container\" data-e-type=\"container\">\n\t\t\t\t<div class=\"elementor-element elementor-element-a63a9cc elementor-widget elementor-widget-text-editor\" data-id=\"a63a9cc\" data-element_type=\"widget\" data-e-type=\"widget\" data-widget_type=\"text-editor.default\">\n\t\t\t\t<div class=\"elementor-widget-container\">\n\t\t\t\t\t\t\t\t\t<p>Visjon<\/p>\t\t\t\t\t\t\t\t<\/div>\n\t\t\t\t<\/div>\n\t\t\t\t<div class=\"elementor-element elementor-element-9f80456 elementor-widget elementor-widget-text-editor\" data-id=\"9f80456\" data-element_type=\"widget\" data-e-type=\"widget\" data-widget_type=\"text-editor.default\">\n\t\t\t\t<div class=\"elementor-widget-container\">\n\t\t\t\t\t\t\t\t\t<h2>\u00c5 sette den globale standarden for b\u00e6rekraftig vannbehandling.<\/h2>\t\t\t\t\t\t\t\t<\/div>\n\t\t\t\t<\/div>\n\t\t\t\t<div class=\"elementor-element elementor-element-70c25a5 elementor-widget elementor-widget-text-editor\" data-id=\"70c25a5\" data-element_type=\"widget\" data-e-type=\"widget\" data-widget_type=\"text-editor.default\">\n\t\t\t\t<div class=\"elementor-widget-container\">\n\t\t\t\t\t\t\t\t\t<p>Vann er en av verdens viktigste ressurser \u2013 og vil alltid v\u00e6re avgj\u00f8rende for menneskers liv, velferd og \u00f8konomi.<\/p><p>Gjennom v\u00e5rt arbeid med vann skal Enwa bidra til en bedre verden ved \u00e5 sette den globale standarden for smart og b\u00e6rekraftig vannbehandling.<\/p>\t\t\t\t\t\t\t\t<\/div>\n\t\t\t\t<\/div>\n\t\t\t\t<\/div>\n\t\t<div class=\"elementor-element elementor-element-e8903db e-con-full e-flex e-con e-child\" data-id=\"e8903db\" data-element_type=\"container\" data-e-type=\"container\">\n\t\t\t\t<div class=\"elementor-element elementor-element-228a409 elementor-widget elementor-widget-text-editor\" data-id=\"228a409\" data-element_type=\"widget\" data-e-type=\"widget\" data-widget_type=\"text-editor.default\">\n\t\t\t\t<div class=\"elementor-widget-container\">\n\t\t\t\t\t\t\t\t\t<p>MISJON<\/p>\t\t\t\t\t\t\t\t<\/div>\n\t\t\t\t<\/div>\n\t\t\t\t<div class=\"elementor-element elementor-element-0e5a44a elementor-widget elementor-widget-text-editor\" data-id=\"0e5a44a\" data-element_type=\"widget\" data-e-type=\"widget\" data-widget_type=\"text-editor.default\">\n\t\t\t\t<div class=\"elementor-widget-container\">\n\t\t\t\t\t\t\t\t\t<h2>Vi muliggj\u00f8r en b\u00e6rekraftig og ressurseffektiv bruk av vann.<\/h2>\t\t\t\t\t\t\t\t<\/div>\n\t\t\t\t<\/div>\n\t\t\t\t<div class=\"elementor-element elementor-element-47de163 elementor-widget elementor-widget-text-editor\" data-id=\"47de163\" data-element_type=\"widget\" data-e-type=\"widget\" data-widget_type=\"text-editor.default\">\n\t\t\t\t<div class=\"elementor-widget-container\">\n\t\t\t\t\t\t\t\t\t<p>Gjennom helhetlige l\u00f8sninger styrker vi v\u00e5re kunder og beskytter b\u00e5de mennesker og natur.<\/p>\t\t\t\t\t\t\t\t<\/div>\n\t\t\t\t<\/div>\n\t\t\t\t<\/div>\n\t\t\t\t\t<\/div>\n\t\t\t\t<\/div>\n\t\t<div class=\"elementor-element elementor-element-f1dfbe7 e-flex e-con-boxed e-con e-parent\" data-id=\"f1dfbe7\" data-element_type=\"container\" data-e-type=\"container\" data-settings=\"{&quot;background_background&quot;:&quot;classic&quot;}\">\n\t\t\t\t\t<div class=\"e-con-inner\">\n\t\t\t\t<div class=\"elementor-element elementor-element-d07e951 elementor-widget elementor-widget-image\" data-id=\"d07e951\" data-element_type=\"widget\" data-e-type=\"widget\" data-widget_type=\"image.default\">\n\t\t\t\t<div class=\"elementor-widget-container\">\n\t\t\t\t\t\t\t\t\t\t\t\t\t\t\t<img fetchpriority=\"high\" decoding=\"async\" width=\"800\" height=\"289\" src=\"https:\/\/enwa.com\/wp-content\/uploads\/2025\/07\/ewg-logo-member-of-m-1.svg\" class=\"attachment-full size-full wp-image-4180\" alt=\"\" \/>\t\t\t\t\t\t\t\t\t\t\t\t\t\t\t<\/div>\n\t\t\t\t<\/div>\n\t\t\t\t<div class=\"elementor-element elementor-element-d1c8a0e elementor-widget elementor-widget-text-editor\" data-id=\"d1c8a0e\" data-element_type=\"widget\" data-e-type=\"widget\" data-widget_type=\"text-editor.default\">\n\t\t\t\t<div class=\"elementor-widget-container\">\n\t\t\t\t\t\t\t\t\t<p>Enwa Water Technology er en del av EnviroWater Group, Europas ledende nettverk av selskaper med ekspertise innen b\u00e6rekraftig vannbehandling og effektiv vannh\u00e5ndtering.<\/p>\t\t\t\t\t\t\t\t<\/div>\n\t\t\t\t<\/div>\n\t\t<div class=\"elementor-element elementor-element-1773b95 e-con-full e-flex e-con e-child\" data-id=\"1773b95\" data-element_type=\"container\" data-e-type=\"container\">\n\t\t\t\t<div class=\"elementor-element elementor-element-8458047 elementor-widget elementor-widget-video\" data-id=\"8458047\" data-element_type=\"widget\" data-e-type=\"widget\" data-settings=\"{&quot;youtube_url&quot;:&quot;https:\\\/\\\/youtu.be\\\/w34xzIUZRKk&quot;,&quot;yt_privacy&quot;:&quot;yes&quot;,&quot;video_type&quot;:&quot;youtube&quot;,&quot;controls&quot;:&quot;yes&quot;}\" data-widget_type=\"video.default\">\n\t\t\t\t<div class=\"elementor-widget-container\">\n\t\t\t\t\t\t\t<div class=\"elementor-wrapper elementor-open-inline\">\n\t\t\t<div class=\"elementor-video\"><\/div>\t\t<\/div>\n\t\t\t\t\t\t<\/div>\n\t\t\t\t<\/div>\n\t\t\t\t<\/div>\n\t\t\t\t<div class=\"elementor-element elementor-element-113c5a4 elementor-widget elementor-widget-text-editor\" data-id=\"113c5a4\" data-element_type=\"widget\" data-e-type=\"widget\" data-widget_type=\"text-editor.default\">\n\t\t\t\t<div class=\"elementor-widget-container\">\n\t\t\t\t\t\t\t\t\t<p>Kjetil \u00d8xnevad, administrerende direkt\u00f8r, om Enwas inntreden i EnviroWater-konsernet.<\/p>\t\t\t\t\t\t\t\t<\/div>\n\t\t\t\t<\/div>\n\t\t\t\t\t<\/div>\n\t\t\t\t<\/div>\n\t\t<div class=\"elementor-element elementor-element-abb470e e-flex e-con-boxed e-con e-child\" data-id=\"abb470e\" data-element_type=\"container\" data-e-type=\"container\" data-settings=\"{&quot;background_background&quot;:&quot;classic&quot;}\">\n\t\t\t\t\t<div class=\"e-con-inner\">\n\t\t\t\t<div class=\"elementor-element elementor-element-b281561 elementor-widget elementor-widget-heading\" data-id=\"b281561\" data-element_type=\"widget\" data-e-type=\"widget\" data-widget_type=\"heading.default\">\n\t\t\t\t<div class=\"elementor-widget-container\">\n\t\t\t\t\t<h2 class=\"elementor-heading-title elementor-size-default\">Konsern- og kompetansestruktur<\/h2>\t\t\t\t<\/div>\n\t\t\t\t<\/div>\n\t\t\t\t<div class=\"elementor-element elementor-element-1717c21 elementor-widget elementor-widget-text-editor\" data-id=\"1717c21\" data-element_type=\"widget\" data-e-type=\"widget\" data-widget_type=\"text-editor.default\">\n\t\t\t\t<div class=\"elementor-widget-container\">\n\t\t\t\t\t\t\t\t\t<p>Ekspertbedriftene for b\u00e6rekraftig og effektiv bruk av vann.<\/p>\t\t\t\t\t\t\t\t<\/div>\n\t\t\t\t<\/div>\n\t\t\t\t<div class=\"elementor-element elementor-element-5b0499f elementor-widget elementor-widget-image\" data-id=\"5b0499f\" data-element_type=\"widget\" data-e-type=\"widget\" data-widget_type=\"image.default\">\n\t\t\t\t<div class=\"elementor-widget-container\">\n\t\t\t\t\t\t\t\t\t\t\t\t\t\t\t<img decoding=\"async\" src=\"https:\/\/enwa.com\/wp-content\/uploads\/2026\/02\/organization_chart_170226_optimized.webp\" title=\"organisasjonskart_170226_optimalisert\" alt=\"organisasjonskart_170226_optimalisert\" loading=\"lazy\" \/>\t\t\t\t\t\t\t\t\t\t\t\t\t\t\t<\/div>\n\t\t\t\t<\/div>\n\t\t\t\t\t<\/div>\n\t\t\t\t<\/div>\n\t\t\t\t<\/div>","protected":false},"excerpt":{"rendered":"<p>Enwa er et ledende vannbehandlingsselskap med en sterk tilstedev\u00e6relse i hele Skandinavia, og er ogs\u00e5 representert med nisjevirksomhet i Storbritannia og Tyskland.<\/p>","protected":false},"author":1,"featured_media":0,"parent":0,"menu_order":0,"comment_status":"closed","ping_status":"closed","template":"","meta":{"_acf_changed":false,"footnotes":""},"class_list":["post-3181","page","type-page","status-publish","hentry"],"acf":[],"_links":{"self":[{"href":"https:\/\/enwa.com\/nb\/wp-json\/wp\/v2\/pages\/3181","targetHints":{"allow":["GET"]}}],"collection":[{"href":"https:\/\/enwa.com\/nb\/wp-json\/wp\/v2\/pages"}],"about":[{"href":"https:\/\/enwa.com\/nb\/wp-json\/wp\/v2\/types\/page"}],"author":[{"embeddable":true,"href":"https:\/\/enwa.com\/nb\/wp-json\/wp\/v2\/users\/1"}],"replies":[{"embeddable":true,"href":"https:\/\/enwa.com\/nb\/wp-json\/wp\/v2\/comments?post=3181"}],"version-history":[{"count":10,"href":"https:\/\/enwa.com\/nb\/wp-json\/wp\/v2\/pages\/3181\/revisions"}],"predecessor-version":[{"id":10400,"href":"https:\/\/enwa.com\/nb\/wp-json\/wp\/v2\/pages\/3181\/revisions\/10400"}],"wp:attachment":[{"href":"https:\/\/enwa.com\/nb\/wp-json\/wp\/v2\/media?parent=3181"}],"curies":[{"name":"wp","href":"https:\/\/api.w.org\/{rel}","templated":true}]}}