{"id":3195,"date":"2025-06-26T12:49:48","date_gmt":"2025-06-26T11:49:48","guid":{"rendered":"https:\/\/enwa.com\/?page_id=3195"},"modified":"2026-01-29T10:23:11","modified_gmt":"2026-01-29T09:23:11","slug":"varsler","status":"publish","type":"page","link":"https:\/\/enwa.com\/nb\/whistleblower\/","title":{"rendered":"Retningslinjer for varsling av kritikkverdige forhold"},"content":{"rendered":"<div data-elementor-type=\"wp-page\" data-elementor-id=\"3195\" class=\"elementor elementor-3195\" data-elementor-post-type=\"page\">\n\t\t\t\t<div class=\"elementor-element elementor-element-62087b5 e-con-full e-flex e-con e-parent\" data-id=\"62087b5\" data-element_type=\"container\" data-e-type=\"container\">\n\t\t\t\t<div class=\"elementor-element elementor-element-f96b70d elementor-widget elementor-widget-template\" data-id=\"f96b70d\" data-element_type=\"widget\" data-e-type=\"widget\" data-widget_type=\"template.default\">\n\t\t\t\t<div class=\"elementor-widget-container\">\n\t\t\t\t\t\t\t<div class=\"elementor-template\">\n\t\t\t\t\t<div data-elementor-type=\"container\" data-elementor-id=\"3838\" class=\"elementor elementor-3838\" data-elementor-post-type=\"elementor_library\">\n\t\t\t\t<div class=\"elementor-element elementor-element-568de1f8 e-con-full e-flex e-con e-parent\" data-id=\"568de1f8\" data-element_type=\"container\" data-e-type=\"container\">\n\t\t<div class=\"elementor-element elementor-element-70938ca9 e-con-full e-flex e-con e-child\" data-id=\"70938ca9\" data-element_type=\"container\" data-e-type=\"container\" data-settings=\"{&quot;background_background&quot;:&quot;classic&quot;}\">\n\t\t\t\t<\/div>\n\t\t<div class=\"elementor-element elementor-element-3c2af2fb e-flex e-con-boxed e-con e-child\" data-id=\"3c2af2fb\" data-element_type=\"container\" data-e-type=\"container\" data-settings=\"{&quot;background_background&quot;:&quot;classic&quot;}\">\n\t\t\t\t\t<div class=\"e-con-inner\">\n\t\t<div class=\"elementor-element elementor-element-54c5f433 e-flex e-con-boxed e-con e-child\" data-id=\"54c5f433\" data-element_type=\"container\" data-e-type=\"container\" data-settings=\"{&quot;background_background&quot;:&quot;classic&quot;}\">\n\t\t\t\t\t<div class=\"e-con-inner\">\n\t\t<div class=\"elementor-element elementor-element-fa9a423 e-con-full e-flex e-con e-child\" data-id=\"fa9a423\" data-element_type=\"container\" data-e-type=\"container\">\n\t\t\t\t<div class=\"elementor-element elementor-element-45f5bf7e elementor-widget elementor-widget-global elementor-global-3688 elementor-widget-shortcode\" data-id=\"45f5bf7e\" data-element_type=\"widget\" data-e-type=\"widget\" data-widget_type=\"shortcode.default\">\n\t\t\t\t<div class=\"elementor-widget-container\">\n\t\t\t\t\t\t\t<div class=\"elementor-shortcode\"><nav aria-label=\"br\u00f8dsmuler\" class=\"rank-math-breadcrumb\"><p><span class=\"last\">Hjem<\/span><\/p><\/nav><\/div>\n\t\t\t\t\t\t<\/div>\n\t\t\t\t<\/div>\n\t\t\t\t<\/div>\n\t\t<div class=\"elementor-element elementor-element-ab13397 e-flex e-con-boxed e-con e-child\" data-id=\"ab13397\" data-element_type=\"container\" data-e-type=\"container\" data-settings=\"{&quot;background_background&quot;:&quot;classic&quot;}\">\n\t\t\t\t\t<div class=\"e-con-inner\">\n\t\t<div class=\"elementor-element elementor-element-f5bb872 e-con-full e-flex e-con e-child\" data-id=\"f5bb872\" data-element_type=\"container\" data-e-type=\"container\" data-settings=\"{&quot;background_background&quot;:&quot;classic&quot;}\">\n\t\t\t\t<\/div>\n\t\t\t\t<div class=\"elementor-element elementor-element-45b18d23 elementor-widget__width-initial dc-has-condition dc-condition-empty elementor-widget elementor-widget-text-editor\" data-id=\"45b18d23\" data-element_type=\"widget\" data-e-type=\"widget\" data-widget_type=\"text-editor.default\">\n\t\t\t\t<div class=\"elementor-widget-container\">\n\t\t\t\t\t\t\t\t\tI Enwa er vi opptatt av \u00e5 fremme en \u00e5pen forretningskultur og opprettholde de h\u00f8yeste standarder for etisk atferd.\t\t\t\t\t\t\t\t<\/div>\n\t\t\t\t<\/div>\n\t\t\t\t\t<\/div>\n\t\t\t\t<\/div>\n\t\t\t\t\t<\/div>\n\t\t\t\t<\/div>\n\t\t\t\t\t<\/div>\n\t\t\t\t<\/div>\n\t\t\t\t<\/div>\n\t\t\t\t<\/div>\n\t\t\t\t<\/div>\n\t\t\t\t\t\t<\/div>\n\t\t\t\t<\/div>\n\t\t\t\t<\/div>\n\t\t<div class=\"elementor-element elementor-element-acdedd5 e-flex e-con-boxed e-con e-parent\" data-id=\"acdedd5\" data-element_type=\"container\" data-e-type=\"container\">\n\t\t\t\t\t<div class=\"e-con-inner\">\n\t\t<div class=\"elementor-element elementor-element-13ee2f9 e-con-full e-flex e-con e-child\" data-id=\"13ee2f9\" data-element_type=\"container\" data-e-type=\"container\">\n\t\t<div class=\"elementor-element elementor-element-32c2cea e-con-full e-flex e-con e-child\" data-id=\"32c2cea\" data-element_type=\"container\" data-e-type=\"container\">\n\t\t\t\t<div class=\"elementor-element elementor-element-6e8dc74 elementor-widget elementor-widget-text-editor\" data-id=\"6e8dc74\" data-element_type=\"widget\" data-e-type=\"widget\" data-widget_type=\"text-editor.default\">\n\t\t\t\t<div class=\"elementor-widget-container\">\n\t\t\t\t\t\t\t\t\t<h3>M\u00e5lsetting<\/h3><p>I Enwa er vi opptatt av \u00e5 fremme en \u00e5pen forretningskultur og opprettholde de h\u00f8yeste standarder for etisk atferd.<\/p><p>Personer som blir oppmerksomme p\u00e5 potensielle lovbrudd eller forhold som tjener allmennhetens interesser, oppfordres til \u00e5 varsle om dette. Varslere er beskyttet mot gjengjeldelse og kan velge \u00e5 v\u00e6re anonyme.<\/p><h3>Hvilke saker kan varsles?<\/h3><ul><li>Aktiviteter som bryter med lovbestemmelser<\/li><li>Forseelser der offentliggj\u00f8ring er berettiget i allmennhetens interesse<\/li><\/ul><p>Aktiviteter eller forseelser som ikke faller inn under disse kategoriene, skal h\u00e5ndteres gjennom Enwas interne prosedyrer og retningslinjer.<\/p>\t\t\t\t\t\t\t\t<\/div>\n\t\t\t\t<\/div>\n\t\t\t\t<\/div>\n\t\t<div class=\"elementor-element elementor-element-6be9b5f e-con-full e-flex e-con e-child\" data-id=\"6be9b5f\" data-element_type=\"container\" data-e-type=\"container\">\n\t\t\t\t<div class=\"elementor-element elementor-element-ae99955 elementor-widget elementor-widget-text-editor\" data-id=\"ae99955\" data-element_type=\"widget\" data-e-type=\"widget\" data-widget_type=\"text-editor.default\">\n\t\t\t\t<div class=\"elementor-widget-container\">\n\t\t\t\t\t\t\t\t\t<h3>Hvem er kvalifisert til \u00e5 rapportere?<\/h3><ul><li>Ansatte<\/li><li>Praksiskandidater\/l\u00e6rlinger<\/li><li>Konsulenter, innleide og underleverand\u00f8rer<\/li><li>Aksjon\u00e6rer som engasjerer seg aktivt i selskapet<\/li><li>Jobbs\u00f8kere<\/li><li>Medlemmer av selskapets styrende, ut\u00f8vende eller kontrollerende organer<\/li><\/ul><h3>Rapporteringsprosess<\/h3><p>Hvis du har et eller flere sp\u00f8rsm\u00e5l som kan bidra til \u00e5 forbedre oss og innfri v\u00e5r m\u00e5lsettinger, bes du f\u00f8rst kontakte lederen din, HR-avdelingen eller et medlem av ledergruppen.<\/p><p>Som en del av Skion Water Group bruker Enwa Safecall til \u00e5 h\u00e5ndtere alle varsler, som videresendes direkte til Skion.<\/p><p>For de som \u00f8nsker \u00e5 varsle anonymt, tilbyr Skion Water Group en konfidensiell varslingstjeneste som st\u00f8tter kommunikasjon p\u00e5 morsm\u00e5let ditt.<\/p><p>For \u00e5 sende inn en henvendelse, vennligst bruk lenken nedenfor.<\/p>\t\t\t\t\t\t\t\t<\/div>\n\t\t\t\t<\/div>\n\t\t\t\t<\/div>\n\t\t\t\t<\/div>\n\t\t\t\t\t<\/div>\n\t\t\t\t<\/div>\n\t\t<div class=\"elementor-element elementor-element-18773ef e-flex e-con-boxed e-con e-parent\" data-id=\"18773ef\" data-element_type=\"container\" data-e-type=\"container\">\n\t\t\t\t\t<div class=\"e-con-inner\">\n\t\t<div class=\"elementor-element elementor-element-760ec64 e-con-full e-flex e-con e-child\" data-id=\"760ec64\" data-element_type=\"container\" data-e-type=\"container\" data-settings=\"{&quot;background_background&quot;:&quot;video&quot;}\">\n\t\t<div class=\"elementor-element elementor-element-7f9bd42 e-con-full e-flex e-con e-child\" data-id=\"7f9bd42\" data-element_type=\"container\" data-e-type=\"container\" data-settings=\"{&quot;background_background&quot;:&quot;classic&quot;}\">\n\t\t\t\t<div class=\"elementor-element elementor-element-1c94e7b elementor-widget elementor-widget-image\" data-id=\"1c94e7b\" data-element_type=\"widget\" data-e-type=\"widget\" data-widget_type=\"image.default\">\n\t\t\t\t<div class=\"elementor-widget-container\">\n\t\t\t\t\t\t\t\t\t\t\t\t\t\t\t<img decoding=\"async\" src=\"https:\/\/enwa.com\/wp-content\/uploads\/2025\/11\/skarmbild-2025-10-28-163435.webp\" title=\"Sk\u00e4rmbild 2025-10-28 163435\" alt=\"Sk\u00e4rmbild 2025-10-28 163435\" loading=\"lazy\" \/>\t\t\t\t\t\t\t\t\t\t\t\t\t\t\t<\/div>\n\t\t\t\t<\/div>\n\t\t<div class=\"elementor-element elementor-element-e1b3de3 e-con-full e-flex e-con e-child\" data-id=\"e1b3de3\" data-element_type=\"container\" data-e-type=\"container\">\n\t\t\t\t<div class=\"elementor-element elementor-element-669e74e elementor-widget elementor-widget-heading\" data-id=\"669e74e\" data-element_type=\"widget\" data-e-type=\"widget\" data-widget_type=\"heading.default\">\n\t\t\t\t<div class=\"elementor-widget-container\">\n\t\t\t\t\t<h2 class=\"elementor-heading-title elementor-size-default\">Whistleblowing Enwa<\/h2>\t\t\t\t<\/div>\n\t\t\t\t<\/div>\n\t\t\t\t<div class=\"elementor-element elementor-element-21594d4 elementor-widget elementor-widget-heading\" data-id=\"21594d4\" data-element_type=\"widget\" data-e-type=\"widget\" data-widget_type=\"heading.default\">\n\t\t\t\t<div class=\"elementor-widget-container\">\n\t\t\t\t\t<h2 class=\"elementor-heading-title elementor-size-default\">SI I FRA<\/h2>\t\t\t\t<\/div>\n\t\t\t\t<\/div>\n\t\t\t\t<div class=\"elementor-element elementor-element-181100b elementor-widget elementor-widget-text-editor\" data-id=\"181100b\" data-element_type=\"widget\" data-e-type=\"widget\" data-widget_type=\"text-editor.default\">\n\t\t\t\t<div class=\"elementor-widget-container\">\n\t\t\t\t\t\t\t\t\t<p>Hvis du har alvorlige bekymringer om kritikkverdige forhold p\u00e5 arbeidsplassen, kan du rapportere det til n\u00e6rmeste leder eller HR, snakke med en overordnet leder eller kontakte Safecall.<\/p>\t\t\t\t\t\t\t\t<\/div>\n\t\t\t\t<\/div>\n\t\t\t\t<div class=\"elementor-element elementor-element-c77a1bf elementor-align-left elementor-mobile-align-justify elementor-widget-mobile__width-inherit elementor-tablet-align-center elementor-widget elementor-widget-button\" data-id=\"c77a1bf\" data-element_type=\"widget\" data-e-type=\"widget\" data-widget_type=\"button.default\">\n\t\t\t\t<div class=\"elementor-widget-container\">\n\t\t\t\t\t\t\t\t\t<div class=\"elementor-button-wrapper\">\n\t\t\t\t\t<a class=\"elementor-button elementor-button-link elementor-size-sm\" href=\"https:\/\/www.safecall.co.uk\/clients\/skionwater\/\" target=\"_blank\" rel=\"noopener\">\n\t\t\t\t\t\t<span class=\"elementor-button-content-wrapper\">\n\t\t\t\t\t\t\t\t\t<span class=\"elementor-button-text\">Lag en rapport<\/span>\n\t\t\t\t\t<\/span>\n\t\t\t\t\t<\/a>\n\t\t\t\t<\/div>\n\t\t\t\t\t\t\t\t<\/div>\n\t\t\t\t<\/div>\n\t\t\t\t<\/div>\n\t\t\t\t<\/div>\n\t\t\t\t<\/div>\n\t\t\t\t\t<\/div>\n\t\t\t\t<\/div>\n\t\t\t\t<\/div>","protected":false},"excerpt":{"rendered":"<p>I Enwa er vi opptatt av \u00e5 fremme en \u00e5pen forretningskultur og opprettholde de h\u00f8yeste standarder for etisk atferd.<\/p>","protected":false},"author":1,"featured_media":0,"parent":0,"menu_order":0,"comment_status":"closed","ping_status":"closed","template":"","meta":{"_acf_changed":false,"footnotes":""},"class_list":["post-3195","page","type-page","status-publish","hentry"],"acf":[],"_links":{"self":[{"href":"https:\/\/enwa.com\/nb\/wp-json\/wp\/v2\/pages\/3195","targetHints":{"allow":["GET"]}}],"collection":[{"href":"https:\/\/enwa.com\/nb\/wp-json\/wp\/v2\/pages"}],"about":[{"href":"https:\/\/enwa.com\/nb\/wp-json\/wp\/v2\/types\/page"}],"author":[{"embeddable":true,"href":"https:\/\/enwa.com\/nb\/wp-json\/wp\/v2\/users\/1"}],"replies":[{"embeddable":true,"href":"https:\/\/enwa.com\/nb\/wp-json\/wp\/v2\/comments?post=3195"}],"version-history":[{"count":7,"href":"https:\/\/enwa.com\/nb\/wp-json\/wp\/v2\/pages\/3195\/revisions"}],"predecessor-version":[{"id":9367,"href":"https:\/\/enwa.com\/nb\/wp-json\/wp\/v2\/pages\/3195\/revisions\/9367"}],"wp:attachment":[{"href":"https:\/\/enwa.com\/nb\/wp-json\/wp\/v2\/media?parent=3195"}],"curies":[{"name":"wp","href":"https:\/\/api.w.org\/{rel}","templated":true}]}}