{"id":3213,"date":"2025-06-26T12:54:54","date_gmt":"2025-06-26T11:54:54","guid":{"rendered":"https:\/\/enwa.com\/?page_id=3213"},"modified":"2026-01-29T10:19:01","modified_gmt":"2026-01-29T09:19:01","slug":"gdpr","status":"publish","type":"page","link":"https:\/\/enwa.com\/nb\/gdpr\/","title":{"rendered":"Retningslinjer for personvern"},"content":{"rendered":"<div data-elementor-type=\"wp-page\" data-elementor-id=\"3213\" class=\"elementor elementor-3213\" data-elementor-post-type=\"page\">\n\t\t\t\t<div class=\"elementor-element elementor-element-62087b5 e-con-full e-flex e-con e-parent\" data-id=\"62087b5\" data-element_type=\"container\" data-e-type=\"container\">\n\t\t\t\t<div class=\"elementor-element elementor-element-f96b70d elementor-widget elementor-widget-template\" data-id=\"f96b70d\" data-element_type=\"widget\" data-e-type=\"widget\" data-widget_type=\"template.default\">\n\t\t\t\t<div class=\"elementor-widget-container\">\n\t\t\t\t\t\t\t<div class=\"elementor-template\">\n\t\t\t\t\t<div data-elementor-type=\"container\" data-elementor-id=\"3155\" class=\"elementor elementor-3155\" data-elementor-post-type=\"elementor_library\">\n\t\t\t\t<div class=\"elementor-element elementor-element-19fb5812 e-con-full e-flex e-con e-parent\" data-id=\"19fb5812\" data-element_type=\"container\" data-e-type=\"container\">\n\t\t<div class=\"elementor-element elementor-element-5c000f2b e-con-full e-flex e-con e-child\" data-id=\"5c000f2b\" data-element_type=\"container\" data-e-type=\"container\" data-settings=\"{&quot;background_background&quot;:&quot;classic&quot;}\">\n\t\t\t\t<\/div>\n\t\t<div class=\"elementor-element elementor-element-33961fb3 e-flex e-con-boxed e-con e-child\" data-id=\"33961fb3\" data-element_type=\"container\" data-e-type=\"container\" data-settings=\"{&quot;background_background&quot;:&quot;classic&quot;}\">\n\t\t\t\t\t<div class=\"e-con-inner\">\n\t\t<div class=\"elementor-element elementor-element-9e14839 e-flex e-con-boxed e-con e-child\" data-id=\"9e14839\" data-element_type=\"container\" data-e-type=\"container\" data-settings=\"{&quot;background_background&quot;:&quot;classic&quot;}\">\n\t\t\t\t\t<div class=\"e-con-inner\">\n\t\t\t\t<div class=\"elementor-element elementor-element-4492be94 elementor-widget elementor-widget-heading\" data-id=\"4492be94\" data-element_type=\"widget\" data-e-type=\"widget\" data-widget_type=\"heading.default\">\n\t\t\t\t<div class=\"elementor-widget-container\">\n\t\t\t\t\t<h1 class=\"elementor-heading-title elementor-size-default\">Retningslinjer for personvern<\/h1>\t\t\t\t<\/div>\n\t\t\t\t<\/div>\n\t\t<div class=\"elementor-element elementor-element-d2de323 e-con-full e-flex e-con e-child\" data-id=\"d2de323\" data-element_type=\"container\" data-e-type=\"container\" data-settings=\"{&quot;background_background&quot;:&quot;classic&quot;}\">\n\t\t\t\t<\/div>\n\t\t\t\t<div class=\"elementor-element elementor-element-3e1b4280 elementor-widget__width-initial elementor-widget elementor-widget-text-editor\" data-id=\"3e1b4280\" data-element_type=\"widget\" data-e-type=\"widget\" data-widget_type=\"text-editor.default\">\n\t\t\t\t<div class=\"elementor-widget-container\">\n\t\t\t\t\t\t\t\t\tLes om Enwas personvernerkl\u00e6ring. Hvis du har sp\u00f8rsm\u00e5l om hvordan vi behandler personopplysningene dine, eller hvis du \u00f8nsker \u00e5 ut\u00f8ve noen av dine rettigheter som er beskrevet her, kan du kontakte oss.\t\t\t\t\t\t\t\t<\/div>\n\t\t\t\t<\/div>\n\t\t\t\t\t<\/div>\n\t\t\t\t<\/div>\n\t\t\t\t\t<\/div>\n\t\t\t\t<\/div>\n\t\t\t\t<\/div>\n\t\t\t\t<\/div>\n\t\t\t\t<\/div>\n\t\t\t\t\t\t<\/div>\n\t\t\t\t<\/div>\n\t\t\t\t<\/div>\n\t\t<div class=\"elementor-element elementor-element-533e365 e-flex e-con-boxed e-con e-parent\" data-id=\"533e365\" data-element_type=\"container\" data-e-type=\"container\">\n\t\t\t\t\t<div class=\"e-con-inner\">\n\t\t\t\t<div class=\"elementor-element elementor-element-1170ae2 elementor-widget elementor-widget-text-editor\" data-id=\"1170ae2\" data-element_type=\"widget\" data-e-type=\"widget\" data-widget_type=\"text-editor.default\">\n\t\t\t\t<div class=\"elementor-widget-container\">\n\t\t\t\t\t\t\t\t\t<ol><li><strong> HENSIKT<\/strong><br \/>Denne instruksjonen er et kortfattet sammendrag av det viktigste forh\u00e5ndsreglene i personvernforordningen (GDPR) som alle ansatte og innleid personell hos Enwa Water Technology (Enwa Water Technology AB og Enwa Technology AS) m\u00e5 ta hensyn til og forholde seg etter.<br \/><br \/><\/li><li><strong> INSTRUKSJON<\/strong><p><strong><br \/>2.1 Hovedprinsipper<\/strong><\/p><\/li><\/ol><ul><li>Innhent kun n\u00f8dvendige personopplysninger for et visst, forh\u00e5ndsbestemt form\u00e5l.<\/li><li>Personopplysningene skal ikke lagres lengre enn n\u00f8dvendig.<\/li><li>Beskytt de personopplysninger som du h\u00e5ndterer i selskapet.<p><strong><br \/>2.2 H\u00e5ndtering av personopplysninger<\/strong><\/p><\/li><\/ul><ul><li>Innhent og h\u00e5ndter kun personopplysninger dersom det er tillatt; f.eks. via en avtale, samtykke eller rettslig forpliktelse (gjelder f\u00f8rst og fremst ledere og HR).<\/li><li>Informer de personer som du samler inn opplysninger om; f.eks. kunder eller leverand\u00f8rer.<\/li><li>Avklar og bestem i forveien hva personopplysningene skal brukes til og ikke bruk opplysningene i en annen hensikt; f.eks. kan vi ikke uten videre gi opplysninger om v\u00e5re kunder p\u00e5 v\u00e5r hjemmeside uten samtykke.<\/li><li>Innhent ikke flere personopplysninger enn det som er n\u00f8dvendig. Innhent aldri personopplysninger \u00abfor at det kan v\u00e6re godt \u00e5 ha\u00bb.<\/li><li>Se til at personopplysningene er riktig og oppdatert. Hold eventuelle egne\/ avdelingens register oppdatert. Det gjelder b\u00e5de register i papirform og i din datamaskin.<\/li><li>Slett personopplysninger som det ikke lenger er behov for. Hold eventuelle egne\/ avdelingens register oppdatert. Det gjelder b\u00e5de register i papirform og i din datamaskin.<\/li><li>Beskytt opplysningene fra ikke tillatt bruk og for tilgang for uvedkommende.<\/li><li>H\u00e5ndtering av personopplysninger i e-post:<ul><li>Send aldri f\u00f8lsomme personopplysninger via e-post, f.eks. opplysninger om noens helse, religi\u00f8se overbevisning eller politiske meninger.<\/li><li>F\u00f8r over personopplysninger til andre system og slett e-post.<\/li><li>E-post med personopplysninger skal aldri lagres \u00abfor at det kan v\u00e6re godt \u00e5 ha\u00bb.<\/li><\/ul><\/li><\/ul>\t\t\t\t\t\t\t\t<\/div>\n\t\t\t\t<\/div>\n\t\t<div class=\"elementor-element elementor-element-8221cce e-con-full e-flex e-con e-child\" data-id=\"8221cce\" data-element_type=\"container\" data-e-type=\"container\" data-settings=\"{&quot;background_background&quot;:&quot;classic&quot;}\">\n\t\t\t\t<div class=\"elementor-element elementor-element-460f944 elementor-widget elementor-widget-heading\" data-id=\"460f944\" data-element_type=\"widget\" data-e-type=\"widget\" data-widget_type=\"heading.default\">\n\t\t\t\t<div class=\"elementor-widget-container\">\n\t\t\t\t\t<h3 class=\"elementor-heading-title elementor-size-default\">Hvordan kommer du i kontakt med oss?\n<\/h3>\t\t\t\t<\/div>\n\t\t\t\t<\/div>\n\t\t\t\t<div class=\"elementor-element elementor-element-ff86c87 elementor-widget elementor-widget-text-editor\" data-id=\"ff86c87\" data-element_type=\"widget\" data-e-type=\"widget\" data-widget_type=\"text-editor.default\">\n\t\t\t\t<div class=\"elementor-widget-container\">\n\t\t\t\t\t\t\t\t\t<p>Hvis du har sp\u00f8rsm\u00e5l om hvordan vi behandler personopplysningene dine, eller hvis du \u00f8nsker \u00e5 ut\u00f8ve noen av rettighetene dine som er beskrevet ovenfor, kan du kontakte oss.<\/p>\t\t\t\t\t\t\t\t<\/div>\n\t\t\t\t<\/div>\n\t\t\t\t<div class=\"elementor-element elementor-element-aba32e2 elementor-align-center elementor-mobile-align-justify elementor-widget-mobile__width-inherit elementor-widget elementor-widget-button\" data-id=\"aba32e2\" data-element_type=\"widget\" data-e-type=\"widget\" data-widget_type=\"button.default\">\n\t\t\t\t<div class=\"elementor-widget-container\">\n\t\t\t\t\t\t\t\t\t<div class=\"elementor-button-wrapper\">\n\t\t\t\t\t<a class=\"elementor-button elementor-button-link elementor-size-sm\" href=\"https:\/\/enwa.com\/nb\/contact\/\">\n\t\t\t\t\t\t<span class=\"elementor-button-content-wrapper\">\n\t\t\t\t\t\t\t\t\t<span class=\"elementor-button-text\">Kontakt oss<\/span>\n\t\t\t\t\t<\/span>\n\t\t\t\t\t<\/a>\n\t\t\t\t<\/div>\n\t\t\t\t\t\t\t\t<\/div>\n\t\t\t\t<\/div>\n\t\t\t\t<\/div>\n\t\t\t\t\t<\/div>\n\t\t\t\t<\/div>\n\t\t\t\t<\/div>","protected":false},"excerpt":{"rendered":"<p>Les om Enwas personvernerkl\u00e6ring. Hvis du har sp\u00f8rsm\u00e5l om hvordan vi behandler personopplysningene dine, eller hvis du \u00f8nsker \u00e5 ut\u00f8ve noen av dine rettigheter som er beskrevet her, kan du kontakte oss.<\/p>","protected":false},"author":1,"featured_media":0,"parent":0,"menu_order":0,"comment_status":"closed","ping_status":"closed","template":"","meta":{"_acf_changed":false,"footnotes":""},"class_list":["post-3213","page","type-page","status-publish","hentry"],"acf":[],"_links":{"self":[{"href":"https:\/\/enwa.com\/nb\/wp-json\/wp\/v2\/pages\/3213","targetHints":{"allow":["GET"]}}],"collection":[{"href":"https:\/\/enwa.com\/nb\/wp-json\/wp\/v2\/pages"}],"about":[{"href":"https:\/\/enwa.com\/nb\/wp-json\/wp\/v2\/types\/page"}],"author":[{"embeddable":true,"href":"https:\/\/enwa.com\/nb\/wp-json\/wp\/v2\/users\/1"}],"replies":[{"embeddable":true,"href":"https:\/\/enwa.com\/nb\/wp-json\/wp\/v2\/comments?post=3213"}],"version-history":[{"count":1,"href":"https:\/\/enwa.com\/nb\/wp-json\/wp\/v2\/pages\/3213\/revisions"}],"predecessor-version":[{"id":9364,"href":"https:\/\/enwa.com\/nb\/wp-json\/wp\/v2\/pages\/3213\/revisions\/9364"}],"wp:attachment":[{"href":"https:\/\/enwa.com\/nb\/wp-json\/wp\/v2\/media?parent=3213"}],"curies":[{"name":"wp","href":"https:\/\/api.w.org\/{rel}","templated":true}]}}