{"id":3215,"date":"2025-06-26T12:55:17","date_gmt":"2025-06-26T11:55:17","guid":{"rendered":"https:\/\/enwa.com\/?page_id=3215"},"modified":"2026-01-29T15:25:57","modified_gmt":"2026-01-29T14:25:57","slug":"apenhetsloven","status":"publish","type":"page","link":"https:\/\/enwa.com\/nb\/the-openness-act\/","title":{"rendered":"\u00c5penhetsloven"},"content":{"rendered":"<div data-elementor-type=\"wp-page\" data-elementor-id=\"3215\" class=\"elementor elementor-3215\" data-elementor-post-type=\"page\">\n\t\t\t\t<div class=\"elementor-element elementor-element-62087b5 e-con-full e-flex e-con e-parent\" data-id=\"62087b5\" data-element_type=\"container\" data-e-type=\"container\">\n\t\t\t\t<div class=\"elementor-element elementor-element-f96b70d elementor-widget elementor-widget-template\" data-id=\"f96b70d\" data-element_type=\"widget\" data-e-type=\"widget\" data-widget_type=\"template.default\">\n\t\t\t\t<div class=\"elementor-widget-container\">\n\t\t\t\t\t\t\t<div class=\"elementor-template\">\n\t\t\t\t\t<div data-elementor-type=\"container\" data-elementor-id=\"3155\" class=\"elementor elementor-3155\" data-elementor-post-type=\"elementor_library\">\n\t\t\t\t<div class=\"elementor-element elementor-element-19fb5812 e-con-full e-flex e-con e-parent\" data-id=\"19fb5812\" data-element_type=\"container\" data-e-type=\"container\">\n\t\t<div class=\"elementor-element elementor-element-5c000f2b e-con-full e-flex e-con e-child\" data-id=\"5c000f2b\" data-element_type=\"container\" data-e-type=\"container\" data-settings=\"{&quot;background_background&quot;:&quot;classic&quot;}\">\n\t\t\t\t<\/div>\n\t\t<div class=\"elementor-element elementor-element-33961fb3 e-flex e-con-boxed e-con e-child\" data-id=\"33961fb3\" data-element_type=\"container\" data-e-type=\"container\" data-settings=\"{&quot;background_background&quot;:&quot;classic&quot;}\">\n\t\t\t\t\t<div class=\"e-con-inner\">\n\t\t<div class=\"elementor-element elementor-element-9e14839 e-flex e-con-boxed e-con e-child\" data-id=\"9e14839\" data-element_type=\"container\" data-e-type=\"container\" data-settings=\"{&quot;background_background&quot;:&quot;classic&quot;}\">\n\t\t\t\t\t<div class=\"e-con-inner\">\n\t\t\t\t<div class=\"elementor-element elementor-element-4492be94 elementor-widget elementor-widget-heading\" data-id=\"4492be94\" data-element_type=\"widget\" data-e-type=\"widget\" data-widget_type=\"heading.default\">\n\t\t\t\t<div class=\"elementor-widget-container\">\n\t\t\t\t\t<h1 class=\"elementor-heading-title elementor-size-default\">\u00c5penhetsloven<\/h1>\t\t\t\t<\/div>\n\t\t\t\t<\/div>\n\t\t<div class=\"elementor-element elementor-element-d2de323 e-con-full e-flex e-con e-child\" data-id=\"d2de323\" data-element_type=\"container\" data-e-type=\"container\" data-settings=\"{&quot;background_background&quot;:&quot;classic&quot;}\">\n\t\t\t\t<\/div>\n\t\t\t\t<div class=\"elementor-element elementor-element-3e1b4280 elementor-widget__width-initial elementor-widget elementor-widget-text-editor\" data-id=\"3e1b4280\" data-element_type=\"widget\" data-e-type=\"widget\" data-widget_type=\"text-editor.default\">\n\t\t\t\t<div class=\"elementor-widget-container\">\n\t\t\t\t\t\t\t\t\t\u00c5penhetsloven har som m\u00e5l \u00e5 fremme selskapers innsats for \u00e5 respektere grunnleggende menneskerettigheter og sikre anstendige arbeidsforhold i egen virksomhet og i leverand\u00f8rkjeden.\t\t\t\t\t\t\t\t<\/div>\n\t\t\t\t<\/div>\n\t\t\t\t\t<\/div>\n\t\t\t\t<\/div>\n\t\t\t\t\t<\/div>\n\t\t\t\t<\/div>\n\t\t\t\t<\/div>\n\t\t\t\t<\/div>\n\t\t\t\t<\/div>\n\t\t\t\t\t\t<\/div>\n\t\t\t\t<\/div>\n\t\t\t\t<\/div>\n\t\t<div class=\"elementor-element elementor-element-dd72b05 e-flex e-con-boxed e-con e-parent\" data-id=\"dd72b05\" data-element_type=\"container\" data-e-type=\"container\">\n\t\t\t\t\t<div class=\"e-con-inner\">\n\t\t\t\t<div class=\"elementor-element elementor-element-b916cc2 elementor-widget elementor-widget-text-editor\" data-id=\"b916cc2\" data-element_type=\"widget\" data-e-type=\"widget\" data-widget_type=\"text-editor.default\">\n\t\t\t\t<div class=\"elementor-widget-container\">\n\t\t\t\t\t\t\t\t\t<p data-start=\"311\" data-end=\"609\">P\u00e5 denne siden presenterer Enwa Water Technology AS sin \u00e5rlige aktsomhetsrapport i henhold til lov om \u00e5penhet og innsyn. Rapporten gir innsikt i hvordan vi identifiserer, vurderer og h\u00e5ndterer potensielle risikoer knyttet til menneskerettigheter og arbeidsforhold i v\u00e5r forretningsvirksomhet og leverand\u00f8rkjeder.<\/p><p>For henvendelser knyttet til innsynsloven, vennligst kontakt oss p\u00e5 e-post: <a href=\"mailto:enwavannbehandling@enwa.com\">enwavannbehandling@enwa.com<\/a><\/p>\t\t\t\t\t\t\t\t<\/div>\n\t\t\t\t<\/div>\n\t\t\t\t<div class=\"elementor-element elementor-element-2b19fdc elementor-align-center elementor-mobile-align-justify elementor-widget-mobile__width-inherit elementor-widget elementor-widget-button\" data-id=\"2b19fdc\" data-element_type=\"widget\" data-e-type=\"widget\" data-widget_type=\"button.default\">\n\t\t\t\t<div class=\"elementor-widget-container\">\n\t\t\t\t\t\t\t\t\t<div class=\"elementor-button-wrapper\">\n\t\t\t\t\t<a class=\"elementor-button elementor-button-link elementor-size-sm\" href=\"https:\/\/enwa.com\/wp-content\/uploads\/2025\/09\/redegjorelse-aktsomhetsvurdering-ewt-as_20240312_sig-nert.pdf\" target=\"_blank\">\n\t\t\t\t\t\t<span class=\"elementor-button-content-wrapper\">\n\t\t\t\t\t\t\t\t\t<span class=\"elementor-button-text\">\u00c5penhetsloven 2024 PDF NO<\/span>\n\t\t\t\t\t<\/span>\n\t\t\t\t\t<\/a>\n\t\t\t\t<\/div>\n\t\t\t\t\t\t\t\t<\/div>\n\t\t\t\t<\/div>\n\t\t\t\t\t<\/div>\n\t\t\t\t<\/div>\n\t\t\t\t<\/div>","protected":false},"excerpt":{"rendered":"<p>\u00c5penhetsloven har som m\u00e5l \u00e5 fremme selskapers innsats for \u00e5 respektere grunnleggende menneskerettigheter og sikre anstendige arbeidsforhold i egen virksomhet og i leverand\u00f8rkjeden.<\/p>","protected":false},"author":1,"featured_media":0,"parent":0,"menu_order":0,"comment_status":"closed","ping_status":"closed","template":"","meta":{"_acf_changed":false,"footnotes":""},"class_list":["post-3215","page","type-page","status-publish","hentry"],"acf":[],"_links":{"self":[{"href":"https:\/\/enwa.com\/nb\/wp-json\/wp\/v2\/pages\/3215","targetHints":{"allow":["GET"]}}],"collection":[{"href":"https:\/\/enwa.com\/nb\/wp-json\/wp\/v2\/pages"}],"about":[{"href":"https:\/\/enwa.com\/nb\/wp-json\/wp\/v2\/types\/page"}],"author":[{"embeddable":true,"href":"https:\/\/enwa.com\/nb\/wp-json\/wp\/v2\/users\/1"}],"replies":[{"embeddable":true,"href":"https:\/\/enwa.com\/nb\/wp-json\/wp\/v2\/comments?post=3215"}],"version-history":[{"count":10,"href":"https:\/\/enwa.com\/nb\/wp-json\/wp\/v2\/pages\/3215\/revisions"}],"predecessor-version":[{"id":9398,"href":"https:\/\/enwa.com\/nb\/wp-json\/wp\/v2\/pages\/3215\/revisions\/9398"}],"wp:attachment":[{"href":"https:\/\/enwa.com\/nb\/wp-json\/wp\/v2\/media?parent=3215"}],"curies":[{"name":"wp","href":"https:\/\/api.w.org\/{rel}","templated":true}]}}