{"id":6235,"date":"2025-09-18T08:54:38","date_gmt":"2025-09-18T07:54:38","guid":{"rendered":"https:\/\/enwa.com\/?page_id=6235"},"modified":"2026-03-03T15:44:07","modified_gmt":"2026-03-03T14:44:07","slug":"kvalitets-og-miljopolicy","status":"publish","type":"page","link":"https:\/\/enwa.com\/nb\/quality-environmental-policy\/","title":{"rendered":"Kvalitets- og Milj\u00f8policy"},"content":{"rendered":"<div data-elementor-type=\"wp-page\" data-elementor-id=\"6235\" class=\"elementor elementor-6235\" data-elementor-post-type=\"page\">\n\t\t\t\t<div class=\"elementor-element elementor-element-62087b5 e-con-full e-flex e-con e-parent\" data-id=\"62087b5\" data-element_type=\"container\" data-e-type=\"container\">\n\t\t\t\t<div class=\"elementor-element elementor-element-f96b70d elementor-widget elementor-widget-template\" data-id=\"f96b70d\" data-element_type=\"widget\" data-e-type=\"widget\" data-widget_type=\"template.default\">\n\t\t\t\t<div class=\"elementor-widget-container\">\n\t\t\t\t\t\t\t<div class=\"elementor-template\">\n\t\t\t\t\t<div data-elementor-type=\"container\" data-elementor-id=\"3155\" class=\"elementor elementor-3155\" data-elementor-post-type=\"elementor_library\">\n\t\t\t\t<div class=\"elementor-element elementor-element-19fb5812 e-con-full e-flex e-con e-parent\" data-id=\"19fb5812\" data-element_type=\"container\" data-e-type=\"container\">\n\t\t<div class=\"elementor-element elementor-element-5c000f2b e-con-full e-flex e-con e-child\" data-id=\"5c000f2b\" data-element_type=\"container\" data-e-type=\"container\" data-settings=\"{&quot;background_background&quot;:&quot;classic&quot;}\">\n\t\t\t\t<\/div>\n\t\t<div class=\"elementor-element elementor-element-33961fb3 e-flex e-con-boxed e-con e-child\" data-id=\"33961fb3\" data-element_type=\"container\" data-e-type=\"container\" data-settings=\"{&quot;background_background&quot;:&quot;classic&quot;}\">\n\t\t\t\t\t<div class=\"e-con-inner\">\n\t\t<div class=\"elementor-element elementor-element-9e14839 e-flex e-con-boxed e-con e-child\" data-id=\"9e14839\" data-element_type=\"container\" data-e-type=\"container\" data-settings=\"{&quot;background_background&quot;:&quot;classic&quot;}\">\n\t\t\t\t\t<div class=\"e-con-inner\">\n\t\t\t\t<div class=\"elementor-element elementor-element-4492be94 elementor-widget elementor-widget-heading\" data-id=\"4492be94\" data-element_type=\"widget\" data-e-type=\"widget\" data-widget_type=\"heading.default\">\n\t\t\t\t<div class=\"elementor-widget-container\">\n\t\t\t\t\t<h1 class=\"elementor-heading-title elementor-size-default\">Kvalitets- og Milj\u00f8policy<\/h1>\t\t\t\t<\/div>\n\t\t\t\t<\/div>\n\t\t<div class=\"elementor-element elementor-element-d2de323 e-con-full e-flex e-con e-child\" data-id=\"d2de323\" data-element_type=\"container\" data-e-type=\"container\" data-settings=\"{&quot;background_background&quot;:&quot;classic&quot;}\">\n\t\t\t\t<\/div>\n\t\t\t\t<div class=\"elementor-element elementor-element-3e1b4280 elementor-widget__width-initial elementor-widget elementor-widget-text-editor\" data-id=\"3e1b4280\" data-element_type=\"widget\" data-e-type=\"widget\" data-widget_type=\"text-editor.default\">\n\t\t\t\t<div class=\"elementor-widget-container\">\n\t\t\t\t\t\t\t\t\tKvalitets- og milj\u00f8policyen v\u00e5r definerer Enwa Water Technologys forpliktelse til \u00e5 oppfylle kundenes og myndighetenes krav, samtidig som vi sikrer h\u00f8y kvalitet, et trygt arbeidsmilj\u00f8 og ansvarlig milj\u00f8ledelse. Retningslinjene beskriver v\u00e5re prinsipper for kontinuerlig forbedring, risikostyring og overholdelse av internasjonale standarder i alle v\u00e5re virksomheter.\t\t\t\t\t\t\t\t<\/div>\n\t\t\t\t<\/div>\n\t\t\t\t\t<\/div>\n\t\t\t\t<\/div>\n\t\t\t\t\t<\/div>\n\t\t\t\t<\/div>\n\t\t\t\t<\/div>\n\t\t\t\t<\/div>\n\t\t\t\t<\/div>\n\t\t\t\t\t\t<\/div>\n\t\t\t\t<\/div>\n\t\t\t\t<\/div>\n\t\t<div class=\"elementor-element elementor-element-533e365 e-flex e-con-boxed e-con e-parent\" data-id=\"533e365\" data-element_type=\"container\" data-e-type=\"container\">\n\t\t\t\t\t<div class=\"e-con-inner\">\n\t\t\t\t<div class=\"elementor-element elementor-element-1170ae2 elementor-widget elementor-widget-text-editor\" data-id=\"1170ae2\" data-element_type=\"widget\" data-e-type=\"widget\" data-widget_type=\"text-editor.default\">\n\t\t\t\t<div class=\"elementor-widget-container\">\n\t\t\t\t\t\t\t\t\t<ul><li>Enwa Water Technology er en del av SKion Water, og denne policyen bygger p\u00e5 konsernets verdier og overordnede retningslinjer.<\/li><li>Den \u00f8verste ledelsen forplikter seg til \u00e5 oppfylle alle gjeldende kunde-, lov- og myndighetskrav, samt \u00e5 beskytte milj\u00f8et s\u00e5 langt det er mulig.<\/li><li>Vi leverer trygge, kompetente og b\u00e6rekraftige l\u00f8sninger der kundetilfredshet st\u00e5r i sentrum.<\/li><li>Vi er stolte av \u00e5 tilby moderne produkter som reduserer energiforbruket og styrker tilgangen til rent vann.<\/li><li>Vi arbeider kontinuerlig med \u00e5 forbedre kvalitet og milj\u00f8prestasjon og redusere v\u00e5r milj\u00f8p\u00e5virkning gjennom forebyggende tiltak, ressurseffektive prosesser og ved \u00e5 fremme b\u00e6rekraftig utvikling.<\/li><li>Vi planlegger og styrer v\u00e5re prosesser med et livssyklusperspektiv der det er relevant.<\/li><li>Vi arbeider for \u00e5 ligge i forkant gjennom b\u00e6rekraftige og l\u00f8nnsomme l\u00f8sninger som setter standarden for teknisk design, produksjon og salg innen v\u00e5re utvalgte nisjer.<\/li><li>Ansvar for kvalitet ligger hos alle medarbeidere i hele organisasjonen, og alle gis forutsetninger for \u00e5 ivareta sitt ansvar for b\u00e5de kvalitet og milj\u00f8 gjennom informasjon, oppl\u00e6ring og n\u00f8dvendige ressurser. Dette inneb\u00e6rer ogs\u00e5 aktiv identifisering, h\u00e5ndtering og reduksjon av relevante risikoer og muligheter som kan p\u00e5virke v\u00e5r kvalitet, v\u00e5re milj\u00f8aspekter og v\u00e5re resultater.<\/li><li>Vi fastsetter, f\u00f8lger opp og reviderer m\u00e5lbare kvalitets- og milj\u00f8m\u00e5l basert p\u00e5 denne policyen.<\/li><\/ul><p><em>Denne policyen gjelder for Enwa Water Technology og gjennomg\u00e5s \u00e5rlig.<\/em><\/p>\t\t\t\t\t\t\t\t<\/div>\n\t\t\t\t<\/div>\n\t\t\t\t<div class=\"elementor-element elementor-element-16aeb4d elementor-widget elementor-widget-text-editor\" data-id=\"16aeb4d\" data-element_type=\"widget\" data-e-type=\"widget\" data-widget_type=\"text-editor.default\">\n\t\t\t\t<div class=\"elementor-widget-container\">\n\t\t\t\t\t\t\t\t\t<p><span style=\"text-decoration: underline;\"><strong>Kvalitets- og Milj\u00f8policy<\/strong><\/span><br \/>Dok.nr \/ rev. POL001247 \/ 001<br \/>Dato 2026.03.03<br \/>Godkjent av divisjonsdirekt\u00f8r Kjetil \u00d8xnevad<\/p>\t\t\t\t\t\t\t\t<\/div>\n\t\t\t\t<\/div>\n\t\t\t\t\t<\/div>\n\t\t\t\t<\/div>\n\t\t\t\t<\/div>","protected":false},"excerpt":{"rendered":"<p>Kvalitets- og milj\u00f8policyen v\u00e5r definerer Enwa Water Technologys forpliktelse til \u00e5 oppfylle kundenes og myndighetenes krav, samtidig som vi sikrer h\u00f8y kvalitet, et trygt arbeidsmilj\u00f8 og ansvarlig milj\u00f8ledelse. Retningslinjene beskriver v\u00e5re prinsipper for kontinuerlig forbedring, risikostyring og overholdelse av internasjonale standarder i alle v\u00e5re virksomheter.<\/p>","protected":false},"author":2,"featured_media":0,"parent":0,"menu_order":0,"comment_status":"closed","ping_status":"closed","template":"","meta":{"_acf_changed":false,"footnotes":""},"class_list":["post-6235","page","type-page","status-publish","hentry"],"acf":[],"_links":{"self":[{"href":"https:\/\/enwa.com\/nb\/wp-json\/wp\/v2\/pages\/6235","targetHints":{"allow":["GET"]}}],"collection":[{"href":"https:\/\/enwa.com\/nb\/wp-json\/wp\/v2\/pages"}],"about":[{"href":"https:\/\/enwa.com\/nb\/wp-json\/wp\/v2\/types\/page"}],"author":[{"embeddable":true,"href":"https:\/\/enwa.com\/nb\/wp-json\/wp\/v2\/users\/2"}],"replies":[{"embeddable":true,"href":"https:\/\/enwa.com\/nb\/wp-json\/wp\/v2\/comments?post=6235"}],"version-history":[{"count":10,"href":"https:\/\/enwa.com\/nb\/wp-json\/wp\/v2\/pages\/6235\/revisions"}],"predecessor-version":[{"id":9887,"href":"https:\/\/enwa.com\/nb\/wp-json\/wp\/v2\/pages\/6235\/revisions\/9887"}],"wp:attachment":[{"href":"https:\/\/enwa.com\/nb\/wp-json\/wp\/v2\/media?parent=6235"}],"curies":[{"name":"wp","href":"https:\/\/api.w.org\/{rel}","templated":true}]}}