{"id":3181,"date":"2025-06-26T12:34:40","date_gmt":"2025-06-26T11:34:40","guid":{"rendered":"https:\/\/enwa.com\/?page_id=3181"},"modified":"2026-04-17T08:39:56","modified_gmt":"2026-04-17T07:39:56","slug":"om-oss","status":"publish","type":"page","link":"https:\/\/enwa.com\/sv\/about-us\/","title":{"rendered":"Enwa - Om f\u00f6retaget"},"content":{"rendered":"<div data-elementor-type=\"wp-page\" data-elementor-id=\"3181\" class=\"elementor elementor-3181\" data-elementor-post-type=\"page\">\n\t\t\t\t<div class=\"elementor-element elementor-element-62087b5 e-con-full e-flex e-con e-parent\" data-id=\"62087b5\" data-element_type=\"container\" data-e-type=\"container\">\n\t\t\t\t<div class=\"elementor-element elementor-element-f96b70d elementor-widget elementor-widget-template\" data-id=\"f96b70d\" data-element_type=\"widget\" data-e-type=\"widget\" data-widget_type=\"template.default\">\n\t\t\t\t<div class=\"elementor-widget-container\">\n\t\t\t\t\t\t\t<div class=\"elementor-template\">\n\t\t\t\t\t<div data-elementor-type=\"container\" data-elementor-id=\"3155\" class=\"elementor elementor-3155\" data-elementor-post-type=\"elementor_library\">\n\t\t\t\t<div class=\"elementor-element elementor-element-19fb5812 e-con-full e-flex e-con e-parent\" data-id=\"19fb5812\" data-element_type=\"container\" data-e-type=\"container\">\n\t\t<div class=\"elementor-element elementor-element-5c000f2b e-con-full e-flex e-con e-child\" data-id=\"5c000f2b\" data-element_type=\"container\" data-e-type=\"container\" data-settings=\"{&quot;background_background&quot;:&quot;classic&quot;}\">\n\t\t\t\t<\/div>\n\t\t<div class=\"elementor-element elementor-element-33961fb3 e-flex e-con-boxed e-con e-child\" data-id=\"33961fb3\" data-element_type=\"container\" data-e-type=\"container\" data-settings=\"{&quot;background_background&quot;:&quot;classic&quot;}\">\n\t\t\t\t\t<div class=\"e-con-inner\">\n\t\t<div class=\"elementor-element elementor-element-9e14839 e-flex e-con-boxed e-con e-child\" data-id=\"9e14839\" data-element_type=\"container\" data-e-type=\"container\" data-settings=\"{&quot;background_background&quot;:&quot;classic&quot;}\">\n\t\t\t\t\t<div class=\"e-con-inner\">\n\t\t\t\t<div class=\"elementor-element elementor-element-4492be94 elementor-widget elementor-widget-heading\" data-id=\"4492be94\" data-element_type=\"widget\" data-e-type=\"widget\" data-widget_type=\"heading.default\">\n\t\t\t\t<div class=\"elementor-widget-container\">\n\t\t\t\t\t<h1 class=\"elementor-heading-title elementor-size-default\">Enwa - Om f\u00f6retaget<\/h1>\t\t\t\t<\/div>\n\t\t\t\t<\/div>\n\t\t<div class=\"elementor-element elementor-element-d2de323 e-con-full e-flex e-con e-child\" data-id=\"d2de323\" data-element_type=\"container\" data-e-type=\"container\" data-settings=\"{&quot;background_background&quot;:&quot;classic&quot;}\">\n\t\t\t\t<\/div>\n\t\t\t\t<div class=\"elementor-element elementor-element-3e1b4280 elementor-widget__width-initial elementor-widget elementor-widget-text-editor\" data-id=\"3e1b4280\" data-element_type=\"widget\" data-e-type=\"widget\" data-widget_type=\"text-editor.default\">\n\t\t\t\t<div class=\"elementor-widget-container\">\n\t\t\t\t\t\t\t\t\tEnwa \u00e4r ett ledande f\u00f6retag inom vattenbehandling med en stark n\u00e4rvaro i Skandinavien och finns \u00e4ven representerat med nischverksamheter i Storbritannien och Tyskland.\t\t\t\t\t\t\t\t<\/div>\n\t\t\t\t<\/div>\n\t\t\t\t\t<\/div>\n\t\t\t\t<\/div>\n\t\t\t\t\t<\/div>\n\t\t\t\t<\/div>\n\t\t\t\t<\/div>\n\t\t\t\t<\/div>\n\t\t\t\t<\/div>\n\t\t\t\t\t\t<\/div>\n\t\t\t\t<\/div>\n\t\t<div class=\"elementor-element elementor-element-ea76de5 e-grid e-con-boxed e-con e-child\" data-id=\"ea76de5\" data-element_type=\"container\" data-e-type=\"container\">\n\t\t\t\t\t<div class=\"e-con-inner\">\n\t\t\t\t<div class=\"elementor-element elementor-element-3971cea elementor-widget-tablet__width-inherit elementor-widget elementor-widget-text-editor\" data-id=\"3971cea\" data-element_type=\"widget\" data-e-type=\"widget\" data-widget_type=\"text-editor.default\">\n\t\t\t\t<div class=\"elementor-widget-container\">\n\t\t\t\t\t\t\t\t\t<h3 data-pm-slice=\"1 1 []\">V\u00e5r bakgrund<\/h3><p>Sedan 2024 \u00e4r Enwa en stark medlem i EnviroWater Group, ett specialistn\u00e4tverk av ledande f\u00f6retag inom vattenbehandling. Sedan starten 1996 har vi vuxit till att bli en av Skandinaviens mest betrodda experter inom vattenbehandling och industriell avloppsrening. Vi levererar innovativa, energieffektiva och milj\u00f6v\u00e4nliga l\u00f6sningar till ett brett spektrum av sektorer, b\u00e5de p\u00e5 land och till havs.<\/p><p>\u00a0<\/p>\t\t\t\t\t\t\t\t<\/div>\n\t\t\t\t<\/div>\n\t\t\t\t<div class=\"elementor-element elementor-element-91624f9 elementor-widget-tablet__width-inherit elementor-widget elementor-widget-text-editor\" data-id=\"91624f9\" data-element_type=\"widget\" data-e-type=\"widget\" data-widget_type=\"text-editor.default\">\n\t\t\t\t<div class=\"elementor-widget-container\">\n\t\t\t\t\t\t\t\t\t<h3>T\u00e4nker utanf\u00f6r boxen<\/h3><p>Vi \u00e4r stolta \u00f6ver att utmana traditionella konventioner genom att kontinuerligt utveckla kostnadseffektiva, attraktiva och h\u00e5llbara l\u00f6sningar. Vi tror p\u00e5 samarbete och inspiration mellan olika branscher, vilket driver v\u00e5r f\u00f6rm\u00e5ga att utforma skr\u00e4ddarsydda system som uppfyller varje kunds unika behov.<\/p><h3>Enwa \u00e4r din partner \u00f6ver tid<\/h3><p>P\u00e5 Enwa g\u00e5r v\u00e5rt engagemang ut\u00f6ver att leverera produkter - v\u00e5rt engagemang str\u00e4cker sig \u00f6ver hela projektets livscykel. Fr\u00e5n vattenanalys, pilottester och r\u00e5dgivning till teknik (CAD\/design), projektledning, installation, service och underh\u00e5ll - vi \u00e4r en p\u00e5litlig och l\u00e5ngsiktig partner.<\/p>\t\t\t\t\t\t\t\t<\/div>\n\t\t\t\t<\/div>\n\t\t\t\t<div class=\"elementor-element elementor-element-08e2a19 elementor-widget elementor-widget-text-editor\" data-id=\"08e2a19\" data-element_type=\"widget\" data-e-type=\"widget\" data-widget_type=\"text-editor.default\">\n\t\t\t\t<div class=\"elementor-widget-container\">\n\t\t\t\t\t\t\t\t\t<h3>Engagerad personal<\/h3><p>V\u00e5rt v\u00e4l sammansvetsade serviceteam s\u00e4kerst\u00e4ller snabb fels\u00f6kning, l\u00f6pande support och f\u00f6rebyggande underh\u00e5ll, vilket hj\u00e4lper v\u00e5ra kunder att bedriva en tillf\u00f6rlitlig och effektiv verksamhet.<\/p><p>Med ett engagerat team p\u00e5 cirka 130 medarbetare och en \u00e5rlig oms\u00e4ttning p\u00e5 cirka 40 miljoner euro \u00e4r Enwa k\u00e4nt f\u00f6r h\u00f6gkvalitativa och v\u00e4l genomf\u00f6rda projekt.<\/p><p>Oavsett om det handlar om ett enskilt system eller ett omfattande driftskontrakt \u00e4r v\u00e5rt uppdrag att tillhandah\u00e5lla smarta, h\u00e5llbara vattenl\u00f6sningar som st\u00f6der v\u00e5ra kunders framg\u00e5ngar idag och i framtiden.<\/p>\t\t\t\t\t\t\t\t<\/div>\n\t\t\t\t<\/div>\n\t\t\t\t\t<\/div>\n\t\t\t\t<\/div>\n\t\t\t\t<\/div>\n\t\t<div class=\"elementor-element elementor-element-77fe44d e-flex e-con-boxed e-con e-parent\" data-id=\"77fe44d\" data-element_type=\"container\" data-e-type=\"container\" data-settings=\"{&quot;background_background&quot;:&quot;classic&quot;}\">\n\t\t\t\t\t<div class=\"e-con-inner\">\n\t\t\t\t<div class=\"elementor-element elementor-element-773b233 elementor-align-center elementor-mobile-align-justify elementor-widget-mobile__width-inherit elementor-widget elementor-widget-button\" data-id=\"773b233\" data-element_type=\"widget\" data-e-type=\"widget\" data-widget_type=\"button.default\">\n\t\t\t\t<div class=\"elementor-widget-container\">\n\t\t\t\t\t\t\t\t\t<div class=\"elementor-button-wrapper\">\n\t\t\t\t\t<a class=\"elementor-button elementor-button-link elementor-size-sm\" href=\"https:\/\/enwa.com\/sv\/certificates\/\">\n\t\t\t\t\t\t<span class=\"elementor-button-content-wrapper\">\n\t\t\t\t\t\t\t\t\t<span class=\"elementor-button-text\">Se Enwas certifikat<\/span>\n\t\t\t\t\t<\/span>\n\t\t\t\t\t<\/a>\n\t\t\t\t<\/div>\n\t\t\t\t\t\t\t\t<\/div>\n\t\t\t\t<\/div>\n\t\t\t\t\t<\/div>\n\t\t\t\t<\/div>\n\t\t<div class=\"elementor-element elementor-element-0797e45 e-grid e-con-boxed e-con e-parent\" data-id=\"0797e45\" data-element_type=\"container\" data-e-type=\"container\" data-settings=\"{&quot;background_background&quot;:&quot;classic&quot;}\">\n\t\t\t\t\t<div class=\"e-con-inner\">\n\t\t<div class=\"elementor-element elementor-element-5929e27 e-con-full e-flex e-con e-child\" data-id=\"5929e27\" data-element_type=\"container\" data-e-type=\"container\">\n\t\t\t\t<div class=\"elementor-element elementor-element-a63a9cc elementor-widget elementor-widget-text-editor\" data-id=\"a63a9cc\" data-element_type=\"widget\" data-e-type=\"widget\" data-widget_type=\"text-editor.default\">\n\t\t\t\t<div class=\"elementor-widget-container\">\n\t\t\t\t\t\t\t\t\t<p>Vision<\/p>\t\t\t\t\t\t\t\t<\/div>\n\t\t\t\t<\/div>\n\t\t\t\t<div class=\"elementor-element elementor-element-9f80456 elementor-widget elementor-widget-text-editor\" data-id=\"9f80456\" data-element_type=\"widget\" data-e-type=\"widget\" data-widget_type=\"text-editor.default\">\n\t\t\t\t<div class=\"elementor-widget-container\">\n\t\t\t\t\t\t\t\t\t<h2>Att s\u00e4tta den globala standarden\nf\u00f6r h\u00e5llbar vattenbehandling.<\/h2>\t\t\t\t\t\t\t\t<\/div>\n\t\t\t\t<\/div>\n\t\t\t\t<div class=\"elementor-element elementor-element-70c25a5 elementor-widget elementor-widget-text-editor\" data-id=\"70c25a5\" data-element_type=\"widget\" data-e-type=\"widget\" data-widget_type=\"text-editor.default\">\n\t\t\t\t<div class=\"elementor-widget-container\">\n\t\t\t\t\t\t\t\t\t<p>Vatten \u00e4r en av v\u00e4rldens viktigaste resurser \u2013 och kommer alltid att vara avg\u00f6rande f\u00f6r m\u00e4nniskors liv, v\u00e4lf\u00e4rd och ekonomi.<\/p><p>Genom v\u00e5rt arbete med vatten ska Enwa bidra till en b\u00e4ttre v\u00e4rld genom att s\u00e4tta den globala standarden f\u00f6r smart och h\u00e5llbar vattenbehandling.<\/p>\t\t\t\t\t\t\t\t<\/div>\n\t\t\t\t<\/div>\n\t\t\t\t<\/div>\n\t\t<div class=\"elementor-element elementor-element-e8903db e-con-full e-flex e-con e-child\" data-id=\"e8903db\" data-element_type=\"container\" data-e-type=\"container\">\n\t\t\t\t<div class=\"elementor-element elementor-element-228a409 elementor-widget elementor-widget-text-editor\" data-id=\"228a409\" data-element_type=\"widget\" data-e-type=\"widget\" data-widget_type=\"text-editor.default\">\n\t\t\t\t<div class=\"elementor-widget-container\">\n\t\t\t\t\t\t\t\t\t<p>Mission<\/p>\t\t\t\t\t\t\t\t<\/div>\n\t\t\t\t<\/div>\n\t\t\t\t<div class=\"elementor-element elementor-element-0e5a44a elementor-widget elementor-widget-text-editor\" data-id=\"0e5a44a\" data-element_type=\"widget\" data-e-type=\"widget\" data-widget_type=\"text-editor.default\">\n\t\t\t\t<div class=\"elementor-widget-container\">\n\t\t\t\t\t\t\t\t\t<h2>Vi m\u00f6jligg\u00f6r ett h\u00e5llbart och resurseffektivt\nanv\u00e4ndande av vatten.<\/h2>\t\t\t\t\t\t\t\t<\/div>\n\t\t\t\t<\/div>\n\t\t\t\t<div class=\"elementor-element elementor-element-47de163 elementor-widget elementor-widget-text-editor\" data-id=\"47de163\" data-element_type=\"widget\" data-e-type=\"widget\" data-widget_type=\"text-editor.default\">\n\t\t\t\t<div class=\"elementor-widget-container\">\n\t\t\t\t\t\t\t\t\t<p>Genom helhetsl\u00f6sningar st\u00e4rker vi v\u00e5ra kunder och\nskyddar b\u00e5de m\u00e4nniskor och natur.<\/p>\t\t\t\t\t\t\t\t<\/div>\n\t\t\t\t<\/div>\n\t\t\t\t<\/div>\n\t\t\t\t\t<\/div>\n\t\t\t\t<\/div>\n\t\t<div class=\"elementor-element elementor-element-f1dfbe7 e-flex e-con-boxed e-con e-parent\" data-id=\"f1dfbe7\" data-element_type=\"container\" data-e-type=\"container\" data-settings=\"{&quot;background_background&quot;:&quot;classic&quot;}\">\n\t\t\t\t\t<div class=\"e-con-inner\">\n\t\t\t\t<div class=\"elementor-element elementor-element-d07e951 elementor-widget elementor-widget-image\" data-id=\"d07e951\" data-element_type=\"widget\" data-e-type=\"widget\" data-widget_type=\"image.default\">\n\t\t\t\t<div class=\"elementor-widget-container\">\n\t\t\t\t\t\t\t\t\t\t\t\t\t\t\t<img fetchpriority=\"high\" decoding=\"async\" width=\"800\" height=\"289\" src=\"https:\/\/enwa.com\/wp-content\/uploads\/2025\/07\/ewg-logo-member-of-m-1.svg\" class=\"attachment-full size-full wp-image-4180\" alt=\"\" \/>\t\t\t\t\t\t\t\t\t\t\t\t\t\t\t<\/div>\n\t\t\t\t<\/div>\n\t\t\t\t<div class=\"elementor-element elementor-element-d1c8a0e elementor-widget elementor-widget-text-editor\" data-id=\"d1c8a0e\" data-element_type=\"widget\" data-e-type=\"widget\" data-widget_type=\"text-editor.default\">\n\t\t\t\t<div class=\"elementor-widget-container\">\n\t\t\t\t\t\t\t\t\t<p>Enwa Water Technology \u00e4r en del av EnviroWater Group, Europas ledande n\u00e4tverk av f\u00f6retag med expertis inom h\u00e5llbar vattenrening och effektiv vattenhantering.<\/p>\t\t\t\t\t\t\t\t<\/div>\n\t\t\t\t<\/div>\n\t\t<div class=\"elementor-element elementor-element-1773b95 e-con-full e-flex e-con e-child\" data-id=\"1773b95\" data-element_type=\"container\" data-e-type=\"container\">\n\t\t\t\t<div class=\"elementor-element elementor-element-8458047 elementor-widget elementor-widget-video\" data-id=\"8458047\" data-element_type=\"widget\" data-e-type=\"widget\" data-settings=\"{&quot;youtube_url&quot;:&quot;https:\\\/\\\/youtu.be\\\/w34xzIUZRKk&quot;,&quot;yt_privacy&quot;:&quot;yes&quot;,&quot;video_type&quot;:&quot;youtube&quot;,&quot;controls&quot;:&quot;yes&quot;}\" data-widget_type=\"video.default\">\n\t\t\t\t<div class=\"elementor-widget-container\">\n\t\t\t\t\t\t\t<div class=\"elementor-wrapper elementor-open-inline\">\n\t\t\t<div class=\"elementor-video\"><\/div>\t\t<\/div>\n\t\t\t\t\t\t<\/div>\n\t\t\t\t<\/div>\n\t\t\t\t<\/div>\n\t\t\t\t<div class=\"elementor-element elementor-element-113c5a4 elementor-widget elementor-widget-text-editor\" data-id=\"113c5a4\" data-element_type=\"widget\" data-e-type=\"widget\" data-widget_type=\"text-editor.default\">\n\t\t\t\t<div class=\"elementor-widget-container\">\n\t\t\t\t\t\t\t\t\t<p>Kjetil \u00d8xnevad, VD, om Enwas intr\u00e4de i EnviroWater-koncernen.<\/p>\t\t\t\t\t\t\t\t<\/div>\n\t\t\t\t<\/div>\n\t\t\t\t\t<\/div>\n\t\t\t\t<\/div>\n\t\t<div class=\"elementor-element elementor-element-abb470e e-flex e-con-boxed e-con e-child\" data-id=\"abb470e\" data-element_type=\"container\" data-e-type=\"container\" data-settings=\"{&quot;background_background&quot;:&quot;classic&quot;}\">\n\t\t\t\t\t<div class=\"e-con-inner\">\n\t\t\t\t<div class=\"elementor-element elementor-element-b281561 elementor-widget elementor-widget-heading\" data-id=\"b281561\" data-element_type=\"widget\" data-e-type=\"widget\" data-widget_type=\"heading.default\">\n\t\t\t\t<div class=\"elementor-widget-container\">\n\t\t\t\t\t<h2 class=\"elementor-heading-title elementor-size-default\">Koncern- och kompetensstruktur<\/h2>\t\t\t\t<\/div>\n\t\t\t\t<\/div>\n\t\t\t\t<div class=\"elementor-element elementor-element-1717c21 elementor-widget elementor-widget-text-editor\" data-id=\"1717c21\" data-element_type=\"widget\" data-e-type=\"widget\" data-widget_type=\"text-editor.default\">\n\t\t\t\t<div class=\"elementor-widget-container\">\n\t\t\t\t\t\t\t\t\t<p>Expertf\u00f6retagen f\u00f6r h\u00e5llbar och effektiv anv\u00e4ndning av vatten.<\/p>\t\t\t\t\t\t\t\t<\/div>\n\t\t\t\t<\/div>\n\t\t\t\t<div class=\"elementor-element elementor-element-5b0499f elementor-widget elementor-widget-image\" data-id=\"5b0499f\" data-element_type=\"widget\" data-e-type=\"widget\" data-widget_type=\"image.default\">\n\t\t\t\t<div class=\"elementor-widget-container\">\n\t\t\t\t\t\t\t\t\t\t\t\t\t\t\t<img decoding=\"async\" src=\"https:\/\/enwa.com\/wp-content\/uploads\/2026\/02\/organization_chart_170226_optimized.webp\" title=\"organisation_diagram_170226_optimerad\" alt=\"organisation_diagram_170226_optimerad\" loading=\"lazy\" \/>\t\t\t\t\t\t\t\t\t\t\t\t\t\t\t<\/div>\n\t\t\t\t<\/div>\n\t\t\t\t\t<\/div>\n\t\t\t\t<\/div>\n\t\t\t\t<\/div>","protected":false},"excerpt":{"rendered":"<p>Enwa \u00e4r ett ledande f\u00f6retag inom vattenbehandling med en stark n\u00e4rvaro i Skandinavien och finns \u00e4ven representerat med nischverksamheter i Storbritannien och Tyskland.<\/p>","protected":false},"author":1,"featured_media":0,"parent":0,"menu_order":0,"comment_status":"closed","ping_status":"closed","template":"","meta":{"_acf_changed":false,"footnotes":""},"class_list":["post-3181","page","type-page","status-publish","hentry"],"acf":[],"_links":{"self":[{"href":"https:\/\/enwa.com\/sv\/wp-json\/wp\/v2\/pages\/3181","targetHints":{"allow":["GET"]}}],"collection":[{"href":"https:\/\/enwa.com\/sv\/wp-json\/wp\/v2\/pages"}],"about":[{"href":"https:\/\/enwa.com\/sv\/wp-json\/wp\/v2\/types\/page"}],"author":[{"embeddable":true,"href":"https:\/\/enwa.com\/sv\/wp-json\/wp\/v2\/users\/1"}],"replies":[{"embeddable":true,"href":"https:\/\/enwa.com\/sv\/wp-json\/wp\/v2\/comments?post=3181"}],"version-history":[{"count":10,"href":"https:\/\/enwa.com\/sv\/wp-json\/wp\/v2\/pages\/3181\/revisions"}],"predecessor-version":[{"id":10400,"href":"https:\/\/enwa.com\/sv\/wp-json\/wp\/v2\/pages\/3181\/revisions\/10400"}],"wp:attachment":[{"href":"https:\/\/enwa.com\/sv\/wp-json\/wp\/v2\/media?parent=3181"}],"curies":[{"name":"wp","href":"https:\/\/api.w.org\/{rel}","templated":true}]}}