{"id":3195,"date":"2025-06-26T12:49:48","date_gmt":"2025-06-26T11:49:48","guid":{"rendered":"https:\/\/enwa.com\/?page_id=3195"},"modified":"2026-01-29T10:23:11","modified_gmt":"2026-01-29T09:23:11","slug":"visselblasare","status":"publish","type":"page","link":"https:\/\/enwa.com\/sv\/whistleblower\/","title":{"rendered":"Policy f\u00f6r visselbl\u00e5sning"},"content":{"rendered":"<div data-elementor-type=\"wp-page\" data-elementor-id=\"3195\" class=\"elementor elementor-3195\" data-elementor-post-type=\"page\">\n\t\t\t\t<div class=\"elementor-element elementor-element-62087b5 e-con-full e-flex e-con e-parent\" data-id=\"62087b5\" data-element_type=\"container\" data-e-type=\"container\">\n\t\t\t\t<div class=\"elementor-element elementor-element-f96b70d elementor-widget elementor-widget-template\" data-id=\"f96b70d\" data-element_type=\"widget\" data-e-type=\"widget\" data-widget_type=\"template.default\">\n\t\t\t\t<div class=\"elementor-widget-container\">\n\t\t\t\t\t\t\t<div class=\"elementor-template\">\n\t\t\t\t\t<div data-elementor-type=\"container\" data-elementor-id=\"3838\" class=\"elementor elementor-3838\" data-elementor-post-type=\"elementor_library\">\n\t\t\t\t<div class=\"elementor-element elementor-element-568de1f8 e-con-full e-flex e-con e-parent\" data-id=\"568de1f8\" data-element_type=\"container\" data-e-type=\"container\">\n\t\t<div class=\"elementor-element elementor-element-70938ca9 e-con-full e-flex e-con e-child\" data-id=\"70938ca9\" data-element_type=\"container\" data-e-type=\"container\" data-settings=\"{&quot;background_background&quot;:&quot;classic&quot;}\">\n\t\t\t\t<\/div>\n\t\t<div class=\"elementor-element elementor-element-3c2af2fb e-flex e-con-boxed e-con e-child\" data-id=\"3c2af2fb\" data-element_type=\"container\" data-e-type=\"container\" data-settings=\"{&quot;background_background&quot;:&quot;classic&quot;}\">\n\t\t\t\t\t<div class=\"e-con-inner\">\n\t\t<div class=\"elementor-element elementor-element-54c5f433 e-flex e-con-boxed e-con e-child\" data-id=\"54c5f433\" data-element_type=\"container\" data-e-type=\"container\" data-settings=\"{&quot;background_background&quot;:&quot;classic&quot;}\">\n\t\t\t\t\t<div class=\"e-con-inner\">\n\t\t<div class=\"elementor-element elementor-element-fa9a423 e-con-full e-flex e-con e-child\" data-id=\"fa9a423\" data-element_type=\"container\" data-e-type=\"container\">\n\t\t\t\t<div class=\"elementor-element elementor-element-45f5bf7e elementor-widget elementor-widget-global elementor-global-3688 elementor-widget-shortcode\" data-id=\"45f5bf7e\" data-element_type=\"widget\" data-e-type=\"widget\" data-widget_type=\"shortcode.default\">\n\t\t\t\t<div class=\"elementor-widget-container\">\n\t\t\t\t\t\t\t<div class=\"elementor-shortcode\"><nav aria-label=\"br\u00f6dsmulor\" class=\"rank-math-breadcrumb\"><p><span class=\"last\">Hem<\/span><\/p><\/nav><\/div>\n\t\t\t\t\t\t<\/div>\n\t\t\t\t<\/div>\n\t\t\t\t<\/div>\n\t\t<div class=\"elementor-element elementor-element-ab13397 e-flex e-con-boxed e-con e-child\" data-id=\"ab13397\" data-element_type=\"container\" data-e-type=\"container\" data-settings=\"{&quot;background_background&quot;:&quot;classic&quot;}\">\n\t\t\t\t\t<div class=\"e-con-inner\">\n\t\t<div class=\"elementor-element elementor-element-f5bb872 e-con-full e-flex e-con e-child\" data-id=\"f5bb872\" data-element_type=\"container\" data-e-type=\"container\" data-settings=\"{&quot;background_background&quot;:&quot;classic&quot;}\">\n\t\t\t\t<\/div>\n\t\t\t\t<div class=\"elementor-element elementor-element-45b18d23 elementor-widget__width-initial dc-has-condition dc-condition-empty elementor-widget elementor-widget-text-editor\" data-id=\"45b18d23\" data-element_type=\"widget\" data-e-type=\"widget\" data-widget_type=\"text-editor.default\">\n\t\t\t\t<div class=\"elementor-widget-container\">\n\t\t\t\t\t\t\t\t\tP\u00e5 Enwa \u00e4r vi fast beslutna att fr\u00e4mja en transparent f\u00f6retagskultur och att uppr\u00e4tth\u00e5lla de h\u00f6gsta standarderna f\u00f6r etiskt uppf\u00f6rande.\t\t\t\t\t\t\t\t<\/div>\n\t\t\t\t<\/div>\n\t\t\t\t\t<\/div>\n\t\t\t\t<\/div>\n\t\t\t\t\t<\/div>\n\t\t\t\t<\/div>\n\t\t\t\t\t<\/div>\n\t\t\t\t<\/div>\n\t\t\t\t<\/div>\n\t\t\t\t<\/div>\n\t\t\t\t<\/div>\n\t\t\t\t\t\t<\/div>\n\t\t\t\t<\/div>\n\t\t\t\t<\/div>\n\t\t<div class=\"elementor-element elementor-element-acdedd5 e-flex e-con-boxed e-con e-parent\" data-id=\"acdedd5\" data-element_type=\"container\" data-e-type=\"container\">\n\t\t\t\t\t<div class=\"e-con-inner\">\n\t\t<div class=\"elementor-element elementor-element-13ee2f9 e-con-full e-flex e-con e-child\" data-id=\"13ee2f9\" data-element_type=\"container\" data-e-type=\"container\">\n\t\t<div class=\"elementor-element elementor-element-32c2cea e-con-full e-flex e-con e-child\" data-id=\"32c2cea\" data-element_type=\"container\" data-e-type=\"container\">\n\t\t\t\t<div class=\"elementor-element elementor-element-6e8dc74 elementor-widget elementor-widget-text-editor\" data-id=\"6e8dc74\" data-element_type=\"widget\" data-e-type=\"widget\" data-widget_type=\"text-editor.default\">\n\t\t\t\t<div class=\"elementor-widget-container\">\n\t\t\t\t\t\t\t\t\t<h3>M\u00e5l<\/h3><p>P\u00e5 Enwa \u00e4r vi fast beslutna att fr\u00e4mja en transparent f\u00f6retagskultur och att uppr\u00e4tth\u00e5lla de h\u00f6gsta standarderna f\u00f6r etiskt uppf\u00f6rande.<\/p><p>Personer som f\u00e5r k\u00e4nnedom om potentiella lag\u00f6vertr\u00e4delser eller fr\u00e5gor som r\u00f6r allm\u00e4nintresset uppmuntras att rapportera dem. Visselbl\u00e5sare skyddas fr\u00e5n repressalier och kan v\u00e4lja att vara anonyma.<\/p><h3>Vilka problem kan rapporteras?<\/h3><ul><li>Aktiviteter som bryter mot r\u00e4ttsliga best\u00e4mmelser<\/li><li>Missk\u00f6tsamhet d\u00e4r offentligg\u00f6rande \u00e4r motiverat av h\u00e4nsyn till allm\u00e4nintresset<\/li><\/ul><p>Rapporter som inte faller inom dessa kategorier ska hanteras enligt Enwas interna rutiner och policyer.<\/p>\t\t\t\t\t\t\t\t<\/div>\n\t\t\t\t<\/div>\n\t\t\t\t<\/div>\n\t\t<div class=\"elementor-element elementor-element-6be9b5f e-con-full e-flex e-con e-child\" data-id=\"6be9b5f\" data-element_type=\"container\" data-e-type=\"container\">\n\t\t\t\t<div class=\"elementor-element elementor-element-ae99955 elementor-widget elementor-widget-text-editor\" data-id=\"ae99955\" data-element_type=\"widget\" data-e-type=\"widget\" data-widget_type=\"text-editor.default\">\n\t\t\t\t<div class=\"elementor-widget-container\">\n\t\t\t\t\t\t\t\t\t<h3>Vem \u00e4r ber\u00e4ttigad att rapportera?<\/h3><ul><li>Anst\u00e4llda<\/li><li>Praktikanter<\/li><li>Konsulter och underleverant\u00f6rer<\/li><li>Aktie\u00e4gare som \u00e4r aktivt engagerade i bolaget<\/li><li>Jobbs\u00f6kande<\/li><li>Ledam\u00f6ter i bolagets styrande, verkst\u00e4llande eller \u00f6vervakande organ<\/li><\/ul><h3>Rapporteringsprocess<\/h3><p>Om du har ett problem som r\u00f6r Enwa b\u00f6r din f\u00f6rsta kontaktpunkt vara din chef, HR-avdelningen eller en medlem av ledningsgruppen.<\/p><p>Som en del av Skion Water Group anv\u00e4nder Enwa Safecall f\u00f6r att hantera alla visselbl\u00e5sarrapporter, vilka vidarebefordras direkt till Skion.<\/p><p>F\u00f6r dem som vill rapportera anonymt erbjuder Skion Water Group en konfidentiell visselbl\u00e5sartj\u00e4nst som m\u00f6jligg\u00f6r kommunikation p\u00e5 ditt modersm\u00e5l.<\/p><p>F\u00f6r att l\u00e4mna in en rapport, anv\u00e4nd l\u00e4nken nedan.<\/p>\t\t\t\t\t\t\t\t<\/div>\n\t\t\t\t<\/div>\n\t\t\t\t<\/div>\n\t\t\t\t<\/div>\n\t\t\t\t\t<\/div>\n\t\t\t\t<\/div>\n\t\t<div class=\"elementor-element elementor-element-18773ef e-flex e-con-boxed e-con e-parent\" data-id=\"18773ef\" data-element_type=\"container\" data-e-type=\"container\">\n\t\t\t\t\t<div class=\"e-con-inner\">\n\t\t<div class=\"elementor-element elementor-element-760ec64 e-con-full e-flex e-con e-child\" data-id=\"760ec64\" data-element_type=\"container\" data-e-type=\"container\" data-settings=\"{&quot;background_background&quot;:&quot;video&quot;}\">\n\t\t<div class=\"elementor-element elementor-element-7f9bd42 e-con-full e-flex e-con e-child\" data-id=\"7f9bd42\" data-element_type=\"container\" data-e-type=\"container\" data-settings=\"{&quot;background_background&quot;:&quot;classic&quot;}\">\n\t\t\t\t<div class=\"elementor-element elementor-element-1c94e7b elementor-widget elementor-widget-image\" data-id=\"1c94e7b\" data-element_type=\"widget\" data-e-type=\"widget\" data-widget_type=\"image.default\">\n\t\t\t\t<div class=\"elementor-widget-container\">\n\t\t\t\t\t\t\t\t\t\t\t\t\t\t\t<img decoding=\"async\" src=\"https:\/\/enwa.com\/wp-content\/uploads\/2025\/11\/skarmbild-2025-10-28-163435.webp\" title=\"Sk\u00e4rmbild 2025-10-28 163435\" alt=\"Sk\u00e4rmbild 2025-10-28 163435\" loading=\"lazy\" \/>\t\t\t\t\t\t\t\t\t\t\t\t\t\t\t<\/div>\n\t\t\t\t<\/div>\n\t\t<div class=\"elementor-element elementor-element-e1b3de3 e-con-full e-flex e-con e-child\" data-id=\"e1b3de3\" data-element_type=\"container\" data-e-type=\"container\">\n\t\t\t\t<div class=\"elementor-element elementor-element-669e74e elementor-widget elementor-widget-heading\" data-id=\"669e74e\" data-element_type=\"widget\" data-e-type=\"widget\" data-widget_type=\"heading.default\">\n\t\t\t\t<div class=\"elementor-widget-container\">\n\t\t\t\t\t<h2 class=\"elementor-heading-title elementor-size-default\">Visselbl\u00e5sning Enwa<\/h2>\t\t\t\t<\/div>\n\t\t\t\t<\/div>\n\t\t\t\t<div class=\"elementor-element elementor-element-21594d4 elementor-widget elementor-widget-heading\" data-id=\"21594d4\" data-element_type=\"widget\" data-e-type=\"widget\" data-widget_type=\"heading.default\">\n\t\t\t\t<div class=\"elementor-widget-container\">\n\t\t\t\t\t<h2 class=\"elementor-heading-title elementor-size-default\">TALA UT<\/h2>\t\t\t\t<\/div>\n\t\t\t\t<\/div>\n\t\t\t\t<div class=\"elementor-element elementor-element-181100b elementor-widget elementor-widget-text-editor\" data-id=\"181100b\" data-element_type=\"widget\" data-e-type=\"widget\" data-widget_type=\"text-editor.default\">\n\t\t\t\t<div class=\"elementor-widget-container\">\n\t\t\t\t\t\t\t\t\t<p>Om du har allvarliga misstankar om oegentligheter p\u00e5 arbetsplatsen ska du rapportera det till din n\u00e4rmaste chef eller HR, prata med en h\u00f6gre chef eller kontakta Safecall.<\/p>\t\t\t\t\t\t\t\t<\/div>\n\t\t\t\t<\/div>\n\t\t\t\t<div class=\"elementor-element elementor-element-c77a1bf elementor-align-left elementor-mobile-align-justify elementor-widget-mobile__width-inherit elementor-tablet-align-center elementor-widget elementor-widget-button\" data-id=\"c77a1bf\" data-element_type=\"widget\" data-e-type=\"widget\" data-widget_type=\"button.default\">\n\t\t\t\t<div class=\"elementor-widget-container\">\n\t\t\t\t\t\t\t\t\t<div class=\"elementor-button-wrapper\">\n\t\t\t\t\t<a class=\"elementor-button elementor-button-link elementor-size-sm\" href=\"https:\/\/www.safecall.co.uk\/clients\/skionwater\/\" target=\"_blank\" rel=\"noopener\">\n\t\t\t\t\t\t<span class=\"elementor-button-content-wrapper\">\n\t\t\t\t\t\t\t\t\t<span class=\"elementor-button-text\">G\u00f6r en rapport<\/span>\n\t\t\t\t\t<\/span>\n\t\t\t\t\t<\/a>\n\t\t\t\t<\/div>\n\t\t\t\t\t\t\t\t<\/div>\n\t\t\t\t<\/div>\n\t\t\t\t<\/div>\n\t\t\t\t<\/div>\n\t\t\t\t<\/div>\n\t\t\t\t\t<\/div>\n\t\t\t\t<\/div>\n\t\t\t\t<\/div>","protected":false},"excerpt":{"rendered":"<p>P\u00e5 Enwa \u00e4r vi fast beslutna att fr\u00e4mja en transparent f\u00f6retagskultur och att uppr\u00e4tth\u00e5lla de h\u00f6gsta standarderna f\u00f6r etiskt uppf\u00f6rande.<\/p>","protected":false},"author":1,"featured_media":0,"parent":0,"menu_order":0,"comment_status":"closed","ping_status":"closed","template":"","meta":{"_acf_changed":false,"footnotes":""},"class_list":["post-3195","page","type-page","status-publish","hentry"],"acf":[],"_links":{"self":[{"href":"https:\/\/enwa.com\/sv\/wp-json\/wp\/v2\/pages\/3195","targetHints":{"allow":["GET"]}}],"collection":[{"href":"https:\/\/enwa.com\/sv\/wp-json\/wp\/v2\/pages"}],"about":[{"href":"https:\/\/enwa.com\/sv\/wp-json\/wp\/v2\/types\/page"}],"author":[{"embeddable":true,"href":"https:\/\/enwa.com\/sv\/wp-json\/wp\/v2\/users\/1"}],"replies":[{"embeddable":true,"href":"https:\/\/enwa.com\/sv\/wp-json\/wp\/v2\/comments?post=3195"}],"version-history":[{"count":7,"href":"https:\/\/enwa.com\/sv\/wp-json\/wp\/v2\/pages\/3195\/revisions"}],"predecessor-version":[{"id":9367,"href":"https:\/\/enwa.com\/sv\/wp-json\/wp\/v2\/pages\/3195\/revisions\/9367"}],"wp:attachment":[{"href":"https:\/\/enwa.com\/sv\/wp-json\/wp\/v2\/media?parent=3195"}],"curies":[{"name":"wp","href":"https:\/\/api.w.org\/{rel}","templated":true}]}}