{"id":3213,"date":"2025-06-26T12:54:54","date_gmt":"2025-06-26T11:54:54","guid":{"rendered":"https:\/\/enwa.com\/?page_id=3213"},"modified":"2026-01-29T10:19:01","modified_gmt":"2026-01-29T09:19:01","slug":"gdpr","status":"publish","type":"page","link":"https:\/\/enwa.com\/sv\/gdpr\/","title":{"rendered":"Integritetspolicy"},"content":{"rendered":"<div data-elementor-type=\"wp-page\" data-elementor-id=\"3213\" class=\"elementor elementor-3213\" data-elementor-post-type=\"page\">\n\t\t\t\t<div class=\"elementor-element elementor-element-62087b5 e-con-full e-flex e-con e-parent\" data-id=\"62087b5\" data-element_type=\"container\" data-e-type=\"container\">\n\t\t\t\t<div class=\"elementor-element elementor-element-f96b70d elementor-widget elementor-widget-template\" data-id=\"f96b70d\" data-element_type=\"widget\" data-e-type=\"widget\" data-widget_type=\"template.default\">\n\t\t\t\t<div class=\"elementor-widget-container\">\n\t\t\t\t\t\t\t<div class=\"elementor-template\">\n\t\t\t\t\t<div data-elementor-type=\"container\" data-elementor-id=\"3155\" class=\"elementor elementor-3155\" data-elementor-post-type=\"elementor_library\">\n\t\t\t\t<div class=\"elementor-element elementor-element-19fb5812 e-con-full e-flex e-con e-parent\" data-id=\"19fb5812\" data-element_type=\"container\" data-e-type=\"container\">\n\t\t<div class=\"elementor-element elementor-element-5c000f2b e-con-full e-flex e-con e-child\" data-id=\"5c000f2b\" data-element_type=\"container\" data-e-type=\"container\" data-settings=\"{&quot;background_background&quot;:&quot;classic&quot;}\">\n\t\t\t\t<\/div>\n\t\t<div class=\"elementor-element elementor-element-33961fb3 e-flex e-con-boxed e-con e-child\" data-id=\"33961fb3\" data-element_type=\"container\" data-e-type=\"container\" data-settings=\"{&quot;background_background&quot;:&quot;classic&quot;}\">\n\t\t\t\t\t<div class=\"e-con-inner\">\n\t\t<div class=\"elementor-element elementor-element-9e14839 e-flex e-con-boxed e-con e-child\" data-id=\"9e14839\" data-element_type=\"container\" data-e-type=\"container\" data-settings=\"{&quot;background_background&quot;:&quot;classic&quot;}\">\n\t\t\t\t\t<div class=\"e-con-inner\">\n\t\t\t\t<div class=\"elementor-element elementor-element-4492be94 elementor-widget elementor-widget-heading\" data-id=\"4492be94\" data-element_type=\"widget\" data-e-type=\"widget\" data-widget_type=\"heading.default\">\n\t\t\t\t<div class=\"elementor-widget-container\">\n\t\t\t\t\t<h1 class=\"elementor-heading-title elementor-size-default\">Integritetspolicy<\/h1>\t\t\t\t<\/div>\n\t\t\t\t<\/div>\n\t\t<div class=\"elementor-element elementor-element-d2de323 e-con-full e-flex e-con e-child\" data-id=\"d2de323\" data-element_type=\"container\" data-e-type=\"container\" data-settings=\"{&quot;background_background&quot;:&quot;classic&quot;}\">\n\t\t\t\t<\/div>\n\t\t\t\t<div class=\"elementor-element elementor-element-3e1b4280 elementor-widget__width-initial elementor-widget elementor-widget-text-editor\" data-id=\"3e1b4280\" data-element_type=\"widget\" data-e-type=\"widget\" data-widget_type=\"text-editor.default\">\n\t\t\t\t<div class=\"elementor-widget-container\">\n\t\t\t\t\t\t\t\t\tL\u00e4s om Enwas integritetspolicy. Om du har n\u00e5gra fr\u00e5gor om hur vi behandlar dina personuppgifter eller om du vill ut\u00f6va n\u00e5gon av dina r\u00e4ttigheter som beskrivs h\u00e4r \u00e4r du v\u00e4lkommen att kontakta oss.\t\t\t\t\t\t\t\t<\/div>\n\t\t\t\t<\/div>\n\t\t\t\t\t<\/div>\n\t\t\t\t<\/div>\n\t\t\t\t\t<\/div>\n\t\t\t\t<\/div>\n\t\t\t\t<\/div>\n\t\t\t\t<\/div>\n\t\t\t\t<\/div>\n\t\t\t\t\t\t<\/div>\n\t\t\t\t<\/div>\n\t\t\t\t<\/div>\n\t\t<div class=\"elementor-element elementor-element-533e365 e-flex e-con-boxed e-con e-parent\" data-id=\"533e365\" data-element_type=\"container\" data-e-type=\"container\">\n\t\t\t\t\t<div class=\"e-con-inner\">\n\t\t\t\t<div class=\"elementor-element elementor-element-1170ae2 elementor-widget elementor-widget-text-editor\" data-id=\"1170ae2\" data-element_type=\"widget\" data-e-type=\"widget\" data-widget_type=\"text-editor.default\">\n\t\t\t\t<div class=\"elementor-widget-container\">\n\t\t\t\t\t\t\t\t\t<ol><li><strong> SYFTE<\/strong><br \/>Denna instruktion sammanfattar kortfattat de viktigaste reglerna som g\u00e4ller f\u00f6r alla anst\u00e4llda och inhyrd personal hos Enwa Water Technology (Enwa Water Technology AB och Enwa Water Technology AS).<br \/><br \/><\/li><li><strong> INSTRUKTION<\/strong><p><strong><br \/>2.1 Huvudprinciper<\/strong><\/p><\/li><\/ol><ul><li>Samla inte in fler personuppgifter \u00e4n n\u00f6dv\u00e4ndigt, och endast f\u00f6r ett specifikt, f\u00f6rutbest\u00e4mt syfte.<\/li><li>Spara inte uppgifterna l\u00e4ngre \u00e4n n\u00f6dv\u00e4ndigt.<\/li><li>Skydda de personuppgifter som du hanterar inom f\u00f6retaget.<p><strong><br \/>2.2 Hantering av personuppgifter<\/strong><\/p><\/li><\/ul><ul><li>Samla in och hantera personuppgifter endast om det \u00e4r till\u00e5tet, t.ex. genom avtal, samtycke eller r\u00e4ttslig f\u00f6rpliktelse (g\u00e4ller fr\u00e4mst chefer och HR).<\/li><li>Informera de personer vars uppgifter du samlar in, t.ex. kunder eller leverant\u00f6rer.<\/li><li>Best\u00e4m i f\u00f6rv\u00e4g vad personuppgifterna ska anv\u00e4ndas till och anv\u00e4nd inte uppgifterna f\u00f6r n\u00e5got annat syfte; t ex kan vi inte utan vidare ge uppgifter om v\u00e5ra kunder p\u00e5 v\u00e5r hemsida utan godk\u00e4nnande.<\/li><li>Samla inte in fler personuppgifter \u00e4n vad som beh\u00f6vs. Samla aldrig in personuppgifter \"d\u00e4rf\u00f6r att det kan vara bra att ha\".<\/li><li>Se till att personuppgifterna \u00e4r korrekta och uppdaterade. H\u00e5ll eventuella egna\/avdelningens register uppdaterade. Det g\u00e4ller b\u00e5de register i pappersform som i din dator.<\/li><li>Radera personuppgifter som inte l\u00e4ngre beh\u00f6vs. H\u00e5ll eventuella egna\/avdelningens register uppdaterade. Det g\u00e4ller b\u00e5de register i pappersform som i din dator.<\/li><li>Skydda uppgifterna fr\u00e5n otill\u00e5ten anv\u00e4ndning och obeh\u00f6rig \u00e5tkomst.<\/li><li>Hantering av personuppgifter i e-post:<ul><li>Skicka aldrig k\u00e4nsliga personuppgifter via e-post, t.ex. uppgifter om n\u00e5gons h\u00e4lsa, religi\u00f6sa \u00e5sk\u00e5dning eller politiska \u00e5sikter.<\/li><li>F\u00f6r \u00f6ver personuppgifter till andra system och radera mejlet.<\/li><li>Spara aldrig mejl med personuppgifter \u201df\u00f6r att det kan vara bra att ha\u201d.<\/li><\/ul><\/li><\/ul>\t\t\t\t\t\t\t\t<\/div>\n\t\t\t\t<\/div>\n\t\t<div class=\"elementor-element elementor-element-8221cce e-con-full e-flex e-con e-child\" data-id=\"8221cce\" data-element_type=\"container\" data-e-type=\"container\" data-settings=\"{&quot;background_background&quot;:&quot;classic&quot;}\">\n\t\t\t\t<div class=\"elementor-element elementor-element-460f944 elementor-widget elementor-widget-heading\" data-id=\"460f944\" data-element_type=\"widget\" data-e-type=\"widget\" data-widget_type=\"heading.default\">\n\t\t\t\t<div class=\"elementor-widget-container\">\n\t\t\t\t\t<h3 class=\"elementor-heading-title elementor-size-default\">Hur kommer du i kontakt med oss?\n<\/h3>\t\t\t\t<\/div>\n\t\t\t\t<\/div>\n\t\t\t\t<div class=\"elementor-element elementor-element-ff86c87 elementor-widget elementor-widget-text-editor\" data-id=\"ff86c87\" data-element_type=\"widget\" data-e-type=\"widget\" data-widget_type=\"text-editor.default\">\n\t\t\t\t<div class=\"elementor-widget-container\">\n\t\t\t\t\t\t\t\t\t<p>Om du har n\u00e5gra fr\u00e5gor om hur vi behandlar dina personuppgifter eller om du vill ut\u00f6va n\u00e5gon av dina r\u00e4ttigheter som beskrivs ovan, v\u00e4nligen kontakta oss.<\/p>\t\t\t\t\t\t\t\t<\/div>\n\t\t\t\t<\/div>\n\t\t\t\t<div class=\"elementor-element elementor-element-aba32e2 elementor-align-center elementor-mobile-align-justify elementor-widget-mobile__width-inherit elementor-widget elementor-widget-button\" data-id=\"aba32e2\" data-element_type=\"widget\" data-e-type=\"widget\" data-widget_type=\"button.default\">\n\t\t\t\t<div class=\"elementor-widget-container\">\n\t\t\t\t\t\t\t\t\t<div class=\"elementor-button-wrapper\">\n\t\t\t\t\t<a class=\"elementor-button elementor-button-link elementor-size-sm\" href=\"https:\/\/enwa.com\/sv\/contact\/\">\n\t\t\t\t\t\t<span class=\"elementor-button-content-wrapper\">\n\t\t\t\t\t\t\t\t\t<span class=\"elementor-button-text\">Kontakta oss<\/span>\n\t\t\t\t\t<\/span>\n\t\t\t\t\t<\/a>\n\t\t\t\t<\/div>\n\t\t\t\t\t\t\t\t<\/div>\n\t\t\t\t<\/div>\n\t\t\t\t<\/div>\n\t\t\t\t\t<\/div>\n\t\t\t\t<\/div>\n\t\t\t\t<\/div>","protected":false},"excerpt":{"rendered":"<p>L\u00e4s om Enwas integritetspolicy. Om du har n\u00e5gra fr\u00e5gor om hur vi behandlar dina personuppgifter eller om du vill ut\u00f6va n\u00e5gon av dina r\u00e4ttigheter som beskrivs h\u00e4r \u00e4r du v\u00e4lkommen att kontakta oss.<\/p>","protected":false},"author":1,"featured_media":0,"parent":0,"menu_order":0,"comment_status":"closed","ping_status":"closed","template":"","meta":{"_acf_changed":false,"footnotes":""},"class_list":["post-3213","page","type-page","status-publish","hentry"],"acf":[],"_links":{"self":[{"href":"https:\/\/enwa.com\/sv\/wp-json\/wp\/v2\/pages\/3213","targetHints":{"allow":["GET"]}}],"collection":[{"href":"https:\/\/enwa.com\/sv\/wp-json\/wp\/v2\/pages"}],"about":[{"href":"https:\/\/enwa.com\/sv\/wp-json\/wp\/v2\/types\/page"}],"author":[{"embeddable":true,"href":"https:\/\/enwa.com\/sv\/wp-json\/wp\/v2\/users\/1"}],"replies":[{"embeddable":true,"href":"https:\/\/enwa.com\/sv\/wp-json\/wp\/v2\/comments?post=3213"}],"version-history":[{"count":1,"href":"https:\/\/enwa.com\/sv\/wp-json\/wp\/v2\/pages\/3213\/revisions"}],"predecessor-version":[{"id":9364,"href":"https:\/\/enwa.com\/sv\/wp-json\/wp\/v2\/pages\/3213\/revisions\/9364"}],"wp:attachment":[{"href":"https:\/\/enwa.com\/sv\/wp-json\/wp\/v2\/media?parent=3213"}],"curies":[{"name":"wp","href":"https:\/\/api.w.org\/{rel}","templated":true}]}}