{"id":9888,"date":"2026-03-03T16:28:43","date_gmt":"2026-03-03T15:28:43","guid":{"rendered":"https:\/\/enwa.com\/?page_id=9888"},"modified":"2026-03-03T16:37:29","modified_gmt":"2026-03-03T15:37:29","slug":"arbetsmiljopolicy","status":"publish","type":"page","link":"https:\/\/enwa.com\/sv\/work-environment-policy\/","title":{"rendered":"Arbetsmilj\u00f6policy"},"content":{"rendered":"\t\t<div data-elementor-type=\"wp-page\" data-elementor-id=\"9888\" class=\"elementor elementor-9888\" data-elementor-post-type=\"page\">\n\t\t\t\t<div class=\"elementor-element elementor-element-62087b5 e-con-full e-flex e-con e-parent\" data-id=\"62087b5\" data-element_type=\"container\" data-e-type=\"container\">\n\t\t\t\t<div class=\"elementor-element elementor-element-f96b70d elementor-widget elementor-widget-template\" data-id=\"f96b70d\" data-element_type=\"widget\" data-e-type=\"widget\" data-widget_type=\"template.default\">\n\t\t\t\t<div class=\"elementor-widget-container\">\n\t\t\t\t\t\t\t<div class=\"elementor-template\">\n\t\t\t\t\t<div data-elementor-type=\"container\" data-elementor-id=\"3155\" class=\"elementor elementor-3155\" data-elementor-post-type=\"elementor_library\">\n\t\t\t\t<div class=\"elementor-element elementor-element-19fb5812 e-con-full e-flex e-con e-parent\" data-id=\"19fb5812\" data-element_type=\"container\" data-e-type=\"container\">\n\t\t<div class=\"elementor-element elementor-element-5c000f2b e-con-full e-flex e-con e-child\" data-id=\"5c000f2b\" data-element_type=\"container\" data-e-type=\"container\" data-settings=\"{&quot;background_background&quot;:&quot;classic&quot;}\">\n\t\t\t\t<\/div>\n\t\t<div class=\"elementor-element elementor-element-33961fb3 e-flex e-con-boxed e-con e-child\" data-id=\"33961fb3\" data-element_type=\"container\" data-e-type=\"container\" data-settings=\"{&quot;background_background&quot;:&quot;classic&quot;}\">\n\t\t\t\t\t<div class=\"e-con-inner\">\n\t\t<div class=\"elementor-element elementor-element-9e14839 e-flex e-con-boxed e-con e-child\" data-id=\"9e14839\" data-element_type=\"container\" data-e-type=\"container\" data-settings=\"{&quot;background_background&quot;:&quot;classic&quot;}\">\n\t\t\t\t\t<div class=\"e-con-inner\">\n\t\t\t\t<div class=\"elementor-element elementor-element-4492be94 elementor-widget elementor-widget-heading\" data-id=\"4492be94\" data-element_type=\"widget\" data-e-type=\"widget\" data-widget_type=\"heading.default\">\n\t\t\t\t<div class=\"elementor-widget-container\">\n\t\t\t\t\t<h1 class=\"elementor-heading-title elementor-size-default\">Work Environment Policy<\/h1>\t\t\t\t<\/div>\n\t\t\t\t<\/div>\n\t\t<div class=\"elementor-element elementor-element-d2de323 e-con-full e-flex e-con e-child\" data-id=\"d2de323\" data-element_type=\"container\" data-e-type=\"container\" data-settings=\"{&quot;background_background&quot;:&quot;classic&quot;}\">\n\t\t\t\t<\/div>\n\t\t\t\t<div class=\"elementor-element elementor-element-3e1b4280 elementor-widget__width-initial elementor-widget elementor-widget-text-editor\" data-id=\"3e1b4280\" data-element_type=\"widget\" data-e-type=\"widget\" data-widget_type=\"text-editor.default\">\n\t\t\t\t<div class=\"elementor-widget-container\">\n\t\t\t\t\t\t\t\t\tAt Enwa, we are committed to creating a safe and supportive work environment that empowers our people and strengthens our long\u2011term performance.\t\t\t\t\t\t\t\t<\/div>\n\t\t\t\t<\/div>\n\t\t\t\t\t<\/div>\n\t\t\t\t<\/div>\n\t\t\t\t\t<\/div>\n\t\t\t\t<\/div>\n\t\t\t\t<\/div>\n\t\t\t\t<\/div>\n\t\t\t\t<\/div>\n\t\t\t\t\t\t<\/div>\n\t\t\t\t<\/div>\n\t\t<div class=\"elementor-element elementor-element-aaca6ab e-grid e-con-boxed e-con e-child\" data-id=\"aaca6ab\" data-element_type=\"container\" data-e-type=\"container\" data-settings=\"{&quot;background_background&quot;:&quot;classic&quot;}\">\n\t\t\t\t\t<div class=\"e-con-inner\">\n\t\t\t\t<div class=\"elementor-element elementor-element-bdb3cba elementor-widget elementor-widget-text-editor\" data-id=\"bdb3cba\" data-element_type=\"widget\" data-e-type=\"widget\" data-widget_type=\"text-editor.default\">\n\t\t\t\t<div class=\"elementor-widget-container\">\n\t\t\t\t\t\t\t\t\t<h2>Overall Objective\u00a0<\/h2><p>A good and safe work environment is a key strategic issue for\u00a0Enwa\u00a0Water Technology\u00a0[Enwa]. Work\u00a0environmental\u00a0efforts must be an integrated and natural part of the company\u2019s overall operations, meaning that work environment matters should be addressed alongside everyday issues. A fundamental principle is to prevent ill health and injuries caused by work. Achieving efficiency and quality in our work environment efforts is a profitable investment for the future, where high work motivation and low absenteeism are the direct benefits. We have zero tolerance for offensive treatment, bullying, harassment, and hazing.\u00a0<\/p><p>The minimum requirement is to comply with applicable work environment legislation, but we should constantly strive for a higher standard. Work environmental efforts cover all activities, including equipment and premises as well as the way work is led and organized. This means that we actively work to minimize risks of occupational injuries, accidents, and incidents, and we engage in activities that promote employees\u2019 health, job satisfaction, and efficiency.<\/p><p>Work environmental efforts are a continuous process of ongoing improvements and should result in an annual review according to the following points:\u00a0<\/p><ul type=\"disc\"><li><strong>Work Environment Policy<\/strong> <br \/>(How do we view the work environment?)\u00a0<\/li><\/ul><ul type=\"disc\"><li><strong>Work Environment Goals<\/strong> <br \/>(What should be improved?)\u00a0<\/li><\/ul><ul type=\"disc\"><li><strong>Action Plan<\/strong> <br \/>(How should we proceed?)\u00a0<\/li><\/ul><ul type=\"disc\"><li><strong>Work Environment Organization<\/strong> <br \/>(Who does what?)\u00a0<\/li><\/ul><ul type=\"disc\"><li><strong>Audit<\/strong> <br \/>(Follow-up and review of the work?)<\/li><\/ul><h2>Responsibility\u00a0<\/h2><p>As an employer, we have the primary responsibility for the work environment and are obliged to take all necessary measures to create\u00a0a good work\u00a0environment and prevent risks of ill health and accidents.\u00a0<\/p><p>The CEO has\u00a0overall\u00a0responsibility and must ensure that work\u00a0environmental\u00a0efforts are carried out effectively by delegating responsibility and authority throughout the organization.\u00a0<\/p><p>All managers\u00a0are responsible for\u00a0identifying\u00a0any potentially hazardous work tasks.\u00a0<\/p><p>All employees have a responsibility to\u00a0participate\u00a0in work environment efforts, such as following safety regulations and pointing out risks or deficiencies in the work environment.\u00a0<\/p>\t\t\t\t\t\t\t\t<\/div>\n\t\t\t\t<\/div>\n\t\t\t\t<div class=\"elementor-element elementor-element-5e2eba0 elementor-widget elementor-widget-text-editor\" data-id=\"5e2eba0\" data-element_type=\"widget\" data-e-type=\"widget\" data-widget_type=\"text-editor.default\">\n\t\t\t\t<div class=\"elementor-widget-container\">\n\t\t\t\t\t\t\t\t\t<h2>Guidelines\u00a0<\/h2><p>To achieve our overall\u00a0objectives, the following applies:\u00a0<\/p><ul type=\"disc\"><li>The shared work environment and future are everyone\u2019s concern \u2013 we share responsibility for how these issues are handled. Employee involvement is therefore a prerequisite for effective work environment efforts, even though managers have leadership responsibility.\u00a0<\/li><li>All new employees and those changing jobs\/workplaces must receive\u00a0appropriate introduction.\u00a0<\/li><li>Quick and early measures must be taken in case of deficiencies\/problems, for example in connection with rehabilitation needs and crisis situations.\u00a0<\/li><li>Gender equality issues must be highlighted and raised awareness.\u00a0<\/li><li>No employee should be subjected to offensive treatment such as bullying, psychological violence, or harassment.\u00a0<\/li><li>Work environment considerations must be\u00a0taken into account\u00a0when\u00a0purchasing\u00a0office supplies and other equipment.\u00a0<\/li><li>Employees should be able to combine work life with family life and leisure.\u00a0<\/li><li>Employees should have the opportunity to\u00a0participate\u00a0in the design of their work situation and in change and development work related to their job.\u00a0<\/li><li>Employees should have the opportunity for variety in work, social contact, and collaboration with other colleagues.\u00a0<\/li><li>Expert knowledge should be consulted when needed.\u00a0<br \/><br \/><\/li><\/ul><h2>Reporting Procedures\u00a0<\/h2><p>Incidents and work environment problems must be reported\u00a0immediately\u00a0to a manager or HR and in our deviation system.\u00a0<\/p><p>Sensitive work environment matters are handled confidentially together with the immediate manager or HR.\u00a0<\/p><p>All reports are investigated promptly and confidentially.\u00a0<br \/><br \/><\/p><h2>Implementation of the Work Environment Policy\u00a0<\/h2><p>Enwa\u00a0will incorporate the work environment plan into annual guidelines (annual cycle) to ensure budget allocations and implementation. Follow-up and evaluation are carried out by the chairperson of the safety committee reporting to the CEO. The CEO then informs the management team of decisions made.\u00a0<\/p><p>Our work environment policy must be reviewed annually and revised as needed.\u00a0<\/p><p>The work environment policy must be documented and made available to all employees.\u00a0<\/p>\t\t\t\t\t\t\t\t<\/div>\n\t\t\t\t<\/div>\n\t\t\t\t\t<\/div>\n\t\t\t\t<\/div>\n\t\t\t\t<\/div>\n\t\t<div class=\"elementor-element elementor-element-533e365 e-flex e-con-boxed e-con e-parent\" data-id=\"533e365\" data-element_type=\"container\" data-e-type=\"container\">\n\t\t\t\t\t<div class=\"e-con-inner\">\n\t\t\t\t<div class=\"elementor-element elementor-element-16aeb4d elementor-widget elementor-widget-text-editor\" data-id=\"16aeb4d\" data-element_type=\"widget\" data-e-type=\"widget\" data-widget_type=\"text-editor.default\">\n\t\t\t\t<div class=\"elementor-widget-container\">\n\t\t\t\t\t\t\t\t\t<p><span style=\"text-decoration: underline;\"><strong>Work Environment Policy<\/strong><\/span><br \/>Doc.no \/ rev. POL001546 \/ 000<br \/>Date 2026.01.08<br \/>Approved by Divisional Director Kjetil \u00d8xnevad<\/p>\t\t\t\t\t\t\t\t<\/div>\n\t\t\t\t<\/div>\n\t\t\t\t\t<\/div>\n\t\t\t\t<\/div>\n\t\t\t\t<\/div>\n\t\t","protected":false},"excerpt":{"rendered":"<p>P\u00e5 Enwa \u00e4r vi fast beslutna att skapa en s\u00e4ker och st\u00f6djande arbetsmilj\u00f6 som ger v\u00e5ra medarbetare m\u00f6jlighet att utvecklas och som st\u00e4rker v\u00e5r l\u00e5ngsiktiga utveckling.<\/p>","protected":false},"author":2,"featured_media":0,"parent":0,"menu_order":0,"comment_status":"closed","ping_status":"closed","template":"","meta":{"_acf_changed":false,"footnotes":""},"class_list":["post-9888","page","type-page","status-publish","hentry"],"acf":[],"_links":{"self":[{"href":"https:\/\/enwa.com\/sv\/wp-json\/wp\/v2\/pages\/9888","targetHints":{"allow":["GET"]}}],"collection":[{"href":"https:\/\/enwa.com\/sv\/wp-json\/wp\/v2\/pages"}],"about":[{"href":"https:\/\/enwa.com\/sv\/wp-json\/wp\/v2\/types\/page"}],"author":[{"embeddable":true,"href":"https:\/\/enwa.com\/sv\/wp-json\/wp\/v2\/users\/2"}],"replies":[{"embeddable":true,"href":"https:\/\/enwa.com\/sv\/wp-json\/wp\/v2\/comments?post=9888"}],"version-history":[{"count":10,"href":"https:\/\/enwa.com\/sv\/wp-json\/wp\/v2\/pages\/9888\/revisions"}],"predecessor-version":[{"id":9911,"href":"https:\/\/enwa.com\/sv\/wp-json\/wp\/v2\/pages\/9888\/revisions\/9911"}],"wp:attachment":[{"href":"https:\/\/enwa.com\/sv\/wp-json\/wp\/v2\/media?parent=9888"}],"curies":[{"name":"wp","href":"https:\/\/api.w.org\/{rel}","templated":true}]}}