{"id":9971,"date":"2026-03-05T16:24:28","date_gmt":"2026-03-05T15:24:28","guid":{"rendered":"https:\/\/enwa.com\/?page_id=9971"},"modified":"2026-04-14T08:52:09","modified_gmt":"2026-04-14T07:52:09","slug":"eco-lighthouse","status":"publish","type":"page","link":"https:\/\/enwa.com\/sv\/eco-lighthouse\/","title":{"rendered":"Milj\u00f8fyrt\u00e5rn"},"content":{"rendered":"<div data-elementor-type=\"wp-page\" data-elementor-id=\"9971\" class=\"elementor elementor-9971\" data-elementor-post-type=\"page\">\n\t\t\t\t<div class=\"elementor-element elementor-element-62087b5 e-con-full e-flex e-con e-parent\" data-id=\"62087b5\" data-element_type=\"container\" data-e-type=\"container\">\n\t\t\t\t<div class=\"elementor-element elementor-element-f96b70d elementor-widget elementor-widget-template\" data-id=\"f96b70d\" data-element_type=\"widget\" data-e-type=\"widget\" data-widget_type=\"template.default\">\n\t\t\t\t<div class=\"elementor-widget-container\">\n\t\t\t\t\t\t\t<div class=\"elementor-template\">\n\t\t\t\t\t<div data-elementor-type=\"container\" data-elementor-id=\"3155\" class=\"elementor elementor-3155\" data-elementor-post-type=\"elementor_library\">\n\t\t\t\t<div class=\"elementor-element elementor-element-19fb5812 e-con-full e-flex e-con e-parent\" data-id=\"19fb5812\" data-element_type=\"container\" data-e-type=\"container\">\n\t\t<div class=\"elementor-element elementor-element-5c000f2b e-con-full e-flex e-con e-child\" data-id=\"5c000f2b\" data-element_type=\"container\" data-e-type=\"container\" data-settings=\"{&quot;background_background&quot;:&quot;classic&quot;}\">\n\t\t\t\t<\/div>\n\t\t<div class=\"elementor-element elementor-element-33961fb3 e-flex e-con-boxed e-con e-child\" data-id=\"33961fb3\" data-element_type=\"container\" data-e-type=\"container\" data-settings=\"{&quot;background_background&quot;:&quot;classic&quot;}\">\n\t\t\t\t\t<div class=\"e-con-inner\">\n\t\t<div class=\"elementor-element elementor-element-9e14839 e-flex e-con-boxed e-con e-child\" data-id=\"9e14839\" data-element_type=\"container\" data-e-type=\"container\" data-settings=\"{&quot;background_background&quot;:&quot;classic&quot;}\">\n\t\t\t\t\t<div class=\"e-con-inner\">\n\t\t\t\t<div class=\"elementor-element elementor-element-4492be94 elementor-widget elementor-widget-heading\" data-id=\"4492be94\" data-element_type=\"widget\" data-e-type=\"widget\" data-widget_type=\"heading.default\">\n\t\t\t\t<div class=\"elementor-widget-container\">\n\t\t\t\t\t<h1 class=\"elementor-heading-title elementor-size-default\">Milj\u00f8fyrt\u00e5rn<\/h1>\t\t\t\t<\/div>\n\t\t\t\t<\/div>\n\t\t<div class=\"elementor-element elementor-element-d2de323 e-con-full e-flex e-con e-child\" data-id=\"d2de323\" data-element_type=\"container\" data-e-type=\"container\" data-settings=\"{&quot;background_background&quot;:&quot;classic&quot;}\">\n\t\t\t\t<\/div>\n\t\t\t\t<div class=\"elementor-element elementor-element-3e1b4280 elementor-widget__width-initial elementor-widget elementor-widget-text-editor\" data-id=\"3e1b4280\" data-element_type=\"widget\" data-e-type=\"widget\" data-widget_type=\"text-editor.default\">\n\t\t\t\t<div class=\"elementor-widget-container\">\n\t\t\t\t\t\t\t\t\tP\u00e5 Enwa Water Technology AS har vi \u00e5tagit oss att driva meningsfulla milj\u00f6framsteg i allt vi g\u00f6r.\t\t\t\t\t\t\t\t<\/div>\n\t\t\t\t<\/div>\n\t\t\t\t\t<\/div>\n\t\t\t\t<\/div>\n\t\t\t\t\t<\/div>\n\t\t\t\t<\/div>\n\t\t\t\t<\/div>\n\t\t\t\t<\/div>\n\t\t\t\t<\/div>\n\t\t\t\t\t\t<\/div>\n\t\t\t\t<\/div>\n\t\t\t\t<div class=\"elementor-element elementor-element-445e43e elementor-widget elementor-widget-image\" data-id=\"445e43e\" data-element_type=\"widget\" data-e-type=\"widget\" data-widget_type=\"image.default\">\n\t\t\t\t<div class=\"elementor-widget-container\">\n\t\t\t\t\t<style>.elementor-element-445e43e{display:none !important}<\/style>\t\t\t\t<\/div>\n\t\t\t\t<\/div>\n\t\t\t\t<div class=\"elementor-element elementor-element-674d246 elementor-widget elementor-widget-image\" data-id=\"674d246\" data-element_type=\"widget\" data-e-type=\"widget\" data-widget_type=\"image.default\">\n\t\t\t\t<div class=\"elementor-widget-container\">\n\t\t\t\t\t\t\t\t\t\t\t\t\t\t\t<img decoding=\"async\" src=\"https:\/\/enwa.com\/wp-content\/uploads\/2026\/03\/miljofyrtarn-sertifisert-virksomhet-horisontal-rgb.webp\" title=\"miljofyrtarn-sertifisert-virksomhet-horisontal-RGB\" alt=\"miljofyrtarn-sertifisert-virksomhet-horisontal-RGB\" loading=\"lazy\" \/>\t\t\t\t\t\t\t\t\t\t\t\t\t\t\t<\/div>\n\t\t\t\t<\/div>\n\t\t\t\t<\/div>\n\t\t<div class=\"elementor-element elementor-element-533e365 e-flex e-con-boxed e-con e-parent\" data-id=\"533e365\" data-element_type=\"container\" data-e-type=\"container\">\n\t\t\t\t\t<div class=\"e-con-inner\">\n\t\t\t\t<div class=\"elementor-element elementor-element-1170ae2 elementor-widget elementor-widget-text-editor\" data-id=\"1170ae2\" data-element_type=\"widget\" data-e-type=\"widget\" data-widget_type=\"text-editor.default\">\n\t\t\t\t<div class=\"elementor-widget-container\">\n\t\t\t\t\t\t\t\t\t<h2>Milj\u00f6arbete<\/h2>\n<p>Enwa Water Technology AS arbetar kontinuerligt med att minska milj\u00f6- och klimatp\u00e5verkan fr\u00e5n b\u00e5de v\u00e5r egen och v\u00e5ra kunders verksamhet. Genom v\u00e5ra vatten- och energil\u00f6sningar bidrar vi till en mer h\u00e5llbar resurshantering, f\u00f6rb\u00e4ttrad energieffektivitet och b\u00e4ttre vattenkvalitet inom industri, fastigheter och marina milj\u00f6er.<\/p>\n<p>Vi \u00e4r <strong>Milj\u00f8fyrt\u00e5rn-certifierat<\/strong>, vilket inneb\u00e4r att vi arbetar systematiskt och m\u00e5lmedvetet f\u00f6r att minska v\u00e5r milj\u00f6p\u00e5verkan och kontinuerligt f\u00f6rb\u00e4ttra v\u00e5rt milj\u00f6arbete.<\/p>\n<p>Vi st\u00e4ller ocks\u00e5 milj\u00f6krav p\u00e5 v\u00e5ra leverant\u00f6rer och samarbetspartners och vi str\u00e4var efter att anv\u00e4nda material och komponenter fr\u00e5n ansvarsfulla och certifierade leverant\u00f6rer.<\/p>\n<p>Om du har f\u00f6rslag p\u00e5 hur vi kan f\u00f6rb\u00e4ttra v\u00e5rt milj\u00f6arbete \u00e4r du v\u00e4lkommen att kontakta oss.<\/p>\t\t\t\t\t\t\t\t<\/div>\n\t\t\t\t<\/div>\n\t\t\t\t<div class=\"elementor-element elementor-element-7089b99 elementor-align-center elementor-mobile-align-justify elementor-widget-mobile__width-inherit elementor-widget elementor-widget-button\" data-id=\"7089b99\" data-element_type=\"widget\" data-e-type=\"widget\" data-widget_type=\"button.default\">\n\t\t\t\t<div class=\"elementor-widget-container\">\n\t\t\t\t\t\t\t\t\t<div class=\"elementor-button-wrapper\">\n\t\t\t\t\t<a class=\"elementor-button elementor-button-link elementor-size-sm\" href=\"https:\/\/enwa.com\/wp-content\/uploads\/2026\/01\/sertifikat28012026-enwa-water-technology-as.pdf\" target=\"_blank\">\n\t\t\t\t\t\t<span class=\"elementor-button-content-wrapper\">\n\t\t\t\t\t\t\t\t\t<span class=\"elementor-button-text\">Se certifikat (NO)<\/span>\n\t\t\t\t\t<\/span>\n\t\t\t\t\t<\/a>\n\t\t\t\t<\/div>\n\t\t\t\t\t\t\t\t<\/div>\n\t\t\t\t<\/div>\n\t\t\t\t\t<\/div>\n\t\t\t\t<\/div>\n\t\t\t\t<\/div>","protected":false},"excerpt":{"rendered":"<p>P\u00e5 Enwa Water Technology AS har vi \u00e5tagit oss att driva meningsfulla milj\u00f6framsteg i allt vi g\u00f6r.<\/p>","protected":false},"author":2,"featured_media":0,"parent":0,"menu_order":0,"comment_status":"closed","ping_status":"closed","template":"","meta":{"_acf_changed":false,"footnotes":""},"class_list":["post-9971","page","type-page","status-publish","hentry"],"acf":[],"_links":{"self":[{"href":"https:\/\/enwa.com\/sv\/wp-json\/wp\/v2\/pages\/9971","targetHints":{"allow":["GET"]}}],"collection":[{"href":"https:\/\/enwa.com\/sv\/wp-json\/wp\/v2\/pages"}],"about":[{"href":"https:\/\/enwa.com\/sv\/wp-json\/wp\/v2\/types\/page"}],"author":[{"embeddable":true,"href":"https:\/\/enwa.com\/sv\/wp-json\/wp\/v2\/users\/2"}],"replies":[{"embeddable":true,"href":"https:\/\/enwa.com\/sv\/wp-json\/wp\/v2\/comments?post=9971"}],"version-history":[{"count":10,"href":"https:\/\/enwa.com\/sv\/wp-json\/wp\/v2\/pages\/9971\/revisions"}],"predecessor-version":[{"id":10328,"href":"https:\/\/enwa.com\/sv\/wp-json\/wp\/v2\/pages\/9971\/revisions\/10328"}],"wp:attachment":[{"href":"https:\/\/enwa.com\/sv\/wp-json\/wp\/v2\/media?parent=9971"}],"curies":[{"name":"wp","href":"https:\/\/api.w.org\/{rel}","templated":true}]}}